{"id":10096,"date":"2023-07-04T21:20:31","date_gmt":"2023-07-04T21:20:31","guid":{"rendered":"http:\/\/komeklatam.com\/?post_type=product&#038;p=10096"},"modified":"2023-07-04T21:22:22","modified_gmt":"2023-07-04T21:22:22","slug":"adaptador-plastico-portavisor-para-casco-steelpro-safety","status":"publish","type":"product","link":"https:\/\/komeklatam.com\/index.php\/producto\/adaptador-plastico-portavisor-para-casco-steelpro-safety\/","title":{"rendered":"Adaptador pl\u00e1stico portavisor para casco Steelpro Safety"},"content":{"rendered":"<h2>Descripci\u00f3n<\/h2>\n<p><span style=\"vertical-align: inherit;\"><span style=\"vertical-align: inherit;\">CARACTERISTICAS TECNICAS<\/span><\/span><\/p>\n<ul>\n<li>Adaptador universal en termopl\u00e1stico para visera de casco.<\/li>\n<li><span style=\"vertical-align: inherit;\"><span style=\"vertical-align: inherit;\">Volquete universal adaptable a visera de malla o policarbonato.<\/span><\/span><\/li>\n<li>Resorte recubierto en PVC para ajuste posterior del casco.<\/li>\n<li>5 puntos de sujeci\u00f3n para visor en la parte superior por medio de PIN.<\/li>\n<li>Peso casquete: 107 gramos.<\/li>\n<\/ul>\n<p>INSTRUCCIONES DE USO\u00a0 Y MANTENIMIENTO<\/p>\n<ul>\n<li>Se debe inspeccionar diariamente para verificaci\u00f3n de condiciones \u00f3ptimas de uso y protecci\u00f3n. No debe tener abolladuras, decoloraci\u00f3n, deformaciones, rupturas, perforaciones o cualquier otra condici\u00f3n que pueda afectar su resistencia a impactos y ajuste.<\/li>\n<li>Aseg\u00farese de graduar y ajustar correctamente el adaptador y resorte del casco, igualmente el visor al basculante, de forma que no se caiga al realizar movimientos.<\/li>\n<li>No le haga modificaciones al producto.<\/li>\n<li>Limpie con jab\u00f3n neutro y chorro de agua fr\u00eda sobre el mismo.<\/li>\n<li>No aplique solventes o qu\u00edmicos de limpieza porque altera las funciones de protecci\u00f3n del casco.<\/li>\n<\/ul>\n","protected":false},"excerpt":{"rendered":"<p>El adaptador pl\u00e1stico porta visor para casco STEELPRO est\u00e1 dise\u00f1ado con un sistema de adaptaci\u00f3n universal a casco ajustable en la visera del mismo, el adaptador es un accesorio necesario para brindar en conjunto con el visor de policarbonato y el casco una protecci\u00f3n total al rostro del usuario, frente a riesgos de proyecci\u00f3n de part\u00edculas s\u00f3lidas, l\u00edquidas durante el desarrollo de sus actividades.<\/p>\n","protected":false},"featured_media":10099,"comment_status":"open","ping_status":"closed","template":"","meta":{"_joinchat":[]},"product_brand":[],"product_cat":[90,28],"product_tag":[],"class_list":{"0":"post-10096","1":"product","2":"type-product","3":"status-publish","4":"has-post-thumbnail","6":"product_cat-proteccion-visual","7":"product_cat-seguridadindustrial","9":"first","10":"instock","11":"shipping-taxable","12":"product-type-simple"},"ams_default_variation_id":0,"ams_product_points_reward":[],"ams_product_discount_percentage":0,"ams_price_to_display":0,"ams_acf":[],"jetpack_sharing_enabled":true,"_links":{"self":[{"href":"https:\/\/komeklatam.com\/index.php\/wp-json\/wp\/v2\/product\/10096","targetHints":{"allow":["GET"]}}],"collection":[{"href":"https:\/\/komeklatam.com\/index.php\/wp-json\/wp\/v2\/product"}],"about":[{"href":"https:\/\/komeklatam.com\/index.php\/wp-json\/wp\/v2\/types\/product"}],"replies":[{"embeddable":true,"href":"https:\/\/komeklatam.com\/index.php\/wp-json\/wp\/v2\/comments?post=10096"}],"wp:featuredmedia":[{"embeddable":true,"href":"https:\/\/komeklatam.com\/index.php\/wp-json\/wp\/v2\/media\/10099"}],"wp:attachment":[{"href":"https:\/\/komeklatam.com\/index.php\/wp-json\/wp\/v2\/media?parent=10096"}],"wp:term":[{"taxonomy":"product_brand","embeddable":true,"href":"https:\/\/komeklatam.com\/index.php\/wp-json\/wp\/v2\/product_brand?post=10096"},{"taxonomy":"product_cat","embeddable":true,"href":"https:\/\/komeklatam.com\/index.php\/wp-json\/wp\/v2\/product_cat?post=10096"},{"taxonomy":"product_tag","embeddable":true,"href":"https:\/\/komeklatam.com\/index.php\/wp-json\/wp\/v2\/product_tag?post=10096"}],"curies":[{"name":"wp","href":"https:\/\/api.w.org\/{rel}","templated":true}]}}