{"id":10176,"date":"2023-07-12T16:17:33","date_gmt":"2023-07-12T16:17:33","guid":{"rendered":"http:\/\/komeklatam.com\/?post_type=product&#038;p=10176"},"modified":"2023-07-12T18:24:53","modified_gmt":"2023-07-12T18:24:53","slug":"10176","status":"publish","type":"product","link":"https:\/\/komeklatam.com\/index.php\/producto\/10176\/","title":{"rendered":"Gafa Antiempa\u00f1ante Visiony Sosega"},"content":{"rendered":"<h2>Descripci\u00f3n<\/h2>\n<p>CARACTER\u00cdSTICAS<\/p>\n<ul>\n<li>Cumplen ANSI Z87.1<\/li>\n<li>Cuentan con un dise\u00f1o liviano para mayor comodidad del usuario.<\/li>\n<li>Lentes de policarbonato que brindan excelente protecci\u00f3n a impactos, protecci\u00f3n UV y antirayaduras<\/li>\n<li>Patas ajustables.<\/li>\n<li>Protecci\u00f3n Antiempa\u00f1ante.<\/li>\n<li>Los lentes no distorsionan la visi\u00f3n del usuario<\/li>\n<\/ul>\n<p>PRECAUCIONES DE USO<\/p>\n<ul>\n<li>El usuario debe ajustar correctamente las gafas de seguridad a su rostro para una protecci\u00f3n efectiva.<\/li>\n<li>El usuario debe evaluar el nivel de protecci\u00f3n necesaria para la labor. Para riesgo de impactos fuertes debe usarse protecci\u00f3n adicional.<\/li>\n<li>No usar para labores de soldadura, protecci\u00f3n contra agentes qu\u00edmicos, radiaci\u00f3n infrarroja, salpicaduras o l\u00e1ser.<\/li>\n<\/ul>\n<p>INSTRUCCIONES DE CUIDADO<\/p>\n<ul>\n<li>Lente Claro: Uso General.<\/li>\n<li>Lente Oscuro: Uso en exteriores. Disminuye la fatiga causada por la luz solar.<\/li>\n<li>Cambie la gafa de seguridad si el lente o el marco se encuentran deteriorados.<\/li>\n<\/ul>\n<p>EST\u00c1NDARES Y REGULACIONES<\/p>\n<p>La Gafa Visiony est\u00e1 dise\u00f1ada bajo los est\u00e1ndares de la norma ANSI Z87.1<\/p>\n<p>COMPOSICI\u00d3N<br \/>\nPolicarbonato<\/p>\n","protected":false},"excerpt":{"rendered":"<p>Las gafas de seguridad Visiony ofrecen protecci\u00f3n frontal y lateral contra impactos moderados, chispas, part\u00edculas y rayos ultravioleta. Las Gafas Visiony est\u00e1n disponibles en versi\u00f3n\u00a0 \u00a0 \u00a0 \u00a0 \u00a0 \u00a0 \u00a0 \u00a0 \u00a0 \u00a0 \u00a0 \u00a0 \u00a0 \u00a0 \u00a0 \u00a0 \u00a0 \u00a0 \u00a0 \u00a0 \u00a0 \u00a0 \u00a0 \u00a0 \u00a0 \u00a0 \u00a0 \u00a0 \u00a0 \u00a0 \u00a0 \u00a0 Antiempa\u00f1ante, bien sea con lente oscuro o lente claro.<\/p>\n<p>Gafa Antiempa\u00f1ante Visiony\u00a0 Policarbonato<\/p>\n","protected":false},"featured_media":10177,"comment_status":"open","ping_status":"closed","template":"","meta":{"_joinchat":[]},"product_brand":[],"product_cat":[90,28],"product_tag":[],"class_list":{"0":"post-10176","1":"product","2":"type-product","3":"status-publish","4":"has-post-thumbnail","6":"product_cat-proteccion-visual","7":"product_cat-seguridadindustrial","9":"first","10":"instock","11":"shipping-taxable","12":"product-type-simple"},"ams_default_variation_id":0,"ams_product_points_reward":[],"ams_product_discount_percentage":0,"ams_price_to_display":0,"ams_acf":[],"jetpack_sharing_enabled":true,"_links":{"self":[{"href":"https:\/\/komeklatam.com\/index.php\/wp-json\/wp\/v2\/product\/10176","targetHints":{"allow":["GET"]}}],"collection":[{"href":"https:\/\/komeklatam.com\/index.php\/wp-json\/wp\/v2\/product"}],"about":[{"href":"https:\/\/komeklatam.com\/index.php\/wp-json\/wp\/v2\/types\/product"}],"replies":[{"embeddable":true,"href":"https:\/\/komeklatam.com\/index.php\/wp-json\/wp\/v2\/comments?post=10176"}],"wp:featuredmedia":[{"embeddable":true,"href":"https:\/\/komeklatam.com\/index.php\/wp-json\/wp\/v2\/media\/10177"}],"wp:attachment":[{"href":"https:\/\/komeklatam.com\/index.php\/wp-json\/wp\/v2\/media?parent=10176"}],"wp:term":[{"taxonomy":"product_brand","embeddable":true,"href":"https:\/\/komeklatam.com\/index.php\/wp-json\/wp\/v2\/product_brand?post=10176"},{"taxonomy":"product_cat","embeddable":true,"href":"https:\/\/komeklatam.com\/index.php\/wp-json\/wp\/v2\/product_cat?post=10176"},{"taxonomy":"product_tag","embeddable":true,"href":"https:\/\/komeklatam.com\/index.php\/wp-json\/wp\/v2\/product_tag?post=10176"}],"curies":[{"name":"wp","href":"https:\/\/api.w.org\/{rel}","templated":true}]}}