{"id":10197,"date":"2023-07-26T08:24:12","date_gmt":"2023-07-26T08:24:12","guid":{"rendered":"http:\/\/komeklatam.com\/?post_type=product&#038;p=10197"},"modified":"2023-07-26T08:24:12","modified_gmt":"2023-07-26T08:24:12","slug":"guante-aramida-temperatura-sosega","status":"publish","type":"product","link":"https:\/\/komeklatam.com\/index.php\/producto\/guante-aramida-temperatura-sosega\/","title":{"rendered":"Guante Aramida Temperatura Sosega"},"content":{"rendered":"<h2>Descripci\u00f3n<\/h2>\n<p>CARACTER\u00cdSTICAS<\/p>\n<ul>\n<li>Ambidiestro.<\/li>\n<li>Resistencia moderada al corte.<\/li>\n<li>Permite la ventilaci\u00f3n en las manos.<\/li>\n<li>C\u00f3modo.<\/li>\n<li>Resistencia a temperaturas moderadas<\/li>\n<\/ul>\n<p>APLICACIONES<\/p>\n<ul>\n<li>El usuario debe evaluar el nivel de protecci\u00f3n necesaria para la labor. Algunas de las aplicaciones m\u00e1s comunes son:<\/li>\n<li>Riesgos t\u00e9rmicos moderados.<\/li>\n<li>Industria automotriz.<\/li>\n<li>Manejo de vidrio.<\/li>\n<li>Manipulaci\u00f3n de piezas con filos.<\/li>\n<li>Ensambles met\u00e1licos<\/li>\n<\/ul>\n<p>PRECAUCIONES DE USO<\/p>\n<ul>\n<li>Su resistencia al corte es limitada evaluar de acuerdo a las condiciones de uso.<\/li>\n<li>No se exponga a sierras cortantes. No exponerse a fuego directo.<\/li>\n<li>No es apto para el manejo de qu\u00edmicos.<\/li>\n<li>No utilizar cloro en el lavado.<\/li>\n<\/ul>\n<p>LIMPIEZA Y MANTENIMIENTO<\/p>\n<ul>\n<li>La limpieza y en su caso, la descontaminaci\u00f3n o desinfecci\u00f3n del equipo, debe ser despu\u00e9s de cada jornada de uso.<\/li>\n<li>El guante puede ser lavado con agua no mayor a 40\u00b0 Celsius, el uso del cloro puede deteriorar el producto.<\/li>\n<li>La limpieza del EPP puede ser efectuada en el centro de trabajo, ya sea por el trabajador, usuario o por alguna otra persona designada por el responsable del \u00e1rea de seguridad.<\/li>\n<\/ul>\n<p>TALLA: M L<\/p>\n<p>EST\u00c1NDARES Y REGULACIONES<\/p>\n<p>El guante est\u00e1 dise\u00f1ado bajo los est\u00e1ndares de la norma ASTM ANSI y EN 388:2016<\/p>\n<p>COMPOSICI\u00d3N<br \/>\nEl\u00e1stico<br \/>\nAramida<\/p>\n","protected":false},"excerpt":{"rendered":"<p>Estos Guantes de Aramida est\u00e1n fabricados con fibras de alta tenacidad que proporcionan gran protecci\u00f3n a las manos, con un nivel de corte moderado, resistente a la temperatura y de peso ligero.<\/p>\n<p>Guante Aramida Temperatura<br \/>\nAramida<\/p>\n","protected":false},"featured_media":10198,"comment_status":"open","ping_status":"closed","template":"","meta":{"_joinchat":[]},"product_brand":[],"product_cat":[93,28],"product_tag":[],"class_list":{"0":"post-10197","1":"product","2":"type-product","3":"status-publish","4":"has-post-thumbnail","6":"product_cat-proteccion-manual","7":"product_cat-seguridadindustrial","9":"first","10":"instock","11":"shipping-taxable","12":"product-type-simple"},"ams_default_variation_id":0,"ams_product_points_reward":[],"ams_product_discount_percentage":0,"ams_price_to_display":0,"ams_acf":[],"jetpack_sharing_enabled":true,"_links":{"self":[{"href":"https:\/\/komeklatam.com\/index.php\/wp-json\/wp\/v2\/product\/10197","targetHints":{"allow":["GET"]}}],"collection":[{"href":"https:\/\/komeklatam.com\/index.php\/wp-json\/wp\/v2\/product"}],"about":[{"href":"https:\/\/komeklatam.com\/index.php\/wp-json\/wp\/v2\/types\/product"}],"replies":[{"embeddable":true,"href":"https:\/\/komeklatam.com\/index.php\/wp-json\/wp\/v2\/comments?post=10197"}],"wp:featuredmedia":[{"embeddable":true,"href":"https:\/\/komeklatam.com\/index.php\/wp-json\/wp\/v2\/media\/10198"}],"wp:attachment":[{"href":"https:\/\/komeklatam.com\/index.php\/wp-json\/wp\/v2\/media?parent=10197"}],"wp:term":[{"taxonomy":"product_brand","embeddable":true,"href":"https:\/\/komeklatam.com\/index.php\/wp-json\/wp\/v2\/product_brand?post=10197"},{"taxonomy":"product_cat","embeddable":true,"href":"https:\/\/komeklatam.com\/index.php\/wp-json\/wp\/v2\/product_cat?post=10197"},{"taxonomy":"product_tag","embeddable":true,"href":"https:\/\/komeklatam.com\/index.php\/wp-json\/wp\/v2\/product_tag?post=10197"}],"curies":[{"name":"wp","href":"https:\/\/api.w.org\/{rel}","templated":true}]}}