{"id":10201,"date":"2023-07-26T08:25:44","date_gmt":"2023-07-26T08:25:44","guid":{"rendered":"http:\/\/komeklatam.com\/?post_type=product&#038;p=10201"},"modified":"2023-07-26T08:25:45","modified_gmt":"2023-07-26T08:25:45","slug":"guante-bee-latex-sosega","status":"publish","type":"product","link":"https:\/\/komeklatam.com\/index.php\/producto\/guante-bee-latex-sosega\/","title":{"rendered":"Guante Bee L\u00e1tex Sosega"},"content":{"rendered":"<h2>Descripci\u00f3n<\/h2>\n<p>CARACTER\u00cdSTICAS<\/p>\n<ul>\n<li>Su dise\u00f1o y material permite un uso m\u00e1s largo y c\u00f3modo, sin puntos d\u00e9biles donde pueda rasgarse f\u00e1cilmente por el movimiento natural de la mano.<\/li>\n<li>La construcci\u00f3n de su tejido permite su uso en labores pesadas y su capa interna de algod\u00f3n brinda protecci\u00f3n adicional para labores en fr\u00edo, y debido a su versatilidad puede ser utilizado con protecci\u00f3n interna adicional para mayor protecci\u00f3n a bajas temperaturas<\/li>\n<\/ul>\n<p>APLICACIONES<\/p>\n<ul>\n<li>El usuario debe evaluar el nivel de protecci\u00f3n necesaria para la labor. Algunas de las aplicaciones m\u00e1s comunes son:<\/li>\n<li>Manejo de materiales de construcci\u00f3n, hormig\u00f3n, ladrillos y tejas.<\/li>\n<li>Uso de madera bruta, paneles y madera contrachapada.<\/li>\n<li>Manipulaci\u00f3n de barras de acero, chapas, latas y otros objetos met\u00e1licos.<\/li>\n<li>Limpieza de espacios p\u00fablicos y recogida de residuos.<\/li>\n<\/ul>\n<p>PRECAUCIONES DE USO<\/p>\n<ul>\n<li>No puede usarse en presencia de hidrocarburos y derivados.<\/li>\n<li>Los guantes no deben ser usados en lugares donde exista riesgo de enredarse con piezas mec\u00e1nicas en movimiento.<\/li>\n<li>Evitar el contacto directo con fuego.<\/li>\n<\/ul>\n<p>INSTRUCCIONES DE CUIDADO<\/p>\n<ul>\n<li>Almacenar en un lugar fresco y seco. La limpieza y el lavado deben ser realizadas con cuidado y de acuerdo a las instrucciones presentes en la etiqueta. El usuario ser\u00e1 responsable del rendimiento del guante luego de la limpieza y el lavado. Luego de su uso o cumplido el ciclo de vida \u00fatil los guantes pueden estar contaminados con diferentes materiales. Desecharlos de acuerdo a las normas locales establecidas.<\/li>\n<\/ul>\n<p>TALLA: M L XL<\/p>\n<p>EST\u00c1NDARES Y REGULACIONES<\/p>\n<p>El guante est\u00e1 dise\u00f1ado bajo los est\u00e1ndares de la norma EN 388.<\/p>\n<p>COMPOSICI\u00d3N<br \/>\nAlgod\u00f3n<br \/>\nL\u00e1tex<\/p>\n","protected":false},"excerpt":{"rendered":"<p>El Guante Bee pu\u00f1o abierto recubierto de l\u00e1tex texturizado ha sido dise\u00f1ado para su uso en una extensa gama de aplicaciones. Tanto en condiciones h\u00famedas como en seco, este guante ofrece un magn\u00edfico agarre y un\u00a0 excelente comportamiento frente al desgaste y a cortes, resultando a la vez muy c\u00f3modo.<\/p>\n<p>Guante Bee L\u00e1tex<br \/>\nAlgod\u00f3n recubierto en L\u00e1tex texturizado<\/p>\n","protected":false},"featured_media":10202,"comment_status":"open","ping_status":"closed","template":"","meta":{"_joinchat":[]},"product_brand":[],"product_cat":[93,28],"product_tag":[],"class_list":{"0":"post-10201","1":"product","2":"type-product","3":"status-publish","4":"has-post-thumbnail","6":"product_cat-proteccion-manual","7":"product_cat-seguridadindustrial","9":"first","10":"instock","11":"shipping-taxable","12":"product-type-simple"},"ams_default_variation_id":0,"ams_product_points_reward":[],"ams_product_discount_percentage":0,"ams_price_to_display":0,"ams_acf":[],"jetpack_sharing_enabled":true,"_links":{"self":[{"href":"https:\/\/komeklatam.com\/index.php\/wp-json\/wp\/v2\/product\/10201","targetHints":{"allow":["GET"]}}],"collection":[{"href":"https:\/\/komeklatam.com\/index.php\/wp-json\/wp\/v2\/product"}],"about":[{"href":"https:\/\/komeklatam.com\/index.php\/wp-json\/wp\/v2\/types\/product"}],"replies":[{"embeddable":true,"href":"https:\/\/komeklatam.com\/index.php\/wp-json\/wp\/v2\/comments?post=10201"}],"wp:featuredmedia":[{"embeddable":true,"href":"https:\/\/komeklatam.com\/index.php\/wp-json\/wp\/v2\/media\/10202"}],"wp:attachment":[{"href":"https:\/\/komeklatam.com\/index.php\/wp-json\/wp\/v2\/media?parent=10201"}],"wp:term":[{"taxonomy":"product_brand","embeddable":true,"href":"https:\/\/komeklatam.com\/index.php\/wp-json\/wp\/v2\/product_brand?post=10201"},{"taxonomy":"product_cat","embeddable":true,"href":"https:\/\/komeklatam.com\/index.php\/wp-json\/wp\/v2\/product_cat?post=10201"},{"taxonomy":"product_tag","embeddable":true,"href":"https:\/\/komeklatam.com\/index.php\/wp-json\/wp\/v2\/product_tag?post=10201"}],"curies":[{"name":"wp","href":"https:\/\/api.w.org\/{rel}","templated":true}]}}