{"id":10226,"date":"2023-07-26T09:35:01","date_gmt":"2023-07-26T09:35:01","guid":{"rendered":"http:\/\/komeklatam.com\/?post_type=product&#038;p=10226"},"modified":"2023-07-26T09:35:01","modified_gmt":"2023-07-26T09:35:01","slug":"guante-crusher-nitrilo","status":"publish","type":"product","link":"https:\/\/komeklatam.com\/index.php\/producto\/guante-crusher-nitrilo\/","title":{"rendered":"GUANTE CRUSHER NITRILO"},"content":{"rendered":"<h2>Descripci\u00f3n<\/h2>\n<p>CARACTER\u00cdSTICAS<\/p>\n<ul>\n<li>Revestimiento impermeable resistente a la grasa, el aceite y el polvo.<\/li>\n<li>Su dise\u00f1o y material permite un uso m\u00e1s largo y c\u00f3modo, sin puntos d\u00e9biles donde pueda rasgarse f\u00e1cilmente por el movimiento natural de la mano.<\/li>\n<\/ul>\n<p>APLICACIONES<\/p>\n<p>El usuario debe evaluar el nivel de protecci\u00f3n necesaria para la labor. Algunas de las aplicaciones m\u00e1s comunes son:<\/p>\n<ul>\n<li>Materiales de construcci\u00f3n, hormig\u00f3n, ladrillos y tejas.<\/li>\n<li>Madera bruta, paneles y madera contrachapada.<\/li>\n<li>Fundici\u00f3n de hierro y moldes.<\/li>\n<li>Barras de acero, chapas, latas y otros objetos met\u00e1licos.<\/li>\n<li>Limpieza de espacios p\u00fablicos y recogida de residuos.<\/li>\n<li>Cables gruesos.<\/li>\n<\/ul>\n<p>PRECAUCIONES DE USO<\/p>\n<ul>\n<li>Puede usarse en presencia de hidrocarburos y derivados.<\/li>\n<li>Los guantes no deben ser usados en lugares donde exista riesgo de enredarse con piezas mec\u00e1nicas en movimiento.<\/li>\n<li>Evitar el contacto directo con fuego.<\/li>\n<\/ul>\n<p>INSTRUCCIONES DE CUIDADO<\/p>\n<p>Almacenar en un lugar fresco y seco. La limpieza y el lavado deben ser realizadas con cuidado y de acuerdo a las instrucciones presentes en la etiqueta. El usuario ser\u00e1 responsable del rendimiento del guante luego de la limpieza y el lavado. Luego de su uso o cumplido el ciclo de vida \u00fatil los guantes pueden estar contaminados con diferentes materiales. Desecharlos de acuerdo a las normas locales establecidas.<\/p>\n<p>EST\u00c1NDARES Y REGULACIONES<\/p>\n<p>El guante est\u00e1 dise\u00f1ado bajo los est\u00e1ndares de la norma EN 388:2016<\/p>\n","protected":false},"excerpt":{"rendered":"<p>GUANTE CRUSHER NITRILO<\/p>\n<p>Soporte en algod\u00f3n<\/p>\n<p>Recubierto en Nitrilo fuerte<\/p>\n<p>Talla: L, XL.<\/p>\n<p>DESCRIPCI\u00d3N<\/p>\n<p>El Guante Crusher recubierto en Nitrilo con pu\u00f1o abierto de protecci\u00f3n ha sido dise\u00f1ado para su uso en una extensa gama de aplicaciones. Es un guante grande y robusto para actividades pesadas. Ideal para manipular materiales abrasivos, como fundici\u00f3n de hierro y ladrillos.<\/p>\n","protected":false},"featured_media":10227,"comment_status":"open","ping_status":"closed","template":"","meta":{"_joinchat":[]},"product_brand":[],"product_cat":[93,28],"product_tag":[],"class_list":{"0":"post-10226","1":"product","2":"type-product","3":"status-publish","4":"has-post-thumbnail","6":"product_cat-proteccion-manual","7":"product_cat-seguridadindustrial","9":"first","10":"instock","11":"shipping-taxable","12":"product-type-simple"},"ams_default_variation_id":0,"ams_product_points_reward":[],"ams_product_discount_percentage":0,"ams_price_to_display":0,"ams_acf":[],"jetpack_sharing_enabled":true,"_links":{"self":[{"href":"https:\/\/komeklatam.com\/index.php\/wp-json\/wp\/v2\/product\/10226","targetHints":{"allow":["GET"]}}],"collection":[{"href":"https:\/\/komeklatam.com\/index.php\/wp-json\/wp\/v2\/product"}],"about":[{"href":"https:\/\/komeklatam.com\/index.php\/wp-json\/wp\/v2\/types\/product"}],"replies":[{"embeddable":true,"href":"https:\/\/komeklatam.com\/index.php\/wp-json\/wp\/v2\/comments?post=10226"}],"wp:featuredmedia":[{"embeddable":true,"href":"https:\/\/komeklatam.com\/index.php\/wp-json\/wp\/v2\/media\/10227"}],"wp:attachment":[{"href":"https:\/\/komeklatam.com\/index.php\/wp-json\/wp\/v2\/media?parent=10226"}],"wp:term":[{"taxonomy":"product_brand","embeddable":true,"href":"https:\/\/komeklatam.com\/index.php\/wp-json\/wp\/v2\/product_brand?post=10226"},{"taxonomy":"product_cat","embeddable":true,"href":"https:\/\/komeklatam.com\/index.php\/wp-json\/wp\/v2\/product_cat?post=10226"},{"taxonomy":"product_tag","embeddable":true,"href":"https:\/\/komeklatam.com\/index.php\/wp-json\/wp\/v2\/product_tag?post=10226"}],"curies":[{"name":"wp","href":"https:\/\/api.w.org\/{rel}","templated":true}]}}