{"id":10230,"date":"2023-07-26T09:36:40","date_gmt":"2023-07-26T09:36:40","guid":{"rendered":"http:\/\/komeklatam.com\/?post_type=product&#038;p=10230"},"modified":"2023-07-26T09:36:40","modified_gmt":"2023-07-26T09:36:40","slug":"guante-crystal-nitrilo","status":"publish","type":"product","link":"https:\/\/komeklatam.com\/index.php\/producto\/guante-crystal-nitrilo\/","title":{"rendered":"GUANTE CRYSTAL NITRILO"},"content":{"rendered":"<h2>Descripci\u00f3n<\/h2>\n<p>CARACTER\u00cdSTICAS<\/p>\n<ul>\n<li>Recubrimiento de nitrilo que brinda una excepcional ergonom\u00eda y agarre.<\/li>\n<li>Su dise\u00f1o y material permite un uso m\u00e1s largo y c\u00f3modo, sin puntos d\u00e9biles donde pueda rasgarse f\u00e1cilmente por el movimiento natural de la mano.<\/li>\n<li>La construcci\u00f3n de su tejido permite un excelente fluido del aire en la mano, de esta manera el usuario no sentir\u00e1 molestias causadas por el calor y sudor.<\/li>\n<\/ul>\n<p>APLICACIONES<\/p>\n<p>El usuario debe evaluar el nivel de protecci\u00f3n necesaria para la labor. Algunas de las aplicaciones m\u00e1s comunes son:<\/p>\n<ul>\n<li>Mec\u00e1nica automotriz.<\/li>\n<li>Manipulaci\u00f3n y transporte.<\/li>\n<li>Construcci\u00f3n.<\/li>\n<li>Metal mec\u00e1nico.<\/li>\n<li>Procesos Industriales.<\/li>\n<li>Jardiner\u00eda.<\/li>\n<\/ul>\n<p>PRECAUCIONES<\/p>\n<ul>\n<li>Puede usarse en presencia de hidrocarburos y derivados.<\/li>\n<li>Los guantes no deben ser usados en lugares donde exista riesgo de enredarse con piezas mec\u00e1nicas en movimiento.<\/li>\n<li>Evitar el contacto directo con fuego.<\/li>\n<\/ul>\n<p>INSTRUCCIONES DE CUIDADO<\/p>\n<p>Reemplace el producto inmediatamente si se encuentra roto, desgastado o perforado. En caso de alergia a los componentes suspenda su uso y consulte a su m\u00e9dico. Almacenar en un lugar fresco y seco. La limpieza y el lavado deben ser realizadas con cuidado y de acuerdo a las instrucciones presentes en la etiqueta. El usuario ser\u00e1 responsable del rendimiento del guante luego de la limpieza y el lavado.<\/p>\n<p>EST\u00c1NDARES Y REGULACIONES<\/p>\n<p>El guante est\u00e1 dise\u00f1ado bajo los est\u00e1ndares de la norma EN 388.<\/p>\n","protected":false},"excerpt":{"rendered":"<p>GUANTE CRYSTAL NITRILO<\/p>\n<p>Fabricado en poli\u00e9ster de 13 galgas<\/p>\n<p>Recubierto de nitrilo liso<\/p>\n<p>Talla: M, L, XL.<\/p>\n<p>DESCRIPCI\u00d3N<\/p>\n<p>El Guante Crystal recubierto de nitrilo liso ha sido dise\u00f1ado para su uso en una extensa gama de aplicaciones. Tanto en condiciones h\u00famedas como en seco, este guante ofrece un magn\u00edfico con agarre y un excelente comportamiento frente al desgaste y a cortes, resultando a la vez muy c\u00f3modo.<\/p>\n","protected":false},"featured_media":10231,"comment_status":"open","ping_status":"closed","template":"","meta":{"_joinchat":[]},"product_brand":[],"product_cat":[93,28],"product_tag":[],"class_list":{"0":"post-10230","1":"product","2":"type-product","3":"status-publish","4":"has-post-thumbnail","6":"product_cat-proteccion-manual","7":"product_cat-seguridadindustrial","9":"first","10":"instock","11":"shipping-taxable","12":"product-type-simple"},"ams_default_variation_id":0,"ams_product_points_reward":[],"ams_product_discount_percentage":0,"ams_price_to_display":0,"ams_acf":[],"jetpack_sharing_enabled":true,"_links":{"self":[{"href":"https:\/\/komeklatam.com\/index.php\/wp-json\/wp\/v2\/product\/10230","targetHints":{"allow":["GET"]}}],"collection":[{"href":"https:\/\/komeklatam.com\/index.php\/wp-json\/wp\/v2\/product"}],"about":[{"href":"https:\/\/komeklatam.com\/index.php\/wp-json\/wp\/v2\/types\/product"}],"replies":[{"embeddable":true,"href":"https:\/\/komeklatam.com\/index.php\/wp-json\/wp\/v2\/comments?post=10230"}],"wp:featuredmedia":[{"embeddable":true,"href":"https:\/\/komeklatam.com\/index.php\/wp-json\/wp\/v2\/media\/10231"}],"wp:attachment":[{"href":"https:\/\/komeklatam.com\/index.php\/wp-json\/wp\/v2\/media?parent=10230"}],"wp:term":[{"taxonomy":"product_brand","embeddable":true,"href":"https:\/\/komeklatam.com\/index.php\/wp-json\/wp\/v2\/product_brand?post=10230"},{"taxonomy":"product_cat","embeddable":true,"href":"https:\/\/komeklatam.com\/index.php\/wp-json\/wp\/v2\/product_cat?post=10230"},{"taxonomy":"product_tag","embeddable":true,"href":"https:\/\/komeklatam.com\/index.php\/wp-json\/wp\/v2\/product_tag?post=10230"}],"curies":[{"name":"wp","href":"https:\/\/api.w.org\/{rel}","templated":true}]}}