{"id":10253,"date":"2023-07-26T09:46:17","date_gmt":"2023-07-26T09:46:17","guid":{"rendered":"http:\/\/komeklatam.com\/?post_type=product&#038;p=10253"},"modified":"2023-07-26T09:46:17","modified_gmt":"2023-07-26T09:46:17","slug":"guante-desechable-nitrilo-azul-calibre-8-latexport","status":"publish","type":"product","link":"https:\/\/komeklatam.com\/index.php\/producto\/guante-desechable-nitrilo-azul-calibre-8-latexport\/","title":{"rendered":"Guante desechable nitrilo azul calibre 8 Latexport"},"content":{"rendered":"<h2>Descripci\u00f3n<\/h2>\n<div>\n<ul>\n<li>Excelente resistencia a la abrasi\u00f3n y esfuerzos mec\u00e1nicos.<\/li>\n<li>M\u00e1xima sensibilidad t\u00e1ctil y destreza para realizar tareas complejas de manera eficiente.<\/li>\n<li>Ergon\u00f3mico, dando gran comodidad durante todo el d\u00eda, reduciendo la fatiga de la mano.<\/li>\n<li>Ambidiestros, cada guante de puede usar en mano izquierda o derecha.<\/li>\n<li>Dedos texturizados para un mejor agarre.<\/li>\n<li>Orillo que aumenta la resistencia al desgarre y facilita la postura del guante.<\/li>\n<li>Guante no est\u00e9ril, por lo que es utilizado para fines higi\u00e9nicos y de autoprotecci\u00f3n.<\/li>\n<li>El guante no contiene talco en su interior.<\/li>\n<li>Clorado, para disminuir el riesgo de irritaciones y alergias.<\/li>\n<li>Con registro sanitario.<\/li>\n<\/ul>\n<\/div>\n<div><strong>Principales usos:<\/strong><\/div>\n<ul>\n<li>Preparaci\u00f3n, proceso y servicio de alimentos.<\/li>\n<li>Manipulaci\u00f3n de productos qu\u00edmicos.<\/li>\n<li>Manipulaci\u00f3n de muestras biol\u00f3gicas, contaminadas, riesgo frente a microorganismos y contacto con sangre.<\/li>\n<li>Trabajos en protecci\u00f3n mec\u00e1nica.<\/li>\n<li>Manejo de f\u00e1rmacos y cosm\u00e9ticos.<\/li>\n<li>Profesionales de la belleza.<\/li>\n<li>Mantenimiento de equipos.<\/li>\n<li>Procedimientos odontol\u00f3gicos.<\/li>\n<\/ul>\n<p><strong>Norma t\u00e9cnica<\/strong><\/p>\n<p>ISO 374-1\/Type B<\/p>\n","protected":false},"excerpt":{"rendered":"<p>CARACTER\u00cdSTICAS<\/p>\n<ul>\n<li>Material: Nitrilo<\/li>\n<li>Presentaci\u00f3n de empaque: caja x 100<\/li>\n<li>Largo: 24 cm<\/li>\n<li>Color: azul<\/li>\n<li>Libre de L\u00e1tex<\/li>\n<li>Sin talco<\/li>\n<li>Ambidiestro<\/li>\n<li>No est\u00e9ril<\/li>\n<\/ul>\n","protected":false},"featured_media":10254,"comment_status":"open","ping_status":"closed","template":"","meta":{"_joinchat":[]},"product_brand":[],"product_cat":[93,28],"product_tag":[],"class_list":{"0":"post-10253","1":"product","2":"type-product","3":"status-publish","4":"has-post-thumbnail","6":"product_cat-proteccion-manual","7":"product_cat-seguridadindustrial","9":"first","10":"instock","11":"shipping-taxable","12":"product-type-simple"},"ams_default_variation_id":0,"ams_product_points_reward":[],"ams_product_discount_percentage":0,"ams_price_to_display":0,"ams_acf":[],"jetpack_sharing_enabled":true,"_links":{"self":[{"href":"https:\/\/komeklatam.com\/index.php\/wp-json\/wp\/v2\/product\/10253","targetHints":{"allow":["GET"]}}],"collection":[{"href":"https:\/\/komeklatam.com\/index.php\/wp-json\/wp\/v2\/product"}],"about":[{"href":"https:\/\/komeklatam.com\/index.php\/wp-json\/wp\/v2\/types\/product"}],"replies":[{"embeddable":true,"href":"https:\/\/komeklatam.com\/index.php\/wp-json\/wp\/v2\/comments?post=10253"}],"wp:featuredmedia":[{"embeddable":true,"href":"https:\/\/komeklatam.com\/index.php\/wp-json\/wp\/v2\/media\/10254"}],"wp:attachment":[{"href":"https:\/\/komeklatam.com\/index.php\/wp-json\/wp\/v2\/media?parent=10253"}],"wp:term":[{"taxonomy":"product_brand","embeddable":true,"href":"https:\/\/komeklatam.com\/index.php\/wp-json\/wp\/v2\/product_brand?post=10253"},{"taxonomy":"product_cat","embeddable":true,"href":"https:\/\/komeklatam.com\/index.php\/wp-json\/wp\/v2\/product_cat?post=10253"},{"taxonomy":"product_tag","embeddable":true,"href":"https:\/\/komeklatam.com\/index.php\/wp-json\/wp\/v2\/product_tag?post=10253"}],"curies":[{"name":"wp","href":"https:\/\/api.w.org\/{rel}","templated":true}]}}