{"id":10256,"date":"2023-07-26T09:48:54","date_gmt":"2023-07-26T09:48:54","guid":{"rendered":"http:\/\/komeklatam.com\/?post_type=product&#038;p=10256"},"modified":"2023-07-26T09:48:54","modified_gmt":"2023-07-26T09:48:54","slug":"guante-force-nitrilo","status":"publish","type":"product","link":"https:\/\/komeklatam.com\/index.php\/producto\/guante-force-nitrilo\/","title":{"rendered":"GUANTE FORCE NITRILO"},"content":{"rendered":"<h2>Descripci\u00f3n<\/h2>\n<p>CARACTER\u00cdSTICAS<\/p>\n<p>Recubrimiento de Nitrilo liso soportado en Poli\u00e9ster para brindar mayor comodidad y agarre. Su dise\u00f1o y material permite un uso m\u00e1s largo y c\u00f3modo, sin puntos d\u00e9biles donde pueda rasgarse f\u00e1cilmente por el movimiento natural de la mano. La construcci\u00f3n de su tejido permite su uso en labores que demandan agarre, destreza y comodidad.<\/p>\n<p>APLICACIONES<\/p>\n<p>El usuario debe evaluar el nivel de protecci\u00f3n necesaria para la labor. Algunas de las aplicaciones m\u00e1s comunes son:<\/p>\n<ul>\n<li><\/li>\n<li>Manipulaci\u00f3n y transporte.<\/li>\n<li>Construcci\u00f3n.<\/li>\n<li>Metal mec\u00e1nico, procesos Industriales.<\/li>\n<li>Jardiner\u00eda y limpieza, mantenimiento.<\/li>\n<\/ul>\n<p>PRECAUCIONES DE USO<\/p>\n<ul>\n<li>Puede usarse en presencia de hidrocarburos y derivados.<\/li>\n<li>Los guantes no deben ser usados en lugares donde exista riesgo de enredarse con piezas mec\u00e1nicas en movimiento.<\/li>\n<li>Evitar el contacto directo con fuego.<\/li>\n<\/ul>\n<p>INSTRUCCIONES DE CUIDADO<\/p>\n<ul>\n<li>Reemplace el producto inmediatamente si se encuentra roto, desgastado o perforado.<\/li>\n<li>En caso de alergia a los componentes suspenda su uso y consulte a su m\u00e9dico.<\/li>\n<li>Almacenar en un lugar fresco y seco.<\/li>\n<li>La limpieza y el lavado deben ser realizadas con cuidado y de acuerdo a las instrucciones presentes en la etiqueta.<\/li>\n<li>El usuario ser\u00e1 responsable del rendimiento del guante luego de la limpieza y el lavado.<\/li>\n<\/ul>\n<p>EST\u00c1NDARES Y REGULACIONES<\/p>\n<p>El guante est\u00e1 dise\u00f1ado bajo los est\u00e1ndares de la norma EN 388.<\/p>\n","protected":false},"excerpt":{"rendered":"<p>GUANTE FORCE NITRILO<\/p>\n<p>REF. 400015<\/p>\n<p>Fabricado en poli\u00e9ster de 13 galgas.<\/p>\n<p>Recubierto de nitrilo liso.<\/p>\n<p>Tallas: S, M, L, XL.<\/p>\n<p>DESCRIPCI\u00d3N<\/p>\n<p>El Guante Force fabricado en Poli\u00e9ster recubierto en Nitrilo liso ha sido dise\u00f1ado para su uso en una extensa gama de aplicaciones. Tanto en condiciones h\u00famedas como en seco, este guante ofrece un magn\u00edfico agarre y un excelente comportamiento frente al desgaste y a cortes, resultando a la vez muy c\u00f3modo.<\/p>\n","protected":false},"featured_media":10259,"comment_status":"open","ping_status":"closed","template":"","meta":{"_joinchat":[]},"product_brand":[],"product_cat":[93,28],"product_tag":[],"class_list":{"0":"post-10256","1":"product","2":"type-product","3":"status-publish","4":"has-post-thumbnail","6":"product_cat-proteccion-manual","7":"product_cat-seguridadindustrial","9":"first","10":"instock","11":"shipping-taxable","12":"product-type-simple"},"ams_default_variation_id":0,"ams_product_points_reward":[],"ams_product_discount_percentage":0,"ams_price_to_display":0,"ams_acf":[],"jetpack_sharing_enabled":true,"_links":{"self":[{"href":"https:\/\/komeklatam.com\/index.php\/wp-json\/wp\/v2\/product\/10256","targetHints":{"allow":["GET"]}}],"collection":[{"href":"https:\/\/komeklatam.com\/index.php\/wp-json\/wp\/v2\/product"}],"about":[{"href":"https:\/\/komeklatam.com\/index.php\/wp-json\/wp\/v2\/types\/product"}],"replies":[{"embeddable":true,"href":"https:\/\/komeklatam.com\/index.php\/wp-json\/wp\/v2\/comments?post=10256"}],"wp:featuredmedia":[{"embeddable":true,"href":"https:\/\/komeklatam.com\/index.php\/wp-json\/wp\/v2\/media\/10259"}],"wp:attachment":[{"href":"https:\/\/komeklatam.com\/index.php\/wp-json\/wp\/v2\/media?parent=10256"}],"wp:term":[{"taxonomy":"product_brand","embeddable":true,"href":"https:\/\/komeklatam.com\/index.php\/wp-json\/wp\/v2\/product_brand?post=10256"},{"taxonomy":"product_cat","embeddable":true,"href":"https:\/\/komeklatam.com\/index.php\/wp-json\/wp\/v2\/product_cat?post=10256"},{"taxonomy":"product_tag","embeddable":true,"href":"https:\/\/komeklatam.com\/index.php\/wp-json\/wp\/v2\/product_tag?post=10256"}],"curies":[{"name":"wp","href":"https:\/\/api.w.org\/{rel}","templated":true}]}}