{"id":10269,"date":"2023-07-26T09:57:21","date_gmt":"2023-07-26T09:57:21","guid":{"rendered":"http:\/\/komeklatam.com\/?post_type=product&#038;p=10269"},"modified":"2023-07-26T09:57:21","modified_gmt":"2023-07-26T09:57:21","slug":"guante-industrial-calibre-35","status":"publish","type":"product","link":"https:\/\/komeklatam.com\/index.php\/producto\/guante-industrial-calibre-35\/","title":{"rendered":"GUANTE INDUSTRIAL CALIBRE 35"},"content":{"rendered":"<h2>Descripci\u00f3n<\/h2>\n<p>CARACTER\u00cdSTICAS<\/p>\n<p>Guante con acabada especial en la palma para evitar que los objetos se resbalen. Protege la piel de manos y brazos. Impide que, durante las labores, se tenga contacto con l\u00edquidos que inunden el guante.<\/p>\n<p>USOS<\/p>\n<ul>\n<li>Para labores de vaciado en la Industria de la construcci\u00f3n.<\/li>\n<li>Labores de limpieza<\/li>\n<li>Ferreter\u00eda<\/li>\n<li>Industria agr\u00edcola<\/li>\n<li>Industria Av\u00edcola<\/li>\n<li>Industria l\u00e1ctea<\/li>\n<li>Industria Pesquera.<\/li>\n<\/ul>\n<p>PRECAUCIONES<\/p>\n<ul>\n<li>No se pueden usar con solventes fuertes, como gasolina o thinner.<\/li>\n<li>Los guantes de caucho no son resistentes al fuego. Mantenerlos lejos de chispas, llamas y fuentes de ignici\u00f3n.<\/li>\n<li>El derretimiento del material puede causar quemaduras severas.<\/li>\n<li>El guante debe desechado o dispuesto como residuo peligroso.<\/li>\n<li>Aunque est\u00e1 fabricado de caucho natural no se debe considerar como guante diel\u00e9ctrico.<\/li>\n<\/ul>\n<p>INSPECCI\u00d3N ANTES DE USO<\/p>\n<p>Los guantes de caucho son reutilizables se deben revisar peri\u00f3dicamente para detectar roturas, fisuras, endurecimientos que generen riesgos o molestias al trabajador. El trabajador debe estar atento a cualquier irritaci\u00f3n, molestia que produzcan los guantes. La impermeabilidad del guante de caucho se deber\u00e1 probar diariamente ya sea infl\u00e1ndolo para identificar orificio o fisuras o llen\u00e1ndolo de agua.<\/p>\n<p>CUIDADOS<\/p>\n<ul>\n<li>Enjuagar y dejar secar a la sombra.<\/li>\n<li>No exponer a la luz solar.<\/li>\n<\/ul>\n<p>EST\u00c1NDARES Y REGULACIONES<\/p>\n<ul>\n<li>Cumple la norma NTC 1726 de 1999: guantes de caucho de uso industrial.<\/li>\n<li>NTC 444 de 1996: caucho vulcanizado. Determinaci\u00f3n del m\u00f3dulo, tensi\u00f3n y elongaci\u00f3n.<\/li>\n<li>NTC 445 de 1996: caucho vulcanizado. Ensayo de desgarre.<\/li>\n<li>NTC 447 de 1996: caucho vulcanizado. Ensayo de envejecimiento acelerado.<\/li>\n<\/ul>\n","protected":false},"excerpt":{"rendered":"<p>GUANTE INDUSTRIAL CALIBRE 35<\/p>\n<p>Composici\u00f3n: 100% caucho natural.<\/p>\n<p>Color: negro<\/p>\n<p>Tallas: 7, 8, 9<\/p>\n<p>DESCRIPCI\u00d3N<\/p>\n<p>Protege la piel de las manos en labores ante la presencia de agentes externos como soluciones diluidas, en general sustancias qu\u00edmicas no corrosivas. Protege las manos ante bajas temperaturas.<\/p>\n","protected":false},"featured_media":10272,"comment_status":"open","ping_status":"closed","template":"","meta":{"_joinchat":[]},"product_brand":[],"product_cat":[93,28],"product_tag":[],"class_list":{"0":"post-10269","1":"product","2":"type-product","3":"status-publish","4":"has-post-thumbnail","6":"product_cat-proteccion-manual","7":"product_cat-seguridadindustrial","9":"first","10":"instock","11":"shipping-taxable","12":"product-type-simple"},"ams_default_variation_id":0,"ams_product_points_reward":[],"ams_product_discount_percentage":0,"ams_price_to_display":0,"ams_acf":[],"jetpack_sharing_enabled":true,"_links":{"self":[{"href":"https:\/\/komeklatam.com\/index.php\/wp-json\/wp\/v2\/product\/10269","targetHints":{"allow":["GET"]}}],"collection":[{"href":"https:\/\/komeklatam.com\/index.php\/wp-json\/wp\/v2\/product"}],"about":[{"href":"https:\/\/komeklatam.com\/index.php\/wp-json\/wp\/v2\/types\/product"}],"replies":[{"embeddable":true,"href":"https:\/\/komeklatam.com\/index.php\/wp-json\/wp\/v2\/comments?post=10269"}],"wp:featuredmedia":[{"embeddable":true,"href":"https:\/\/komeklatam.com\/index.php\/wp-json\/wp\/v2\/media\/10272"}],"wp:attachment":[{"href":"https:\/\/komeklatam.com\/index.php\/wp-json\/wp\/v2\/media?parent=10269"}],"wp:term":[{"taxonomy":"product_brand","embeddable":true,"href":"https:\/\/komeklatam.com\/index.php\/wp-json\/wp\/v2\/product_brand?post=10269"},{"taxonomy":"product_cat","embeddable":true,"href":"https:\/\/komeklatam.com\/index.php\/wp-json\/wp\/v2\/product_cat?post=10269"},{"taxonomy":"product_tag","embeddable":true,"href":"https:\/\/komeklatam.com\/index.php\/wp-json\/wp\/v2\/product_tag?post=10269"}],"curies":[{"name":"wp","href":"https:\/\/api.w.org\/{rel}","templated":true}]}}