{"id":10277,"date":"2023-07-26T10:01:31","date_gmt":"2023-07-26T10:01:31","guid":{"rendered":"http:\/\/komeklatam.com\/?post_type=product&#038;p=10277"},"modified":"2023-07-26T10:01:32","modified_gmt":"2023-07-26T10:01:32","slug":"guante-lunar-nitrilo","status":"publish","type":"product","link":"https:\/\/komeklatam.com\/index.php\/producto\/guante-lunar-nitrilo\/","title":{"rendered":"GUANTE LUNAR NITRILO"},"content":{"rendered":"<h2>Descripci\u00f3n<\/h2>\n<p>CARACTER\u00cdSTICAS<\/p>\n<ul>\n<li>Recubrimiento de Nitrilo tipo espuma (Foam) que brinda una excepcional ergonom\u00eda.<\/li>\n<li>Soportado en Nylon Spandex que brinda comodidad.<\/li>\n<li>Permite digitar en pantalla t\u00e1ctil; siempre y cuando las labores sean limpias.<\/li>\n<li>Resistente a la abrasi\u00f3n y el desgaste.<\/li>\n<li>La construcci\u00f3n de su tejido permite un excelente fluido del aire en la mano, de esta manera el usuario no sentir\u00e1 molestias causadas por el calor y sudor<\/li>\n<\/ul>\n<p>APLICACIONES<\/p>\n<p>El usuario debe evaluar el nivel de protecci\u00f3n necesaria para la labor. Algunas de las aplicaciones m\u00e1s comunes son:<\/p>\n<ul>\n<li>Almacenamiento y transporte.<\/li>\n<li>Construcci\u00f3n.<\/li>\n<li>Trabajo en alturas.<\/li>\n<li>Metalmec\u00e1nica y Metal\u00fargica.<\/li>\n<li>Manipulaci\u00f3n de madera, piezas y objetos delicados<\/li>\n<\/ul>\n<p>PRECAUCIONES<\/p>\n<ul>\n<li>Puede usarse en presencia de hidrocarburos y derivados.<\/li>\n<li>Se recomienda lavar el guante con agua y jab\u00f3n neutro, secar a la sombra.<\/li>\n<li>Almacenar en un lugar fresco y seco.<\/li>\n<li>Evitar el contacto directo con fuego.<\/li>\n<\/ul>\n<p>INSTRUCCIONES DE CUIDADO<\/p>\n<p>Reemplace el producto inmediatamente si se encuentra roto, desgastado o perforado. En caso de alergia a los componentes suspenda su uso y consulte a su m\u00e9dico. Almacenar en un lugar fresco y seco. La limpieza y el lavado deben ser realizadas con cuidado y de acuerdo a las instrucciones presentes en la etiqueta. El usuario ser\u00e1 responsable del rendimiento del guante luego de la limpieza y el lavado.<\/p>\n<p>EST\u00c1NDARES Y REGULACIONES<\/p>\n<p>El guante est\u00e1 dise\u00f1ado bajo los est\u00e1ndares de la norma EN 388:2016<\/p>\n","protected":false},"excerpt":{"rendered":"<p>GUANTE LUNAR NITRILO<\/p>\n<p>Recubierto de nitrilo tipo espuma (foam) de 15 galgas.<\/p>\n<p>Composici\u00f3n: Nylon spandex. Nitrilo tipo espuma<\/p>\n<p>DESCRIPCI\u00d3N<\/p>\n<p>El Guante Lunar Nitrilo est\u00e1 hecho en Nylon Spandex recubierto en Nitrilo Foam. Es un elemento de protecci\u00f3n manual utilizado para trabajos en condiciones h\u00famedas o secas donde es necesario un excelente agarre y ergonom\u00eda resultando a su vez ser un guante muy c\u00f3modo<\/p>\n","protected":false},"featured_media":10278,"comment_status":"open","ping_status":"closed","template":"","meta":{"_joinchat":[]},"product_brand":[],"product_cat":[93,28],"product_tag":[],"class_list":{"0":"post-10277","1":"product","2":"type-product","3":"status-publish","4":"has-post-thumbnail","6":"product_cat-proteccion-manual","7":"product_cat-seguridadindustrial","9":"first","10":"instock","11":"shipping-taxable","12":"product-type-simple"},"ams_default_variation_id":0,"ams_product_points_reward":[],"ams_product_discount_percentage":0,"ams_price_to_display":0,"ams_acf":[],"jetpack_sharing_enabled":true,"_links":{"self":[{"href":"https:\/\/komeklatam.com\/index.php\/wp-json\/wp\/v2\/product\/10277","targetHints":{"allow":["GET"]}}],"collection":[{"href":"https:\/\/komeklatam.com\/index.php\/wp-json\/wp\/v2\/product"}],"about":[{"href":"https:\/\/komeklatam.com\/index.php\/wp-json\/wp\/v2\/types\/product"}],"replies":[{"embeddable":true,"href":"https:\/\/komeklatam.com\/index.php\/wp-json\/wp\/v2\/comments?post=10277"}],"wp:featuredmedia":[{"embeddable":true,"href":"https:\/\/komeklatam.com\/index.php\/wp-json\/wp\/v2\/media\/10278"}],"wp:attachment":[{"href":"https:\/\/komeklatam.com\/index.php\/wp-json\/wp\/v2\/media?parent=10277"}],"wp:term":[{"taxonomy":"product_brand","embeddable":true,"href":"https:\/\/komeklatam.com\/index.php\/wp-json\/wp\/v2\/product_brand?post=10277"},{"taxonomy":"product_cat","embeddable":true,"href":"https:\/\/komeklatam.com\/index.php\/wp-json\/wp\/v2\/product_cat?post=10277"},{"taxonomy":"product_tag","embeddable":true,"href":"https:\/\/komeklatam.com\/index.php\/wp-json\/wp\/v2\/product_tag?post=10277"}],"curies":[{"name":"wp","href":"https:\/\/api.w.org\/{rel}","templated":true}]}}