{"id":10280,"date":"2023-07-26T10:06:46","date_gmt":"2023-07-26T10:06:46","guid":{"rendered":"http:\/\/komeklatam.com\/?post_type=product&#038;p=10280"},"modified":"2023-07-26T10:06:46","modified_gmt":"2023-07-26T10:06:46","slug":"guante-malla-de-acero-sosega","status":"publish","type":"product","link":"https:\/\/komeklatam.com\/index.php\/producto\/guante-malla-de-acero-sosega\/","title":{"rendered":"Guante malla de acero Sosega"},"content":{"rendered":"<h2>Descripci\u00f3n<\/h2>\n<p>CARACTER\u00cdSTICAS<\/p>\n<ul>\n<li>Reversible para manos izquierda y derecha.<\/li>\n<li>Dise\u00f1o de cierre de acero inoxidable ajustable.<\/li>\n<li>Dise\u00f1o de correa desmontable.<\/li>\n<li>Pu\u00f1o con correa lavable.<\/li>\n<li>Aceptado por la FDA para manipulaci\u00f3n de alimentos.<\/li>\n<li>Di\u00e1metro del alambre de acero: Aprox. 0,53 mm.<\/li>\n<li>Resistencia a la tracci\u00f3n del anillo simple: 200N.<\/li>\n<li>Resistencia a los cortes: Superar el nivel 5 de resistencia al corte.<\/li>\n<li>0 de 50 intentos se rompieron o se abrieron cuando se aplic\u00f3 una fuerza de 100N sobre el guante.<\/li>\n<\/ul>\n<p>INSTRUCCIONES<\/p>\n<ul>\n<li>Todo el equipo de seguridad deber\u00e1 ser inspeccionado antes de utilizarse, para as\u00ed descartar alg\u00fan defecto de fabricaci\u00f3n.<\/li>\n<li>Se puede lavar con agua tibia y jab\u00f3n suave.<\/li>\n<li>No exponer al sol.<\/li>\n<\/ul>\n<p>EST\u00c1NDARES Y REGULACIONES<\/p>\n<p>El guante est\u00e1 dise\u00f1ado bajo los est\u00e1ndares de las normas:<\/p>\n<ul>\n<li>INVIMA-19-20166<\/li>\n<li>EN 1082-1: 1996<\/li>\n<li>Certificados disponibles: CE, FDA<\/li>\n<\/ul>\n","protected":false},"excerpt":{"rendered":"<p>Material: Acero inoxidable.<\/p>\n<p>Talla: S, M, L.<\/p>\n<p>DESCRIPCI\u00d3N<\/p>\n<ul>\n<li>El Guante Malla Acero AISI 304L, grado alimenticio. Material de la correa TPE.<\/li>\n<li>Estructura: 4 en 1 malla de anillo entrelazada. Cada anillo est\u00e1 completamente soldado.<\/li>\n<li>Ninguno de los materiales o procesos utilizados en la manufactura de estos productos son conocidos como nocivos o da\u00f1inos para el usuario.<\/li>\n<\/ul>\n","protected":false},"featured_media":10281,"comment_status":"open","ping_status":"closed","template":"","meta":{"_joinchat":[]},"product_brand":[],"product_cat":[93,28],"product_tag":[],"class_list":{"0":"post-10280","1":"product","2":"type-product","3":"status-publish","4":"has-post-thumbnail","6":"product_cat-proteccion-manual","7":"product_cat-seguridadindustrial","9":"first","10":"instock","11":"shipping-taxable","12":"product-type-simple"},"ams_default_variation_id":0,"ams_product_points_reward":[],"ams_product_discount_percentage":0,"ams_price_to_display":0,"ams_acf":[],"jetpack_sharing_enabled":true,"_links":{"self":[{"href":"https:\/\/komeklatam.com\/index.php\/wp-json\/wp\/v2\/product\/10280","targetHints":{"allow":["GET"]}}],"collection":[{"href":"https:\/\/komeklatam.com\/index.php\/wp-json\/wp\/v2\/product"}],"about":[{"href":"https:\/\/komeklatam.com\/index.php\/wp-json\/wp\/v2\/types\/product"}],"replies":[{"embeddable":true,"href":"https:\/\/komeklatam.com\/index.php\/wp-json\/wp\/v2\/comments?post=10280"}],"wp:featuredmedia":[{"embeddable":true,"href":"https:\/\/komeklatam.com\/index.php\/wp-json\/wp\/v2\/media\/10281"}],"wp:attachment":[{"href":"https:\/\/komeklatam.com\/index.php\/wp-json\/wp\/v2\/media?parent=10280"}],"wp:term":[{"taxonomy":"product_brand","embeddable":true,"href":"https:\/\/komeklatam.com\/index.php\/wp-json\/wp\/v2\/product_brand?post=10280"},{"taxonomy":"product_cat","embeddable":true,"href":"https:\/\/komeklatam.com\/index.php\/wp-json\/wp\/v2\/product_cat?post=10280"},{"taxonomy":"product_tag","embeddable":true,"href":"https:\/\/komeklatam.com\/index.php\/wp-json\/wp\/v2\/product_tag?post=10280"}],"curies":[{"name":"wp","href":"https:\/\/api.w.org\/{rel}","templated":true}]}}