{"id":10286,"date":"2023-07-26T10:10:16","date_gmt":"2023-07-26T10:10:16","guid":{"rendered":"http:\/\/komeklatam.com\/?post_type=product&#038;p=10286"},"modified":"2023-07-26T10:10:16","modified_gmt":"2023-07-26T10:10:16","slug":"guante-poliester","status":"publish","type":"product","link":"https:\/\/komeklatam.com\/index.php\/producto\/guante-poliester\/","title":{"rendered":"Guante Poli\u00e9ster"},"content":{"rendered":"<h2>Descripci\u00f3n<\/h2>\n<p>CARACTER\u00cdSTICAS<\/p>\n<ul>\n<li>El guante Poli\u00e9ster desprende poca pelusa. Ideal para \u00e1reas limpias y donde sea necesario suavidad en el manejo de materiales, producto de alta sensibilidad y suavidad.<\/li>\n<li>Es una guante totalmente ergon\u00f3mico y c\u00f3modo para realizar cualquier tipo de actividad<\/li>\n<\/ul>\n<p>APLICACIONES<\/p>\n<ul>\n<li>El usuario debe evaluar el nivel de protecci\u00f3n necesaria para la labor. Algunas de las aplicaciones m\u00e1s comunes son:<\/li>\n<li>Manejo de piezas peque\u00f1as y delicadas.<\/li>\n<li>Industria automotriz.<\/li>\n<li>Pesca.<\/li>\n<li>Miner\u00eda.<\/li>\n<li>Montaje.<\/li>\n<li>Limpieza.<\/li>\n<\/ul>\n<p>PRECAUCIONES DE USO<\/p>\n<ul>\n<li>No usar en presencia de hidrocarburos y derivados.<\/li>\n<li>Los Guantes no deben ser usados en lugares donde exista riesgo de enredarse con piezas mec\u00e1nicas en movimiento.<\/li>\n<li>Evitar el contacto directo con fuego.<\/li>\n<\/ul>\n<p>INSTRUCCIONES DE CUIDADO<\/p>\n<ul>\n<li>Reemplace el producto inmediatamente si se encuentra roto, desgastado o perforado. En caso de alergia a los componentes suspenda su uso y consulte a su m\u00e9dico. Almacenar en un lugar fresco y seco. La limpieza y el lavado deben ser realizadas con cuidado y de acuerdo a las instrucciones presentes en la etiqueta. El usuario\u00a0 rendimiento del guante luego de la limpieza y el lavado.<\/li>\n<\/ul>\n<p>TALLA: \u00danica<\/p>\n<p>EST\u00c1NDARES Y REGULACIONES<\/p>\n<p>El guante est\u00e1 dise\u00f1ado bajo los est\u00e1ndares de la norma EN 388:2016<\/p>\n<p>COMPOSICI\u00d3N<br \/>\nPoli\u00e9ster<\/p>\n","protected":false},"excerpt":{"rendered":"<p>El Guante Poliester usualmente se utiliza para manejo de piezas delicadas, protege al producto evitando rayaduras y que se dejen huellas digitales, adem\u00e1s da muy buena sensibilidad en la manos y en los dedos.<\/p>\n<p>Guante Poli\u00e9ster<br \/>\nPoli\u00e9ster de 13 Galgas<\/p>\n","protected":false},"featured_media":10287,"comment_status":"open","ping_status":"closed","template":"","meta":{"_joinchat":[]},"product_brand":[],"product_cat":[93,28],"product_tag":[],"class_list":{"0":"post-10286","1":"product","2":"type-product","3":"status-publish","4":"has-post-thumbnail","6":"product_cat-proteccion-manual","7":"product_cat-seguridadindustrial","9":"first","10":"instock","11":"shipping-taxable","12":"product-type-simple"},"ams_default_variation_id":0,"ams_product_points_reward":[],"ams_product_discount_percentage":0,"ams_price_to_display":0,"ams_acf":[],"jetpack_sharing_enabled":true,"_links":{"self":[{"href":"https:\/\/komeklatam.com\/index.php\/wp-json\/wp\/v2\/product\/10286","targetHints":{"allow":["GET"]}}],"collection":[{"href":"https:\/\/komeklatam.com\/index.php\/wp-json\/wp\/v2\/product"}],"about":[{"href":"https:\/\/komeklatam.com\/index.php\/wp-json\/wp\/v2\/types\/product"}],"replies":[{"embeddable":true,"href":"https:\/\/komeklatam.com\/index.php\/wp-json\/wp\/v2\/comments?post=10286"}],"wp:featuredmedia":[{"embeddable":true,"href":"https:\/\/komeklatam.com\/index.php\/wp-json\/wp\/v2\/media\/10287"}],"wp:attachment":[{"href":"https:\/\/komeklatam.com\/index.php\/wp-json\/wp\/v2\/media?parent=10286"}],"wp:term":[{"taxonomy":"product_brand","embeddable":true,"href":"https:\/\/komeklatam.com\/index.php\/wp-json\/wp\/v2\/product_brand?post=10286"},{"taxonomy":"product_cat","embeddable":true,"href":"https:\/\/komeklatam.com\/index.php\/wp-json\/wp\/v2\/product_cat?post=10286"},{"taxonomy":"product_tag","embeddable":true,"href":"https:\/\/komeklatam.com\/index.php\/wp-json\/wp\/v2\/product_tag?post=10286"}],"curies":[{"name":"wp","href":"https:\/\/api.w.org\/{rel}","templated":true}]}}