{"id":10289,"date":"2023-07-26T10:12:02","date_gmt":"2023-07-26T10:12:02","guid":{"rendered":"http:\/\/komeklatam.com\/?post_type=product&#038;p=10289"},"modified":"2023-07-26T10:12:02","modified_gmt":"2023-07-26T10:12:02","slug":"guante-politec-nylon","status":"publish","type":"product","link":"https:\/\/komeklatam.com\/index.php\/producto\/guante-politec-nylon\/","title":{"rendered":"Guante Politec Nylon"},"content":{"rendered":"<p>CARACTER\u00cdSTICAS<\/p>\n<ul>\n<li>Su dise\u00f1o y material permite un uso m\u00e1s largo y c\u00f3modo, sin puntos d\u00e9biles donde pueda rasgarse f\u00e1cilmente por el movimiento natural de la mano.<\/li>\n<li>La construcci\u00f3n de su tejido permite un excelente fluido del aire en la mano, de esta manera el usuario no sentir\u00e1 molestias causadas por el calor y sudor.<\/li>\n<\/ul>\n<p>APLICACIONES<\/p>\n<ul>\n<li>El usuario debe evaluar el nivel de protecci\u00f3n necesaria para la labor. Algunas de las aplicaciones m\u00e1s comunes son:<\/li>\n<li>Ensamble.<\/li>\n<li>Manipulaci\u00f3n y transporte.<\/li>\n<li>Procesos Industriales.<\/li>\n<li>Jardiner\u00eda, limpieza y mantenimiento.<\/li>\n<li>Para todo tipo de actividad.<\/li>\n<li>Archivo.<\/li>\n<\/ul>\n<p>PRECAUCIONES DE USO<\/p>\n<ul>\n<li>No usar en presencia de hidrocarburos y derivados.<\/li>\n<li>Los Guantes no deben ser usados en lugares donde exista riesgo de enredarse con piezas mec\u00e1nicas en movimiento.<\/li>\n<li>Evitar el contacto directo con fuego.<\/li>\n<\/ul>\n<p>INSTRUCCIONES DE CUIDADO<\/p>\n<ul>\n<li>Reemplace el producto inmediatamente si se encuentra roto, desgastado o perforado. En caso de<br \/>\nalergia a los componentes suspenda su uso y consulte a su m\u00e9dico. Almacenar en un lugar fresco y seco.<\/li>\n<li>La limpieza y el lavado deben ser realizadas con cuidado y de acuerdo a las instrucciones presentes en<br \/>\nla etiqueta. El usuario ser\u00e1 responsable del rendimiento del guante luego de la limpieza y el lavado.<\/li>\n<\/ul>\n<p>TALLA: S M L X<\/p>\n<p>EST\u00c1NDARES Y REGULACIONES<\/p>\n<p>El guante est\u00e1 dise\u00f1ado bajo los est\u00e1ndares de la norma EN 388.<\/p>\n<p>COMPOSICI\u00d3N<br \/>\nNylon<br \/>\nEl\u00e1stico<\/p>\n","protected":false},"excerpt":{"rendered":"<p>CARACTER\u00cdSTICAS Su dise\u00f1o y material permite un uso m\u00e1s largo y c\u00f3modo, sin puntos d\u00e9biles donde pueda rasgarse f\u00e1cilmente por<\/p>\n","protected":false},"featured_media":10290,"comment_status":"open","ping_status":"closed","template":"","meta":{"_joinchat":[]},"product_brand":[],"product_cat":[93,28],"product_tag":[],"class_list":{"0":"post-10289","1":"product","2":"type-product","3":"status-publish","4":"has-post-thumbnail","6":"product_cat-proteccion-manual","7":"product_cat-seguridadindustrial","9":"first","10":"instock","11":"shipping-taxable","12":"product-type-simple"},"ams_default_variation_id":0,"ams_product_points_reward":[],"ams_product_discount_percentage":0,"ams_price_to_display":0,"ams_acf":[],"jetpack_sharing_enabled":true,"_links":{"self":[{"href":"https:\/\/komeklatam.com\/index.php\/wp-json\/wp\/v2\/product\/10289","targetHints":{"allow":["GET"]}}],"collection":[{"href":"https:\/\/komeklatam.com\/index.php\/wp-json\/wp\/v2\/product"}],"about":[{"href":"https:\/\/komeklatam.com\/index.php\/wp-json\/wp\/v2\/types\/product"}],"replies":[{"embeddable":true,"href":"https:\/\/komeklatam.com\/index.php\/wp-json\/wp\/v2\/comments?post=10289"}],"wp:featuredmedia":[{"embeddable":true,"href":"https:\/\/komeklatam.com\/index.php\/wp-json\/wp\/v2\/media\/10290"}],"wp:attachment":[{"href":"https:\/\/komeklatam.com\/index.php\/wp-json\/wp\/v2\/media?parent=10289"}],"wp:term":[{"taxonomy":"product_brand","embeddable":true,"href":"https:\/\/komeklatam.com\/index.php\/wp-json\/wp\/v2\/product_brand?post=10289"},{"taxonomy":"product_cat","embeddable":true,"href":"https:\/\/komeklatam.com\/index.php\/wp-json\/wp\/v2\/product_cat?post=10289"},{"taxonomy":"product_tag","embeddable":true,"href":"https:\/\/komeklatam.com\/index.php\/wp-json\/wp\/v2\/product_tag?post=10289"}],"curies":[{"name":"wp","href":"https:\/\/api.w.org\/{rel}","templated":true}]}}