{"id":10322,"date":"2023-07-26T10:33:21","date_gmt":"2023-07-26T10:33:21","guid":{"rendered":"http:\/\/komeklatam.com\/?post_type=product&#038;p=10322"},"modified":"2023-07-26T10:33:21","modified_gmt":"2023-07-26T10:33:21","slug":"guante-tank-latex","status":"publish","type":"product","link":"https:\/\/komeklatam.com\/index.php\/producto\/guante-tank-latex\/","title":{"rendered":"Guante Tank L\u00e1tex"},"content":{"rendered":"<h2>Descripci\u00f3n<\/h2>\n<p>CARACTER\u00cdSTICAS<\/p>\n<ul>\n<li>Recubrimiento de l\u00e1tex corrugado para un mejor agarre y destreza.<\/li>\n<\/ul>\n<p>&nbsp;<\/p>\n<ul>\n<li>Su dise\u00f1o y material permite un uso m\u00e1s largo y c\u00f3modo, sin puntos d\u00e9biles donde pueda rasgarse f\u00e1cilmente por el movimiento natural de la mano.<\/li>\n<\/ul>\n<p>&nbsp;<\/p>\n<ul>\n<li>La construcci\u00f3n de su tejido permite un excelente fluido del aire en la mano, de esta manera el usuario no sentir\u00e1 molestias causadas por el calor y sudor.<\/li>\n<\/ul>\n<p>&nbsp;<\/p>\n<p>APLICACIONES<\/p>\n<ul>\n<li>El usuario debe evaluar el nivel de protecci\u00f3n necesaria para la labor. Algunas de las aplicaciones m\u00e1s comunes son:<\/li>\n<\/ul>\n<p>&nbsp;<\/p>\n<ul>\n<li><\/li>\n<\/ul>\n<p>&nbsp;<\/p>\n<ul>\n<li>Manipulaci\u00f3n y transporte.<\/li>\n<\/ul>\n<p>&nbsp;<\/p>\n<ul>\n<li>Construcci\u00f3n, procesos Industriales.<\/li>\n<\/ul>\n<p>&nbsp;<\/p>\n<ul>\n<li>Jardiner\u00eda, limpieza y mantenimiento.<\/li>\n<\/ul>\n<p>&nbsp;<\/p>\n<ul>\n<li>Metal mec\u00e1nico.<\/li>\n<\/ul>\n<p>&nbsp;<\/p>\n<p>PRECAUCIONES DE USO<\/p>\n<ul>\n<li>No usar en presencia de hidrocarburos y derivados.Los guantes no deben ser usados en lugares donde exista riesgo de enredarse con piezas mec\u00e1nicas en movimiento.<\/li>\n<\/ul>\n<p>&nbsp;<\/p>\n<ul>\n<li>Evitar el contacto directo con fuego.<\/li>\n<\/ul>\n<p>&nbsp;<\/p>\n<p>INSTRUCCIONES DE CUIDADO<\/p>\n<ul>\n<li>Almacenar en un lugar fresco y seco. La limpieza y el lavado deben ser realizadas con cuidado y de acuerdo a las instrucciones presentes en la etiqueta. El usuario ser\u00e1 responsable del rendimiento del guante luego de la limpieza y el lavado. Luego de su uso o cumplido el ciclo de vida \u00fatil los guantes pueden estar contaminados con diferentes materiales. Desecharlos de acuerdo a las normas locales establecidas.<\/li>\n<\/ul>\n<p>TALLA \u2013 M \u2013 L \u2013 XL<\/p>\n<p>EST\u00c1NDARES Y REGULACIONES<\/p>\n<p>El guante est\u00e1 dise\u00f1ado bajo los est\u00e1ndares de la norma EN 388.<\/p>\n<p>COMPOSICI\u00d3N<\/p>\n<p>L\u00e1tex<\/p>\n<p>Poli\u00e9ster \u2013 Algod\u00f3n<\/p>\n","protected":false},"excerpt":{"rendered":"<p>El Guante Tank L\u00e1tex ha sido dise\u00f1ado para su uso en una extensa gama de aplicaciones de manipulaci\u00f3n y transporte. Tanto en condiciones h\u00famedas como en seco, este guante ofrece un magn\u00edfico agarre y un excelente comportamiento frente al desgaste y cortes, resultando a la vez muy c\u00f3modo. Le ofrecer\u00e1 una productividad y una seguridad \u00f3ptimas en los sectores de la construcci\u00f3n, el metal mec\u00e1nico, fabricaci\u00f3n y manipulaci\u00f3n en maderas, el transporte y el manejo general de mercanc\u00edas.<\/p>\n<p>Guante Tank L\u00e1tex<\/p>\n<p>Fabricado en Poli\u00e9ster y algod\u00f3n de 10 Galgas<\/p>\n<p>Recubierto en L\u00e1tex corrugado.<\/p>\n","protected":false},"featured_media":10323,"comment_status":"open","ping_status":"closed","template":"","meta":{"_joinchat":[]},"product_brand":[],"product_cat":[93,28],"product_tag":[],"class_list":{"0":"post-10322","1":"product","2":"type-product","3":"status-publish","4":"has-post-thumbnail","6":"product_cat-proteccion-manual","7":"product_cat-seguridadindustrial","9":"first","10":"instock","11":"shipping-taxable","12":"product-type-simple"},"ams_default_variation_id":0,"ams_product_points_reward":[],"ams_product_discount_percentage":0,"ams_price_to_display":0,"ams_acf":[],"jetpack_sharing_enabled":true,"_links":{"self":[{"href":"https:\/\/komeklatam.com\/index.php\/wp-json\/wp\/v2\/product\/10322","targetHints":{"allow":["GET"]}}],"collection":[{"href":"https:\/\/komeklatam.com\/index.php\/wp-json\/wp\/v2\/product"}],"about":[{"href":"https:\/\/komeklatam.com\/index.php\/wp-json\/wp\/v2\/types\/product"}],"replies":[{"embeddable":true,"href":"https:\/\/komeklatam.com\/index.php\/wp-json\/wp\/v2\/comments?post=10322"}],"wp:featuredmedia":[{"embeddable":true,"href":"https:\/\/komeklatam.com\/index.php\/wp-json\/wp\/v2\/media\/10323"}],"wp:attachment":[{"href":"https:\/\/komeklatam.com\/index.php\/wp-json\/wp\/v2\/media?parent=10322"}],"wp:term":[{"taxonomy":"product_brand","embeddable":true,"href":"https:\/\/komeklatam.com\/index.php\/wp-json\/wp\/v2\/product_brand?post=10322"},{"taxonomy":"product_cat","embeddable":true,"href":"https:\/\/komeklatam.com\/index.php\/wp-json\/wp\/v2\/product_cat?post=10322"},{"taxonomy":"product_tag","embeddable":true,"href":"https:\/\/komeklatam.com\/index.php\/wp-json\/wp\/v2\/product_tag?post=10322"}],"curies":[{"name":"wp","href":"https:\/\/api.w.org\/{rel}","templated":true}]}}