{"id":10325,"date":"2023-07-26T10:34:58","date_gmt":"2023-07-26T10:34:58","guid":{"rendered":"http:\/\/komeklatam.com\/?post_type=product&#038;p=10325"},"modified":"2023-07-26T10:34:58","modified_gmt":"2023-07-26T10:34:58","slug":"guante-temperatura-sosega","status":"publish","type":"product","link":"https:\/\/komeklatam.com\/index.php\/producto\/guante-temperatura-sosega\/","title":{"rendered":"Guante Temperatura Sosega"},"content":{"rendered":"<h2>Descripci\u00f3n<\/h2>\n<p>CARACTER\u00cdSTICAS<\/p>\n<ul>\n<li>Buena resistencia mec\u00e1nica.<\/li>\n<li>Buena resistencia a temperaturas.<\/li>\n<li>C\u00f3modo.<\/li>\n<li>Permite la ventilaci\u00f3n en las manos.<\/li>\n<li>Refuerzo entre pulgar e indice.<\/li>\n<li>Buena resistencia al corte.<\/li>\n<\/ul>\n<p>APLICACIONES<\/p>\n<ul>\n<li>\u00a0El usuario debe evaluar el nivel de protecci\u00f3n necesaria para la labor. Algunas de las aplicaciones m\u00e1s comunes son:<\/li>\n<li>Actividades que demanden manipulaci\u00f3n de objetos con temperatura alta.<\/li>\n<li>Ensambles.<\/li>\n<li>Mantenimiento<\/li>\n<li>Trabajos generales.<\/li>\n<li>Industria automotriz.<\/li>\n<li>Industria metal-mec\u00e1nica.<\/li>\n<\/ul>\n<p>PRECAUCIONES DE USO<\/p>\n<ul>\n<li>Su resistencia al corte es limitada evaluar de acuerdo a las condisiones de uso.<\/li>\n<li>No exponerse a fuego directo.<\/li>\n<li>No es apto para el manejo de qu\u00edmicos<\/li>\n<\/ul>\n<p>LIMPIEZA Y MANTENIMIENTO<\/p>\n<ul>\n<li>La limpieza y en su caso, la descontaminaci\u00f3n o desinfecci\u00f3n del equipo, debe ser despu\u00e9s de cada<br \/>\njornada de uso.<\/li>\n<li>El guante puede ser lavado con agua no mayor a<\/li>\n<li>40\u00b0 Celsius, el uso del cloro puede deteriorar el<br \/>\nproducto.<\/li>\n<li>La limpieza del EPP puede ser efectuada en el centro de trabajo, ya sea por el trabajador, usuario o por alguna otra persona designada por el responsable del \u00e1rea de Seguridad.<\/li>\n<\/ul>\n<p>TALLA :\u00a0 \u00daNICA<\/p>\n<p>EST\u00c1NDARES Y REGULACIONES<\/p>\n<p>El guante est\u00e1 dise\u00f1ado bajo los est\u00e1ndares de la norma EN 388:2016<\/p>\n<p>COMPOSICI\u00d3N<br \/>\nPu\u00f1o: Lona Bondeada<br \/>\nAlgod\u00f3n Texturizado<\/p>\n","protected":false},"excerpt":{"rendered":"<p>Guante Temperatura doble capa, tejido de algod\u00f3n Texturizado\/Poli\u00e9ster de color gris. Capa externa y capa interna tejida con Algod\u00f3n\/Poli\u00e9ster (color variable), con pu\u00f1o de seguridad de lona bondeada.<\/p>\n<p>Guante Temperatura<br \/>\nAlgod\u00f3n texturizado y Poli\u00e9ster, con pu\u00f1o<br \/>\nde seguridad<\/p>\n","protected":false},"featured_media":10326,"comment_status":"open","ping_status":"closed","template":"","meta":{"_joinchat":[]},"product_brand":[],"product_cat":[93,28],"product_tag":[],"class_list":{"0":"post-10325","1":"product","2":"type-product","3":"status-publish","4":"has-post-thumbnail","6":"product_cat-proteccion-manual","7":"product_cat-seguridadindustrial","9":"first","10":"instock","11":"shipping-taxable","12":"product-type-simple"},"ams_default_variation_id":0,"ams_product_points_reward":[],"ams_product_discount_percentage":0,"ams_price_to_display":0,"ams_acf":[],"jetpack_sharing_enabled":true,"_links":{"self":[{"href":"https:\/\/komeklatam.com\/index.php\/wp-json\/wp\/v2\/product\/10325","targetHints":{"allow":["GET"]}}],"collection":[{"href":"https:\/\/komeklatam.com\/index.php\/wp-json\/wp\/v2\/product"}],"about":[{"href":"https:\/\/komeklatam.com\/index.php\/wp-json\/wp\/v2\/types\/product"}],"replies":[{"embeddable":true,"href":"https:\/\/komeklatam.com\/index.php\/wp-json\/wp\/v2\/comments?post=10325"}],"wp:featuredmedia":[{"embeddable":true,"href":"https:\/\/komeklatam.com\/index.php\/wp-json\/wp\/v2\/media\/10326"}],"wp:attachment":[{"href":"https:\/\/komeklatam.com\/index.php\/wp-json\/wp\/v2\/media?parent=10325"}],"wp:term":[{"taxonomy":"product_brand","embeddable":true,"href":"https:\/\/komeklatam.com\/index.php\/wp-json\/wp\/v2\/product_brand?post=10325"},{"taxonomy":"product_cat","embeddable":true,"href":"https:\/\/komeklatam.com\/index.php\/wp-json\/wp\/v2\/product_cat?post=10325"},{"taxonomy":"product_tag","embeddable":true,"href":"https:\/\/komeklatam.com\/index.php\/wp-json\/wp\/v2\/product_tag?post=10325"}],"curies":[{"name":"wp","href":"https:\/\/api.w.org\/{rel}","templated":true}]}}