{"id":10328,"date":"2023-07-26T10:36:48","date_gmt":"2023-07-26T10:36:48","guid":{"rendered":"http:\/\/komeklatam.com\/?post_type=product&#038;p=10328"},"modified":"2023-07-26T10:36:48","modified_gmt":"2023-07-26T10:36:48","slug":"guante-tenaz-nitrilo","status":"publish","type":"product","link":"https:\/\/komeklatam.com\/index.php\/producto\/guante-tenaz-nitrilo\/","title":{"rendered":"GUANTE TENAZ NITRILO"},"content":{"rendered":"<h2>Descripci\u00f3n<\/h2>\n<p>CARACTER\u00cdSTICAS<\/p>\n<ul>\n<li>Fabricado con Nitrilo compuesto especialmente, formulado de alto rendimiento que ofrece mejor sensibilidad t\u00e1ctil y resistencia a la tracci\u00f3n.<\/li>\n<li>Forma contorneada especialmente dise\u00f1ada para asegurar mejor confort y prevenir fatiga de la mano.<\/li>\n<li>Ofrece resistencia superior contra una amplia gama de qu\u00edmicos incluidos los solventes, \u00e1cidos comunes y c\u00e1usticos, alcoholes, detergentes fuertes, grasas animales, aceites y grasas.<\/li>\n<\/ul>\n<p>APLICACIONES<\/p>\n<p>El usuario debe evaluar el nivel de protecci\u00f3n necesaria para la labor. Algunas de las aplicaciones m\u00e1s comunes son:<\/p>\n<ul>\n<li>Procesamiento y manejo de qu\u00edmicos.<\/li>\n<li>Mantenimiento general.<\/li>\n<li>Uso industrial.<\/li>\n<li>Procesamiento de alimentos.<\/li>\n<li>Aplicaci\u00f3n de pesticidas.<\/li>\n<li>Industria petroqu\u00edmica.<\/li>\n<\/ul>\n<p>PRECAUCIONES DE USO<\/p>\n<ul>\n<li>Puede usarse en presencia ligera de hidrocarburos y derivados.<\/li>\n<li>Los guantes no deben ser usados en lugares donde exista riesgo de enredarse con piezas mec\u00e1nicas en movimiento.<\/li>\n<li>Evitar el contacto directo con fuego.<\/li>\n<\/ul>\n<p>INSTRUCCIONES DE CUIDADO<\/p>\n<p>Almacenar en un lugar fresco y seco. La limpieza y el lavado deben ser realizadas con cuidado y de acuerdo a las instrucciones presentes en la etiqueta. El usuario ser\u00e1 responsable del rendimiento del guante luego de la limpieza y el lavado. Luego de su uso o cumplido el ciclo de vida \u00fatil los guantes pueden estar contaminados con diferentes materiales. Desecharlos de acuerdo a las normas locales establecidas.<\/p>\n<p>EST\u00c1NDARES Y REGULACIONES<\/p>\n<p>El guante est\u00e1 dise\u00f1ado y certificado bajo los est\u00e1ndares de las normas EN 388 EN ISO 374-1:2016 Type B \u2013 ISO 374-5:2016<\/p>\n","protected":false},"excerpt":{"rendered":"<p>Composici\u00f3n: Nitrilo verde<\/p>\n<p>Tallas: S, M, L, XL.<\/p>\n<p>DESCRIPCI\u00d3N<\/p>\n<p>El Guante Tenaz est\u00e1 compuesto en 100% nitrilo especialmente formulado, tiene un espesor de 15 mil y cuenta con una pel\u00edcula interior de fibra de algod\u00f3n. Est\u00e1 especialmente dise\u00f1ado para la protecci\u00f3n de las manos en labores que requieran resistencia a qu\u00edmicos, brindando un alto nivel de destreza, agarre y comodidad.<\/p>\n","protected":false},"featured_media":10329,"comment_status":"open","ping_status":"closed","template":"","meta":{"_joinchat":[]},"product_brand":[],"product_cat":[93,28],"product_tag":[],"class_list":{"0":"post-10328","1":"product","2":"type-product","3":"status-publish","4":"has-post-thumbnail","6":"product_cat-proteccion-manual","7":"product_cat-seguridadindustrial","9":"first","10":"instock","11":"shipping-taxable","12":"product-type-simple"},"ams_default_variation_id":0,"ams_product_points_reward":[],"ams_product_discount_percentage":0,"ams_price_to_display":0,"ams_acf":[],"jetpack_sharing_enabled":true,"_links":{"self":[{"href":"https:\/\/komeklatam.com\/index.php\/wp-json\/wp\/v2\/product\/10328","targetHints":{"allow":["GET"]}}],"collection":[{"href":"https:\/\/komeklatam.com\/index.php\/wp-json\/wp\/v2\/product"}],"about":[{"href":"https:\/\/komeklatam.com\/index.php\/wp-json\/wp\/v2\/types\/product"}],"replies":[{"embeddable":true,"href":"https:\/\/komeklatam.com\/index.php\/wp-json\/wp\/v2\/comments?post=10328"}],"wp:featuredmedia":[{"embeddable":true,"href":"https:\/\/komeklatam.com\/index.php\/wp-json\/wp\/v2\/media\/10329"}],"wp:attachment":[{"href":"https:\/\/komeklatam.com\/index.php\/wp-json\/wp\/v2\/media?parent=10328"}],"wp:term":[{"taxonomy":"product_brand","embeddable":true,"href":"https:\/\/komeklatam.com\/index.php\/wp-json\/wp\/v2\/product_brand?post=10328"},{"taxonomy":"product_cat","embeddable":true,"href":"https:\/\/komeklatam.com\/index.php\/wp-json\/wp\/v2\/product_cat?post=10328"},{"taxonomy":"product_tag","embeddable":true,"href":"https:\/\/komeklatam.com\/index.php\/wp-json\/wp\/v2\/product_tag?post=10328"}],"curies":[{"name":"wp","href":"https:\/\/api.w.org\/{rel}","templated":true}]}}