{"id":10331,"date":"2023-07-26T10:38:37","date_gmt":"2023-07-26T10:38:37","guid":{"rendered":"http:\/\/komeklatam.com\/?post_type=product&#038;p=10331"},"modified":"2023-07-26T10:38:37","modified_gmt":"2023-07-26T10:38:37","slug":"guante-titan-nitrilo-tipo-panal-sosega","status":"publish","type":"product","link":"https:\/\/komeklatam.com\/index.php\/producto\/guante-titan-nitrilo-tipo-panal-sosega\/","title":{"rendered":"Guante Tit\u00e1n nitrilo tipo panal Sosega"},"content":{"rendered":"<h2>Descripci\u00f3n<\/h2>\n<p><strong>CARACTER\u00cdSTICAS<\/strong><\/p>\n<ul>\n<li>Recubrimiento de Nitrilo tipo panal soportado en<br \/>\nPoli\u00e9ster para brindar mayor comodidad y agarre.<\/li>\n<li>Su dise\u00f1o y material permite un uso m\u00e1s largo y<br \/>\nc\u00f3modo, sin puntos d\u00e9biles donde pueda rasgarse<br \/>\nf\u00e1cilmente por el movimiento natural de la mano.<\/li>\n<li>La construcci\u00f3n de su tejido permite su uso en<br \/>\nlabores que demandan agarre, destreza y comodidad<\/li>\n<\/ul>\n<p><strong>APLICACIONES<\/strong><\/p>\n<ul>\n<li>El usuario debe evaluar el nivel de protecci\u00f3n<br \/>\nnecesaria para la labor. Algunas de las aplicaciones<br \/>\nm\u00e1s comunes son:<\/li>\n<li>Ensamblaje.<\/li>\n<li>Manipulaci\u00f3n y transporte.<\/li>\n<li>Construcci\u00f3n.<\/li>\n<li>Metal mec\u00e1nico, procesos Industriales.<\/li>\n<li>Jardiner\u00eda y limpieza, mantenimiento.<\/li>\n<\/ul>\n<p><strong>PRECAUCIONES DE USO<\/strong><\/p>\n<ul>\n<li>Los guantes no deben ser usados en lugares donde<br \/>\nexista riesgo de enredarse con piezas mec\u00e1nicas en<br \/>\nmovimiento.<\/li>\n<li>Evitar el contacto directo con fuego.<\/li>\n<li>Puede usarse en presencia de hidrocarburos y<br \/>\nderivados.<\/li>\n<\/ul>\n<p><strong>INSTRUCCIONES DE CUIDADO<\/strong><\/p>\n<ul>\n<li>Reemplace el producto inmediatamente si se encuentra<br \/>\nroto, desgastado o perforado. En caso de alergia a los<br \/>\ncomponentes suspenda su uso y consulte a su m\u00e9dico.<br \/>\nAlmacenar en un lugar fresco y seco. La limpieza y el<br \/>\nlavado deben ser realizadas con cuidado y de acuerdo a<br \/>\nlas instrucciones presentes en la etiqueta. El usuario ser\u00e1<br \/>\nresponsable del rendimiento del guante luego de la<br \/>\nlimpieza y el lavado.<\/li>\n<\/ul>\n<p><strong>EST\u00c1NDARES Y REGULACIONES<\/strong><\/p>\n<p>El guante est\u00e1 dise\u00f1ado bajo los est\u00e1ndares de la norma EN 388:2016<\/p>\n<p>&nbsp;<\/p>\n","protected":false},"excerpt":{"rendered":"<p>Guante Tit\u00e1n Nitrilo Tipo Panal<br \/>\nFabricado en Poli\u00e9ster de 13 Galgas<br \/>\nRecubierto en Nitrilo<br \/>\nRef.400059<\/p>\n<p>El Guante Tit\u00e1n recubierto en Nitrilo tipo panal ha sido<br \/>\ndise\u00f1ado para su uso en una extensa gama de aplicaciones. Tanto en condiciones h\u00famedas como en seco, este<br \/>\nguante ofrece un magn\u00edfico agarre y un excelente comportamiento frente al desgaste y a cortes, resultando a la vez<br \/>\nmuy c\u00f3modo.<\/p>\n<p>Tallas: S, M, L, XL.<\/p>\n","protected":false},"featured_media":10332,"comment_status":"open","ping_status":"closed","template":"","meta":{"_joinchat":[]},"product_brand":[],"product_cat":[93,28],"product_tag":[],"class_list":{"0":"post-10331","1":"product","2":"type-product","3":"status-publish","4":"has-post-thumbnail","6":"product_cat-proteccion-manual","7":"product_cat-seguridadindustrial","9":"first","10":"instock","11":"shipping-taxable","12":"product-type-simple"},"ams_default_variation_id":0,"ams_product_points_reward":[],"ams_product_discount_percentage":0,"ams_price_to_display":0,"ams_acf":[],"jetpack_sharing_enabled":true,"_links":{"self":[{"href":"https:\/\/komeklatam.com\/index.php\/wp-json\/wp\/v2\/product\/10331","targetHints":{"allow":["GET"]}}],"collection":[{"href":"https:\/\/komeklatam.com\/index.php\/wp-json\/wp\/v2\/product"}],"about":[{"href":"https:\/\/komeklatam.com\/index.php\/wp-json\/wp\/v2\/types\/product"}],"replies":[{"embeddable":true,"href":"https:\/\/komeklatam.com\/index.php\/wp-json\/wp\/v2\/comments?post=10331"}],"wp:featuredmedia":[{"embeddable":true,"href":"https:\/\/komeklatam.com\/index.php\/wp-json\/wp\/v2\/media\/10332"}],"wp:attachment":[{"href":"https:\/\/komeklatam.com\/index.php\/wp-json\/wp\/v2\/media?parent=10331"}],"wp:term":[{"taxonomy":"product_brand","embeddable":true,"href":"https:\/\/komeklatam.com\/index.php\/wp-json\/wp\/v2\/product_brand?post=10331"},{"taxonomy":"product_cat","embeddable":true,"href":"https:\/\/komeklatam.com\/index.php\/wp-json\/wp\/v2\/product_cat?post=10331"},{"taxonomy":"product_tag","embeddable":true,"href":"https:\/\/komeklatam.com\/index.php\/wp-json\/wp\/v2\/product_tag?post=10331"}],"curies":[{"name":"wp","href":"https:\/\/api.w.org\/{rel}","templated":true}]}}