{"id":10337,"date":"2023-07-26T10:41:55","date_gmt":"2023-07-26T10:41:55","guid":{"rendered":"http:\/\/komeklatam.com\/?post_type=product&#038;p=10337"},"modified":"2023-07-26T10:41:55","modified_gmt":"2023-07-26T10:41:55","slug":"guante-wave-nitrilo","status":"publish","type":"product","link":"https:\/\/komeklatam.com\/index.php\/producto\/guante-wave-nitrilo\/","title":{"rendered":"GUANTE WAVE NITRILO"},"content":{"rendered":"<h2>Descripci\u00f3n<\/h2>\n<p>CARACTER\u00cdSTICAS<\/p>\n<ul>\n<li>Recubrimiento de Nitrilo tipo ondas soportado en Poli\u00e9ster para brindar mayor comodidad y agarre.<\/li>\n<li>Su dise\u00f1o y material permite un uso m\u00e1s largo y c\u00f3modo, sin puntos d\u00e9biles donde pueda rasgarse f\u00e1cilmente por el movimiento natural de la mano.<\/li>\n<li>La construcci\u00f3n de su tejido permite su uso en labores que demandan agarre, destreza y comodidad.<\/li>\n<\/ul>\n<p>APLICACIONES<\/p>\n<ul>\n<li>El usuario debe evaluar el nivel de protecci\u00f3n necesaria para la labor.<\/li>\n<li>Algunas de las aplicaciones m\u00e1s comunes son: Ensamblaje.<\/li>\n<li>Manipulaci\u00f3n y transporte. Construcci\u00f3n.<\/li>\n<li>Metal mec\u00e1nico, procesos Industriales.<\/li>\n<li>Jardiner\u00eda y limpieza, mantenimiento.<\/li>\n<\/ul>\n<p>PRECAUCIONES DE USO<\/p>\n<ul>\n<li>Puede usarse en presencia de hidrocarburos y derivas.<\/li>\n<li>Los guantes no deben ser usados en lugares donde exista riesgo de enredarse con piezas mec\u00e1nicas en movimiento.<\/li>\n<li>Evitar el contacto directo con fuego.<\/li>\n<\/ul>\n<p>INSTRUCCIONES DE CUIDADO<\/p>\n<p>Reemplace el producto inmediatamente si se encuentra roto, desgastado o perforado. En caso de alergia a los componentes suspenda su uso y consulte a su m\u00e9dico. Almacenar en un lugar fresco y seco. La limpieza y el lavado deben ser realizadas con cuidado y de acuerdo a las instrucciones presentes en la etiqueta. El usuario ser\u00e1 responsable del rendimiento del guante luego de la limpieza y el lavado.<\/p>\n<p>EST\u00c1NDARES Y REGULACIONES<\/p>\n<p>El guante est\u00e1 dise\u00f1ado bajo los est\u00e1ndares de la norma EN 388.<\/p>\n","protected":false},"excerpt":{"rendered":"<p>Fabricado en poli\u00e9ster de 13 galgas.<\/p>\n<p>Recubierto en Nitrilo<\/p>\n<p>TALLA: S, M, L, XL.<\/p>\n<p>DESCRIPCI\u00d3N<\/p>\n<p>El Guante Wave recubierto en Nitrilo ha sido dise\u00f1ado para su uso en una extensa gama de aplicaciones. Tanto en condiciones h\u00famedas como en seco, este guante ofrece un magn\u00edfico agarre y un excelente comportamiento frente al desgaste y a cortes, resultando a la vez muy c\u00f3modo.<\/p>\n","protected":false},"featured_media":10338,"comment_status":"open","ping_status":"closed","template":"","meta":{"_joinchat":[]},"product_brand":[],"product_cat":[93,28],"product_tag":[],"class_list":{"0":"post-10337","1":"product","2":"type-product","3":"status-publish","4":"has-post-thumbnail","6":"product_cat-proteccion-manual","7":"product_cat-seguridadindustrial","9":"first","10":"instock","11":"shipping-taxable","12":"product-type-simple"},"ams_default_variation_id":0,"ams_product_points_reward":[],"ams_product_discount_percentage":0,"ams_price_to_display":0,"ams_acf":[],"jetpack_sharing_enabled":true,"_links":{"self":[{"href":"https:\/\/komeklatam.com\/index.php\/wp-json\/wp\/v2\/product\/10337","targetHints":{"allow":["GET"]}}],"collection":[{"href":"https:\/\/komeklatam.com\/index.php\/wp-json\/wp\/v2\/product"}],"about":[{"href":"https:\/\/komeklatam.com\/index.php\/wp-json\/wp\/v2\/types\/product"}],"replies":[{"embeddable":true,"href":"https:\/\/komeklatam.com\/index.php\/wp-json\/wp\/v2\/comments?post=10337"}],"wp:featuredmedia":[{"embeddable":true,"href":"https:\/\/komeklatam.com\/index.php\/wp-json\/wp\/v2\/media\/10338"}],"wp:attachment":[{"href":"https:\/\/komeklatam.com\/index.php\/wp-json\/wp\/v2\/media?parent=10337"}],"wp:term":[{"taxonomy":"product_brand","embeddable":true,"href":"https:\/\/komeklatam.com\/index.php\/wp-json\/wp\/v2\/product_brand?post=10337"},{"taxonomy":"product_cat","embeddable":true,"href":"https:\/\/komeklatam.com\/index.php\/wp-json\/wp\/v2\/product_cat?post=10337"},{"taxonomy":"product_tag","embeddable":true,"href":"https:\/\/komeklatam.com\/index.php\/wp-json\/wp\/v2\/product_tag?post=10337"}],"curies":[{"name":"wp","href":"https:\/\/api.w.org\/{rel}","templated":true}]}}