{"id":10346,"date":"2023-07-26T10:48:08","date_gmt":"2023-07-26T10:48:08","guid":{"rendered":"http:\/\/komeklatam.com\/?post_type=product&#038;p=10346"},"modified":"2023-07-26T10:48:08","modified_gmt":"2023-07-26T10:48:08","slug":"guante-zeus-soldadura","status":"publish","type":"product","link":"https:\/\/komeklatam.com\/index.php\/producto\/guante-zeus-soldadura\/","title":{"rendered":"Guante Zeus Soldadura"},"content":{"rendered":"<h2>Descripci\u00f3n<\/h2>\n<p>CARACTER\u00cdSTICAS<\/p>\n<ul>\n<li>Guante de cuero que ofrece mayor resistencia.<\/li>\n<li>Tiene refuerzo en la palma para mayor rendimiento y durabilidad.<\/li>\n<li>Tiene mayor acolchonamiento interno lo que permite mayor confort y protecci\u00f3n a altas temperaturas.<\/li>\n<li>Su carnaza tratada permite libre maniobrabilidad y libertad de movimientos para el usuario.<\/li>\n<\/ul>\n<p>APLICACIONES<\/p>\n<ul>\n<li>El usuario debe evaluar el nivel de protecci\u00f3n necesaria para la labor. Algunas de las aplicaciones m\u00e1s comunes son:<\/li>\n<li>Trabajos de soldadura.<\/li>\n<li>Manejo de objetos calientes.<\/li>\n<li>Trabajos de aplicaciones al calor.<\/li>\n<li>Construcci\u00f3n.<\/li>\n<li>Metalmec\u00e1nica.<\/li>\n<\/ul>\n<p>PRECAUCIONES DE USO<\/p>\n<ul>\n<li>No lavar en m\u00e1quina.<\/li>\n<li>No usar secadora.<\/li>\n<li>No enfrentarlo a m\u00e1quinas de alta velocidad como, sierras, taladros el\u00e9ctricos, etc.<\/li>\n<li>Almacenar en un lugar fresco y seco<\/li>\n<\/ul>\n<p>INSTRUCCIONES DE CUIDADO<\/p>\n<ul>\n<li>Almacenar en un lugar fresco y seco. La limpieza y el lavado deben ser realizadas con cuidado y de acuerdo a las instrucciones presentes en la etiqueta. El usuario ser\u00e1 responsable del rendimiento del guante luego de la limpieza y el lavado. Luego de su uso o cumplido el ciclo de vida \u00fatil los guantes pueden estar contaminados con diferentes materiales. Desecharlos de acuerdo a las normas locales establecidas.<\/li>\n<\/ul>\n<p>TALLA: 14\u201d 16\u201d<\/p>\n<p>EST\u00c1NDARES Y REGULACIONES<\/p>\n<p>El guante est\u00e1 dise\u00f1ado bajo los est\u00e1ndares de la norma EN 388 y EN 12477 y EN 407.<\/p>\n<p>COMPOSICI\u00d3N<br \/>\nCosido con Aramida<br \/>\nCarnaza<\/p>\n","protected":false},"excerpt":{"rendered":"<p>El Guante Zeus Soldadura de pu\u00f1o abierto est\u00e1 hecho en 100% cuero Tipo A cosido con Kevlar. Tiene un refuerzo adicional en palma y dedo tipo pistola. Este guante es suave al tacto y confortable. Resiste a la tensi\u00f3n, abrasi\u00f3n y a la inflamabilidad. Ofrece una excelente protecci\u00f3n manual y libertad de movimientos al usuario.<\/p>\n<p>Guante Zeus Soldadura<br \/>\nCarnaza cosido con Kevlar<\/p>\n","protected":false},"featured_media":10347,"comment_status":"open","ping_status":"closed","template":"","meta":{"_joinchat":[]},"product_brand":[],"product_cat":[93,28],"product_tag":[],"class_list":{"0":"post-10346","1":"product","2":"type-product","3":"status-publish","4":"has-post-thumbnail","6":"product_cat-proteccion-manual","7":"product_cat-seguridadindustrial","9":"first","10":"instock","11":"shipping-taxable","12":"product-type-simple"},"ams_default_variation_id":0,"ams_product_points_reward":[],"ams_product_discount_percentage":0,"ams_price_to_display":0,"ams_acf":[],"jetpack_sharing_enabled":true,"_links":{"self":[{"href":"https:\/\/komeklatam.com\/index.php\/wp-json\/wp\/v2\/product\/10346","targetHints":{"allow":["GET"]}}],"collection":[{"href":"https:\/\/komeklatam.com\/index.php\/wp-json\/wp\/v2\/product"}],"about":[{"href":"https:\/\/komeklatam.com\/index.php\/wp-json\/wp\/v2\/types\/product"}],"replies":[{"embeddable":true,"href":"https:\/\/komeklatam.com\/index.php\/wp-json\/wp\/v2\/comments?post=10346"}],"wp:featuredmedia":[{"embeddable":true,"href":"https:\/\/komeklatam.com\/index.php\/wp-json\/wp\/v2\/media\/10347"}],"wp:attachment":[{"href":"https:\/\/komeklatam.com\/index.php\/wp-json\/wp\/v2\/media?parent=10346"}],"wp:term":[{"taxonomy":"product_brand","embeddable":true,"href":"https:\/\/komeklatam.com\/index.php\/wp-json\/wp\/v2\/product_brand?post=10346"},{"taxonomy":"product_cat","embeddable":true,"href":"https:\/\/komeklatam.com\/index.php\/wp-json\/wp\/v2\/product_cat?post=10346"},{"taxonomy":"product_tag","embeddable":true,"href":"https:\/\/komeklatam.com\/index.php\/wp-json\/wp\/v2\/product_tag?post=10346"}],"curies":[{"name":"wp","href":"https:\/\/api.w.org\/{rel}","templated":true}]}}