{"id":10367,"date":"2023-07-26T10:57:22","date_gmt":"2023-07-26T10:57:22","guid":{"rendered":"http:\/\/komeklatam.com\/?post_type=product&#038;p=10367"},"modified":"2023-07-26T10:57:23","modified_gmt":"2023-07-26T10:57:23","slug":"canillera","status":"publish","type":"product","link":"https:\/\/komeklatam.com\/index.php\/producto\/canillera\/","title":{"rendered":"Canillera"},"content":{"rendered":"<h2>Descripci\u00f3n<\/h2>\n<p>CARACTER\u00cdSTICAS<\/p>\n<ul>\n<li>Anti-est\u00e1tico, impermeables, anti-bacterial, libre de pelusa, libre de silicona.<\/li>\n<\/ul>\n<p>APLICACIONES<\/p>\n<p>Es Importante conocer los procesos y los riesgos a los que est\u00e1 expuesto el trabajador. La canillera es ideal para protecci\u00f3n contra riesgo de cortes o de golpes en diversas labores para el \u00e1rea de la espinilla, canillera y el empeine.<\/p>\n<ul>\n<li>Alta:<\/li>\n<\/ul>\n<p>Color: Negro<\/p>\n<p>Materiales: Cuero sint\u00e9tico, refuerzo en aluminio<\/p>\n<p>Caracter\u00edsticas: Refuerzo interno con 4 platinas de aluminio de 46 cms en la parte inferior de la pierna, y 2 platinas de 14 cmas de aluminio en la parte del zapato, Cuenta con 3 correas, 2 con velcro para amarrar la parte dorsal de la pierna y 1 con velcro para amarrarse en la parte baja del zapato, con hilo reforzado negro.<\/p>\n<p>&nbsp;<\/p>\n<ul>\n<li>Media:<\/li>\n<\/ul>\n<p>Color: Negro<\/p>\n<p>Materiales: Cuero sint\u00e9tico, refuerzo en aluminio<\/p>\n<p>Caracter\u00edsticas: Refuerzo interno con 4 platinas de aluminio de 30 cms en la parte inferior de la pierna, y 2 platinas de 14 cms de aluminio en la parte del zapato, Cuenta con 3 correas, 2 con velcro para amarrar la parte dorsal de la pierna y 1 con velcro para amarrarse en la parte baja del zapato, con hilo reforzado negro.<\/p>\n<p>&nbsp;<\/p>\n<p>COMPOSICI\u00d3N<\/p>\n<p>Cuero sint\u00e9tico. Refuerzo en aluminio<\/p>\n","protected":false},"excerpt":{"rendered":"<p>La Canillera es un elemento ideal para proteger el area de la espinilla en diversosprocesos industriales donde exista riesgo de ca\u00edda y proyecci\u00f3n de objetos a esta zona para prevenir posibles cortes por contactos con m\u00e1quinas como guada\u00f1as, podadoras o herramientas manuales como machetes, navajas etc<\/p>\n","protected":false},"featured_media":10368,"comment_status":"open","ping_status":"closed","template":"","meta":{"_joinchat":[]},"product_brand":[],"product_cat":[94,28],"product_tag":[],"class_list":{"0":"post-10367","1":"product","2":"type-product","3":"status-publish","4":"has-post-thumbnail","6":"product_cat-proteccion-corporal","7":"product_cat-seguridadindustrial","9":"first","10":"instock","11":"shipping-taxable","12":"product-type-simple"},"ams_default_variation_id":0,"ams_product_points_reward":[],"ams_product_discount_percentage":0,"ams_price_to_display":0,"ams_acf":[],"jetpack_sharing_enabled":true,"_links":{"self":[{"href":"https:\/\/komeklatam.com\/index.php\/wp-json\/wp\/v2\/product\/10367","targetHints":{"allow":["GET"]}}],"collection":[{"href":"https:\/\/komeklatam.com\/index.php\/wp-json\/wp\/v2\/product"}],"about":[{"href":"https:\/\/komeklatam.com\/index.php\/wp-json\/wp\/v2\/types\/product"}],"replies":[{"embeddable":true,"href":"https:\/\/komeklatam.com\/index.php\/wp-json\/wp\/v2\/comments?post=10367"}],"wp:featuredmedia":[{"embeddable":true,"href":"https:\/\/komeklatam.com\/index.php\/wp-json\/wp\/v2\/media\/10368"}],"wp:attachment":[{"href":"https:\/\/komeklatam.com\/index.php\/wp-json\/wp\/v2\/media?parent=10367"}],"wp:term":[{"taxonomy":"product_brand","embeddable":true,"href":"https:\/\/komeklatam.com\/index.php\/wp-json\/wp\/v2\/product_brand?post=10367"},{"taxonomy":"product_cat","embeddable":true,"href":"https:\/\/komeklatam.com\/index.php\/wp-json\/wp\/v2\/product_cat?post=10367"},{"taxonomy":"product_tag","embeddable":true,"href":"https:\/\/komeklatam.com\/index.php\/wp-json\/wp\/v2\/product_tag?post=10367"}],"curies":[{"name":"wp","href":"https:\/\/api.w.org\/{rel}","templated":true}]}}