{"id":10384,"date":"2023-07-26T11:05:26","date_gmt":"2023-07-26T11:05:26","guid":{"rendered":"http:\/\/komeklatam.com\/?post_type=product&#038;p=10384"},"modified":"2023-07-26T11:05:26","modified_gmt":"2023-07-26T11:05:26","slug":"codera-par","status":"publish","type":"product","link":"https:\/\/komeklatam.com\/index.php\/producto\/codera-par\/","title":{"rendered":"Codera Par"},"content":{"rendered":"<h2>Descripci\u00f3n<\/h2>\n<p>APLICACIONES<\/p>\n<p>Es importante conocer los procesos y los riesgos a los que est\u00e1 expuesto el trabajador. La Codera es ideal para la protecci\u00f3n contra riesgos de golpes en diversas labores o para brindar comodidad en jornadas laborales que requieran apoyar el \u00e1rea del codo en periodos prolongados.<\/p>\n<p>&nbsp;<\/p>\n<p>ESPECIFICACIONES<\/p>\n<p>&nbsp;<\/p>\n<ul>\n<li>Color: Negro<\/li>\n<li>Materiales: Cuero sint\u00e9tico. Tela Algod\u00f3n<\/li>\n<li>Talla: \u00danica<\/li>\n<\/ul>\n<p>Caracter\u00edsticas:<\/p>\n<p>La codera est\u00e1 hecha con espuma de 3 cms\u00a0 suave de forma ovalada. El material utilizado para su elaboraci\u00f3n es tela semi-impermeable.<br \/>\nLa codera se encuentra reforzada en cuero sint\u00e9tico en forma ovalada, cuenta con 2 el\u00e1sticos con velcro para sujetarla en la parte del codo.<\/p>\n<p>&nbsp;<\/p>\n<p>COMPOSICI\u00d3N<\/p>\n<p>Cuero sint\u00e9tico. Tela de Algod\u00f3n<\/p>\n","protected":false},"excerpt":{"rendered":"<p>La codera es un elemento ideal para proteger el \u00e1rea del codo en diversos procesos industriales donde exista riesgo de golpes o necesidad de apoyo constante.<\/p>\n<p>Codera Par<\/p>\n","protected":false},"featured_media":10385,"comment_status":"open","ping_status":"closed","template":"","meta":{"_joinchat":[]},"product_brand":[],"product_cat":[94,28],"product_tag":[],"class_list":{"0":"post-10384","1":"product","2":"type-product","3":"status-publish","4":"has-post-thumbnail","6":"product_cat-proteccion-corporal","7":"product_cat-seguridadindustrial","9":"first","10":"instock","11":"shipping-taxable","12":"product-type-simple"},"ams_default_variation_id":0,"ams_product_points_reward":[],"ams_product_discount_percentage":0,"ams_price_to_display":0,"ams_acf":[],"jetpack_sharing_enabled":true,"_links":{"self":[{"href":"https:\/\/komeklatam.com\/index.php\/wp-json\/wp\/v2\/product\/10384","targetHints":{"allow":["GET"]}}],"collection":[{"href":"https:\/\/komeklatam.com\/index.php\/wp-json\/wp\/v2\/product"}],"about":[{"href":"https:\/\/komeklatam.com\/index.php\/wp-json\/wp\/v2\/types\/product"}],"replies":[{"embeddable":true,"href":"https:\/\/komeklatam.com\/index.php\/wp-json\/wp\/v2\/comments?post=10384"}],"wp:featuredmedia":[{"embeddable":true,"href":"https:\/\/komeklatam.com\/index.php\/wp-json\/wp\/v2\/media\/10385"}],"wp:attachment":[{"href":"https:\/\/komeklatam.com\/index.php\/wp-json\/wp\/v2\/media?parent=10384"}],"wp:term":[{"taxonomy":"product_brand","embeddable":true,"href":"https:\/\/komeklatam.com\/index.php\/wp-json\/wp\/v2\/product_brand?post=10384"},{"taxonomy":"product_cat","embeddable":true,"href":"https:\/\/komeklatam.com\/index.php\/wp-json\/wp\/v2\/product_cat?post=10384"},{"taxonomy":"product_tag","embeddable":true,"href":"https:\/\/komeklatam.com\/index.php\/wp-json\/wp\/v2\/product_tag?post=10384"}],"curies":[{"name":"wp","href":"https:\/\/api.w.org\/{rel}","templated":true}]}}