{"id":10387,"date":"2023-07-26T11:07:12","date_gmt":"2023-07-26T11:07:12","guid":{"rendered":"http:\/\/komeklatam.com\/?post_type=product&#038;p=10387"},"modified":"2023-07-26T11:07:49","modified_gmt":"2023-07-26T11:07:49","slug":"conjunto-chaqueta-pantalon-de-pvc","status":"publish","type":"product","link":"https:\/\/komeklatam.com\/index.php\/producto\/conjunto-chaqueta-pantalon-de-pvc\/","title":{"rendered":"CONJUNTO CHAQUETA-PANTAL\u00d3N DE PVC"},"content":{"rendered":"<h2>Descripci\u00f3n<\/h2>\n<p>CARACTER\u00cdSTICAS<\/p>\n<ul>\n<li>*Fabricado en tela PVC<\/li>\n<li>Recubrimiento interno en poli\u00e9ster<\/li>\n<li>Totalmente impermeable<\/li>\n<li>Costuras electro sellado<\/li>\n<li>Color m\u00e1s usado Amarillo<\/li>\n<\/ul>\n<p>APLICACIONES Y USOS<\/p>\n<ul>\n<li>Agroindustria<\/li>\n<li>Industria de Alimentos<\/li>\n<li>Limpieza y mantenimiento sectores h\u00famedos<\/li>\n<li>Industria de la construcci\u00f3n.<\/li>\n<\/ul>\n<p>CUIDADOS<\/p>\n<ul>\n<li>Limpiar con jabones suaves<\/li>\n<li>Preferiblemente colgarlo en un lugar ventilado despu\u00e9s de su uso.<\/li>\n<li>No usar si presenta deterioro.<\/li>\n<\/ul>\n<p>&nbsp;<\/p>\n<p>Debido a que no cumple norma t\u00e9cnica, el \u00e1rea de SG-SST, debe mantener constante revisi\u00f3n del producto garantizando la adecuada protecci\u00f3n del usario.<\/p>\n","protected":false},"excerpt":{"rendered":"<p>CONJUNTO CHAQUETA-PANTAL\u00d3N DE PVC<\/p>\n<p>COLORES: amarillo, negro, azul.<\/p>\n<p>Material: PVC<\/p>\n<p>ESPECIFICACIONES DEL PRODUCTO<\/p>\n<ul>\n<li>Chaqueta y pantal\u00f3n impermeable con capucha fija.<\/li>\n<li>Traje compuesto de chaqueta y pantal\u00f3n, cierre de broches de presi\u00f3n.<\/li>\n<li>Sistema de costuras electro sellado y reforzadas en todos los puntos de tensi\u00f3n.<\/li>\n<\/ul>\n","protected":false},"featured_media":10388,"comment_status":"open","ping_status":"closed","template":"","meta":{"_joinchat":[]},"product_brand":[],"product_cat":[94,28],"product_tag":[],"class_list":{"0":"post-10387","1":"product","2":"type-product","3":"status-publish","4":"has-post-thumbnail","6":"product_cat-proteccion-corporal","7":"product_cat-seguridadindustrial","9":"first","10":"instock","11":"shipping-taxable","12":"product-type-simple"},"ams_default_variation_id":0,"ams_product_points_reward":[],"ams_product_discount_percentage":0,"ams_price_to_display":0,"ams_acf":[],"jetpack_sharing_enabled":true,"_links":{"self":[{"href":"https:\/\/komeklatam.com\/index.php\/wp-json\/wp\/v2\/product\/10387","targetHints":{"allow":["GET"]}}],"collection":[{"href":"https:\/\/komeklatam.com\/index.php\/wp-json\/wp\/v2\/product"}],"about":[{"href":"https:\/\/komeklatam.com\/index.php\/wp-json\/wp\/v2\/types\/product"}],"replies":[{"embeddable":true,"href":"https:\/\/komeklatam.com\/index.php\/wp-json\/wp\/v2\/comments?post=10387"}],"wp:featuredmedia":[{"embeddable":true,"href":"https:\/\/komeklatam.com\/index.php\/wp-json\/wp\/v2\/media\/10388"}],"wp:attachment":[{"href":"https:\/\/komeklatam.com\/index.php\/wp-json\/wp\/v2\/media?parent=10387"}],"wp:term":[{"taxonomy":"product_brand","embeddable":true,"href":"https:\/\/komeklatam.com\/index.php\/wp-json\/wp\/v2\/product_brand?post=10387"},{"taxonomy":"product_cat","embeddable":true,"href":"https:\/\/komeklatam.com\/index.php\/wp-json\/wp\/v2\/product_cat?post=10387"},{"taxonomy":"product_tag","embeddable":true,"href":"https:\/\/komeklatam.com\/index.php\/wp-json\/wp\/v2\/product_tag?post=10387"}],"curies":[{"name":"wp","href":"https:\/\/api.w.org\/{rel}","templated":true}]}}