{"id":10394,"date":"2023-07-26T11:10:27","date_gmt":"2023-07-26T11:10:27","guid":{"rendered":"http:\/\/komeklatam.com\/?post_type=product&#038;p=10394"},"modified":"2023-07-26T11:10:27","modified_gmt":"2023-07-26T11:10:27","slug":"delantal-de-carnaza","status":"publish","type":"product","link":"https:\/\/komeklatam.com\/index.php\/producto\/delantal-de-carnaza\/","title":{"rendered":"DELANTAL DE CARNAZA"},"content":{"rendered":"<h2>Descripci\u00f3n<\/h2>\n<p>CARACTER\u00cdSTICAS<\/p>\n<ul>\n<li>Alta resistencia a la abrasi\u00f3n.<\/li>\n<li>Resistencia contra cortes menores<\/li>\n<li>Protecci\u00f3n contra objetos punzantes.<\/li>\n<li>Seguro<\/li>\n<li>C\u00f3modo.<\/li>\n<\/ul>\n<p>USOS<\/p>\n<ul>\n<li>Construcci\u00f3n<\/li>\n<li>Demolici\u00f3n<\/li>\n<li>Agricultura<\/li>\n<li>Mantenimiento<\/li>\n<li>Ganader\u00eda.<\/li>\n<\/ul>\n<p>PRECAUCIONES Y CUIDADOS<\/p>\n<ul>\n<li>No almacenar en exposici\u00f3n sol cuando no est\u00e9n siendo usados.<\/li>\n<li>Conservar en lugar fresco cuando no est\u00e9n en uso.<\/li>\n<li>No exponer a qu\u00edmicos.<\/li>\n<li>No son diel\u00e9ctricos.<\/li>\n<li>No se recomienda usar para cambios bruscos de temperatura (altas o bajas).<\/li>\n<li>No protegen contra riesgo biol\u00f3gico.<\/li>\n<li>No almacenar en el mismo lugar de las herramientas.<\/li>\n<li>Evitar contacto con alimentos.<\/li>\n<li>Evitar uso para maniobra con materiales con l\u00edquidos: agua, aceite o grasa en exceso, y en operaciones de riesgo qu\u00edmico y\/o el\u00e9ctrico.<\/li>\n<\/ul>\n<p>Debido a que no cumple norma t\u00e9cnica, el usuario y\/o personal de SG-SST debe realizar revisi\u00f3n antes, durante y despu\u00e9s de uso. Evitar da\u00f1os visibles y palpables que pongan en riesgo la seguridad del usuario.<\/p>\n<p>La materia prima de este EPP lo clasifica como producto no contaminante con el ambiente.<\/p>\n","protected":false},"excerpt":{"rendered":"<p>DELANTAL DE CARNAZA<\/p>\n<p>60 x 90<\/p>\n<p>DESCRIPCI\u00d3N<\/p>\n<p>Cuero de espesor de 1.4 a 1.6 mm,\u00a0 de res 100%.<\/p>\n<p>Hilo de algod\u00f3n, calibre 30.<\/p>\n","protected":false},"featured_media":10395,"comment_status":"open","ping_status":"closed","template":"","meta":{"_joinchat":[]},"product_brand":[],"product_cat":[94,28],"product_tag":[],"class_list":{"0":"post-10394","1":"product","2":"type-product","3":"status-publish","4":"has-post-thumbnail","6":"product_cat-proteccion-corporal","7":"product_cat-seguridadindustrial","9":"first","10":"instock","11":"shipping-taxable","12":"product-type-simple"},"ams_default_variation_id":0,"ams_product_points_reward":[],"ams_product_discount_percentage":0,"ams_price_to_display":0,"ams_acf":[],"jetpack_sharing_enabled":true,"_links":{"self":[{"href":"https:\/\/komeklatam.com\/index.php\/wp-json\/wp\/v2\/product\/10394","targetHints":{"allow":["GET"]}}],"collection":[{"href":"https:\/\/komeklatam.com\/index.php\/wp-json\/wp\/v2\/product"}],"about":[{"href":"https:\/\/komeklatam.com\/index.php\/wp-json\/wp\/v2\/types\/product"}],"replies":[{"embeddable":true,"href":"https:\/\/komeklatam.com\/index.php\/wp-json\/wp\/v2\/comments?post=10394"}],"wp:featuredmedia":[{"embeddable":true,"href":"https:\/\/komeklatam.com\/index.php\/wp-json\/wp\/v2\/media\/10395"}],"wp:attachment":[{"href":"https:\/\/komeklatam.com\/index.php\/wp-json\/wp\/v2\/media?parent=10394"}],"wp:term":[{"taxonomy":"product_brand","embeddable":true,"href":"https:\/\/komeklatam.com\/index.php\/wp-json\/wp\/v2\/product_brand?post=10394"},{"taxonomy":"product_cat","embeddable":true,"href":"https:\/\/komeklatam.com\/index.php\/wp-json\/wp\/v2\/product_cat?post=10394"},{"taxonomy":"product_tag","embeddable":true,"href":"https:\/\/komeklatam.com\/index.php\/wp-json\/wp\/v2\/product_tag?post=10394"}],"curies":[{"name":"wp","href":"https:\/\/api.w.org\/{rel}","templated":true}]}}