{"id":10420,"date":"2023-07-26T11:33:48","date_gmt":"2023-07-26T11:33:48","guid":{"rendered":"http:\/\/komeklatam.com\/?post_type=product&#038;p=10420"},"modified":"2023-07-26T11:33:49","modified_gmt":"2023-07-26T11:33:49","slug":"overol-dupont-tyvek-400","status":"publish","type":"product","link":"https:\/\/komeklatam.com\/index.php\/producto\/overol-dupont-tyvek-400\/","title":{"rendered":"Overol DuPont\u2122 Tyvek\u00ae 400"},"content":{"rendered":"<h2>Descripci\u00f3n<\/h2>\n<ul>\n<li>Ajuste de un dise\u00f1o c\u00f3modo basado en la amplia entrada para ofrecer nuestro m\u00e1s c\u00f3modo dise\u00f1o de las prendas que permite un mayor rango de movimiento al estirar y flexionar, proporciona un ajuste m\u00e1s personalizado y ofrece refuerzo en \u00e1reas de alta tensi\u00f3n para menor rasgado.<\/li>\n<li>\u00a0Cierre m\u00e1s largo para facilitar el ponerse y quitarse el traje.<\/li>\n<li>Cintura el\u00e1stica para mejor ajuste de la prenda.<\/li>\n<\/ul>\n","protected":false},"excerpt":{"rendered":"<p><strong>Overol DuPont\u2122 Tyvek\u00ae 400<\/strong><\/p>\n<p>Ofrece una barrera inherente contra las part\u00edculas (hasta 1,0 micras de tama\u00f1o) y su protecci\u00f3n est\u00e1 integrada en el propio tejido. Tiene la ventaja de durabilidad sobre telas de pel\u00edcula microporosa adem\u00e1s de que ofrece una mejor barrera, incluso despu\u00e9s del desgaste y la abrasi\u00f3n. Las aplicaciones incluyen: manejo de plomo y asbesto, mantenimiento en general, pintura, limpieza general.<\/p>\n","protected":false},"featured_media":10421,"comment_status":"open","ping_status":"closed","template":"","meta":{"_joinchat":[]},"product_brand":[],"product_cat":[94,28],"product_tag":[],"class_list":{"0":"post-10420","1":"product","2":"type-product","3":"status-publish","4":"has-post-thumbnail","6":"product_cat-proteccion-corporal","7":"product_cat-seguridadindustrial","9":"first","10":"instock","11":"shipping-taxable","12":"product-type-simple"},"ams_default_variation_id":0,"ams_product_points_reward":[],"ams_product_discount_percentage":0,"ams_price_to_display":0,"ams_acf":[],"jetpack_sharing_enabled":true,"_links":{"self":[{"href":"https:\/\/komeklatam.com\/index.php\/wp-json\/wp\/v2\/product\/10420","targetHints":{"allow":["GET"]}}],"collection":[{"href":"https:\/\/komeklatam.com\/index.php\/wp-json\/wp\/v2\/product"}],"about":[{"href":"https:\/\/komeklatam.com\/index.php\/wp-json\/wp\/v2\/types\/product"}],"replies":[{"embeddable":true,"href":"https:\/\/komeklatam.com\/index.php\/wp-json\/wp\/v2\/comments?post=10420"}],"wp:featuredmedia":[{"embeddable":true,"href":"https:\/\/komeklatam.com\/index.php\/wp-json\/wp\/v2\/media\/10421"}],"wp:attachment":[{"href":"https:\/\/komeklatam.com\/index.php\/wp-json\/wp\/v2\/media?parent=10420"}],"wp:term":[{"taxonomy":"product_brand","embeddable":true,"href":"https:\/\/komeklatam.com\/index.php\/wp-json\/wp\/v2\/product_brand?post=10420"},{"taxonomy":"product_cat","embeddable":true,"href":"https:\/\/komeklatam.com\/index.php\/wp-json\/wp\/v2\/product_cat?post=10420"},{"taxonomy":"product_tag","embeddable":true,"href":"https:\/\/komeklatam.com\/index.php\/wp-json\/wp\/v2\/product_tag?post=10420"}],"curies":[{"name":"wp","href":"https:\/\/api.w.org\/{rel}","templated":true}]}}