{"id":10423,"date":"2023-07-26T11:39:48","date_gmt":"2023-07-26T11:39:48","guid":{"rendered":"http:\/\/komeklatam.com\/?post_type=product&#038;p=10423"},"modified":"2023-07-26T11:39:49","modified_gmt":"2023-07-26T11:39:49","slug":"overol-en-dril","status":"publish","type":"product","link":"https:\/\/komeklatam.com\/index.php\/producto\/overol-en-dril\/","title":{"rendered":"Overol en dril"},"content":{"rendered":"<h2>Descripci\u00f3n<\/h2>\n<p><strong>CARACTER\u00cdSTICAS:<\/strong><\/p>\n<ul>\n<li>El overol en dril esta dise\u00f1ado para trabajos en jardiner\u00eda, metalmec\u00e1nica, pintura, solventes, industria en general.<\/li>\n<li>El overol en dril posee dos bolsillos con cierre en la parte pectoral de forma diagonal, dos bolsillos en la parte frontal inferior y dos bolsillos en la parte posterior inferior.<\/li>\n<li>El overol en dril posee cierre en la parte frontal hasta la cintura y cintas reflectivas de alta densidad en pecho, espalda y extremidades las cuales tambi\u00e9n son ajustables para generar un mayor ajuste al usuario.<\/li>\n<\/ul>\n","protected":false},"excerpt":{"rendered":"<p><strong>Overol en dril<\/strong><\/p>\n<p>Este producto viene disponible en las tallas: S, M, L, XL y XXL.<\/p>\n<p>Componentes: Dril, cinta reflectiva de alta densidad, cierre, el\u00e1stico.<\/p>\n","protected":false},"featured_media":10424,"comment_status":"open","ping_status":"closed","template":"","meta":{"_joinchat":[]},"product_brand":[],"product_cat":[94,28],"product_tag":[],"class_list":{"0":"post-10423","1":"product","2":"type-product","3":"status-publish","4":"has-post-thumbnail","6":"product_cat-proteccion-corporal","7":"product_cat-seguridadindustrial","9":"first","10":"instock","11":"shipping-taxable","12":"product-type-simple"},"ams_default_variation_id":0,"ams_product_points_reward":[],"ams_product_discount_percentage":0,"ams_price_to_display":0,"ams_acf":[],"jetpack_sharing_enabled":true,"_links":{"self":[{"href":"https:\/\/komeklatam.com\/index.php\/wp-json\/wp\/v2\/product\/10423","targetHints":{"allow":["GET"]}}],"collection":[{"href":"https:\/\/komeklatam.com\/index.php\/wp-json\/wp\/v2\/product"}],"about":[{"href":"https:\/\/komeklatam.com\/index.php\/wp-json\/wp\/v2\/types\/product"}],"replies":[{"embeddable":true,"href":"https:\/\/komeklatam.com\/index.php\/wp-json\/wp\/v2\/comments?post=10423"}],"wp:featuredmedia":[{"embeddable":true,"href":"https:\/\/komeklatam.com\/index.php\/wp-json\/wp\/v2\/media\/10424"}],"wp:attachment":[{"href":"https:\/\/komeklatam.com\/index.php\/wp-json\/wp\/v2\/media?parent=10423"}],"wp:term":[{"taxonomy":"product_brand","embeddable":true,"href":"https:\/\/komeklatam.com\/index.php\/wp-json\/wp\/v2\/product_brand?post=10423"},{"taxonomy":"product_cat","embeddable":true,"href":"https:\/\/komeklatam.com\/index.php\/wp-json\/wp\/v2\/product_cat?post=10423"},{"taxonomy":"product_tag","embeddable":true,"href":"https:\/\/komeklatam.com\/index.php\/wp-json\/wp\/v2\/product_tag?post=10423"}],"curies":[{"name":"wp","href":"https:\/\/api.w.org\/{rel}","templated":true}]}}