{"id":10436,"date":"2023-07-26T11:51:52","date_gmt":"2023-07-26T11:51:52","guid":{"rendered":"http:\/\/komeklatam.com\/?post_type=product&#038;p=10436"},"modified":"2023-07-26T11:51:52","modified_gmt":"2023-07-26T11:51:52","slug":"traje-barrier","status":"publish","type":"product","link":"https:\/\/komeklatam.com\/index.php\/producto\/traje-barrier\/","title":{"rendered":"Traje Barrier"},"content":{"rendered":"<h2>Descripci\u00f3n<\/h2>\n<p>CARACTER\u00cdSTICAS<\/p>\n<ul>\n<li>Anti-est\u00e1tico, impermeables, anti-bacterial, libre de pelusa, libre de silicona.<\/li>\n<\/ul>\n<p>APLICACIONES<\/p>\n<ul>\n<li>Protege a los trabajadores de sustancias peligrosas, o productos y procesos sensibles a la contaminaci\u00f3n.<\/li>\n<li>Aplicaci\u00f3n de pintura y pulverizaci\u00f3n, limpieza en general, manipulaci\u00f3n de l\u00edquidos, trabajos de construcci\u00f3n, retirada de asbesto, industria de comida (procesamiento de alimentos) y fabricaci\u00f3n de productos farmac\u00e9uticos, manofactura con fibra de vidrio, manofactura en general,veterinarias, av\u00edcolas, entre otros<\/li>\n<\/ul>\n<p>INSTRUCCIONES DE CUIDADO<\/p>\n<ul>\n<li>Almacenar en un lugar fresco y seco. La limpieza y el lavado deben ser realizadas con cuidado y de acuerdo a las instrucciones presentes en la etiqueta. El usuario ser\u00e1 responsable del rendimiento del traje luego de la limpieza y el lavado.<\/li>\n<\/ul>\n<p>EST\u00c1NDARES Y REGULACIONES<\/p>\n<p>EN 13982-1 \/ EN 13034 (Tipo 5\/6)<br \/>\nTratamiento anti-est\u00e1tico seg\u00fan EN 1149-1<\/p>\n<p>COMPOSICI\u00d3N<\/p>\n<p>Polipropileno.<\/p>\n<p>Laminado Microporoso<\/p>\n","protected":false},"excerpt":{"rendered":"<p>El Traje barrier es un traje desechable con cremallera cubierta y capucha. Cintura, mu\u00f1ecas y y<br \/>\ntobillos el\u00e1sticos. Protege contra l\u00edquidos bajo presi\u00f3n y<br \/>\npart\u00edculas.<\/p>\n<p>&nbsp;<\/p>\n<p>Traje Barrier<br \/>\nRecubierto con una pel\u00edcula transpirable<\/p>\n","protected":false},"featured_media":10437,"comment_status":"open","ping_status":"closed","template":"","meta":{"_joinchat":[]},"product_brand":[],"product_cat":[94,28],"product_tag":[],"class_list":{"0":"post-10436","1":"product","2":"type-product","3":"status-publish","4":"has-post-thumbnail","6":"product_cat-proteccion-corporal","7":"product_cat-seguridadindustrial","9":"first","10":"instock","11":"shipping-taxable","12":"product-type-simple"},"ams_default_variation_id":0,"ams_product_points_reward":[],"ams_product_discount_percentage":0,"ams_price_to_display":0,"ams_acf":[],"jetpack_sharing_enabled":true,"_links":{"self":[{"href":"https:\/\/komeklatam.com\/index.php\/wp-json\/wp\/v2\/product\/10436","targetHints":{"allow":["GET"]}}],"collection":[{"href":"https:\/\/komeklatam.com\/index.php\/wp-json\/wp\/v2\/product"}],"about":[{"href":"https:\/\/komeklatam.com\/index.php\/wp-json\/wp\/v2\/types\/product"}],"replies":[{"embeddable":true,"href":"https:\/\/komeklatam.com\/index.php\/wp-json\/wp\/v2\/comments?post=10436"}],"wp:featuredmedia":[{"embeddable":true,"href":"https:\/\/komeklatam.com\/index.php\/wp-json\/wp\/v2\/media\/10437"}],"wp:attachment":[{"href":"https:\/\/komeklatam.com\/index.php\/wp-json\/wp\/v2\/media?parent=10436"}],"wp:term":[{"taxonomy":"product_brand","embeddable":true,"href":"https:\/\/komeklatam.com\/index.php\/wp-json\/wp\/v2\/product_brand?post=10436"},{"taxonomy":"product_cat","embeddable":true,"href":"https:\/\/komeklatam.com\/index.php\/wp-json\/wp\/v2\/product_cat?post=10436"},{"taxonomy":"product_tag","embeddable":true,"href":"https:\/\/komeklatam.com\/index.php\/wp-json\/wp\/v2\/product_tag?post=10436"}],"curies":[{"name":"wp","href":"https:\/\/api.w.org\/{rel}","templated":true}]}}