{"id":10439,"date":"2023-07-26T11:53:30","date_gmt":"2023-07-26T11:53:30","guid":{"rendered":"http:\/\/komeklatam.com\/?post_type=product&#038;p=10439"},"modified":"2023-07-26T11:53:30","modified_gmt":"2023-07-26T11:53:30","slug":"traje-coverall-advance","status":"publish","type":"product","link":"https:\/\/komeklatam.com\/index.php\/producto\/traje-coverall-advance\/","title":{"rendered":"Traje CoverAll Advance"},"content":{"rendered":"<h2>Descripci\u00f3n<\/h2>\n<p>CARACTER\u00cdSTICAS<\/p>\n<p>&nbsp;<\/p>\n<ul>\n<li>Transpirable, proteje contra salpicaduras y part\u00edculas s\u00f3lidas, impermeable, Anti-est\u00e1tico, a prueba de \u00e1cidos, anti-bacterial, libre de pelusa y libre de silicona.<\/li>\n<li>55 g\/m2 Traje desechable con cremallera cubierta y capucha, cintura, mu\u00f1ecas y tobillos el\u00e1sticos.<\/li>\n<\/ul>\n<p>APLICACIONES<\/p>\n<ul>\n<li>El usuario debe evaluar el nivel de protecci\u00f3n necesaria para la labor. Algunas de las aplicaciones<br \/>\nm\u00e1s comunes son:<\/li>\n<li>Aplicaci\u00f3n de pintura y pulverizaci\u00f3n.<\/li>\n<li>Limpieza en general.<\/li>\n<li>Manipulaci\u00f3n de l\u00edquidos.<\/li>\n<li>Procesamiento de alimentos.<\/li>\n<li>Fabricaci\u00f3n de productos farmac\u00e9utico.<\/li>\n<li>Manufactura con fibra de vidrio.<\/li>\n<li>Manufactura en General: veterinarias, mataderos, av\u00edcolas.<\/li>\n<\/ul>\n<p>INSTRUCCIONES DE CUIDADO<\/p>\n<ul>\n<li>Almacenar en un lugar fresco y seco. La limpieza y el lavado deben ser realizadas con cuidado y de acuerdo a las instrucciones presentes en la etiqueta. El usuario ser\u00e1 responsable del rendimiento del traje luego de la limpieza y el lavado<\/li>\n<\/ul>\n<p>EST\u00c1NDARES Y REGULACIONES<\/p>\n<p>El traje esta dise\u00f1ado bajo los est\u00e1ndares de la norma EN 13982 \u2013 1 \/ EN 13034 (Type 5\/6) Protective clothing with antistatic properties EN 1149-1.<\/p>\n<p>&nbsp;<\/p>\n<p>COMPOSICI\u00d3N<\/p>\n<p>Polipropileno.<\/p>\n<p>Polietileno<\/p>\n","protected":false},"excerpt":{"rendered":"<p>El Traje Cover All es un traje desechable con cremallera cubierta y capucha. Cintura, mu\u00f1ecas y tobillos el\u00e1sticos. Costura cosida, Empaque: 1 traje por bolsa (Marcada), 50 trajes por caja (Marcada)<\/p>\n<p>Traje CoverAll Advance<br \/>\nRecubierto con una pel\u00edcula transpirable<\/p>\n","protected":false},"featured_media":10440,"comment_status":"open","ping_status":"closed","template":"","meta":{"_joinchat":[]},"product_brand":[],"product_cat":[94,28],"product_tag":[],"class_list":{"0":"post-10439","1":"product","2":"type-product","3":"status-publish","4":"has-post-thumbnail","6":"product_cat-proteccion-corporal","7":"product_cat-seguridadindustrial","9":"first","10":"instock","11":"shipping-taxable","12":"product-type-simple"},"ams_default_variation_id":0,"ams_product_points_reward":[],"ams_product_discount_percentage":0,"ams_price_to_display":0,"ams_acf":[],"jetpack_sharing_enabled":true,"_links":{"self":[{"href":"https:\/\/komeklatam.com\/index.php\/wp-json\/wp\/v2\/product\/10439","targetHints":{"allow":["GET"]}}],"collection":[{"href":"https:\/\/komeklatam.com\/index.php\/wp-json\/wp\/v2\/product"}],"about":[{"href":"https:\/\/komeklatam.com\/index.php\/wp-json\/wp\/v2\/types\/product"}],"replies":[{"embeddable":true,"href":"https:\/\/komeklatam.com\/index.php\/wp-json\/wp\/v2\/comments?post=10439"}],"wp:featuredmedia":[{"embeddable":true,"href":"https:\/\/komeklatam.com\/index.php\/wp-json\/wp\/v2\/media\/10440"}],"wp:attachment":[{"href":"https:\/\/komeklatam.com\/index.php\/wp-json\/wp\/v2\/media?parent=10439"}],"wp:term":[{"taxonomy":"product_brand","embeddable":true,"href":"https:\/\/komeklatam.com\/index.php\/wp-json\/wp\/v2\/product_brand?post=10439"},{"taxonomy":"product_cat","embeddable":true,"href":"https:\/\/komeklatam.com\/index.php\/wp-json\/wp\/v2\/product_cat?post=10439"},{"taxonomy":"product_tag","embeddable":true,"href":"https:\/\/komeklatam.com\/index.php\/wp-json\/wp\/v2\/product_tag?post=10439"}],"curies":[{"name":"wp","href":"https:\/\/api.w.org\/{rel}","templated":true}]}}