{"id":10443,"date":"2023-07-26T11:55:41","date_gmt":"2023-07-26T11:55:41","guid":{"rendered":"http:\/\/komeklatam.com\/?post_type=product&#038;p=10443"},"modified":"2023-07-26T11:55:41","modified_gmt":"2023-07-26T11:55:41","slug":"traje-de-proteccion-kleenguard-a35-sin-botin","status":"publish","type":"product","link":"https:\/\/komeklatam.com\/index.php\/producto\/traje-de-proteccion-kleenguard-a35-sin-botin\/","title":{"rendered":"Traje de Protecci\u00f3n Kleenguard A35 sin bot\u00edn"},"content":{"rendered":"<h2>Descripci\u00f3n<\/h2>\n<p>Los trajes Kleenguard* A35 son de uso limitado y est\u00e1n dise\u00f1ados para brindar protecci\u00f3n contra penetraci\u00f3n de l\u00edquidos no peligrosos y part\u00edculas.<\/p>\n<p>El dise\u00f1o de los trajes A35 est\u00e1 de acuerdo al est\u00e1ndar ANSI\/ ISEA 101- 1996, sin embargo, las prendas tienen mayor longitud en las extremidades para brindar m\u00e1s comodidad al usuario.<\/p>\n<p>La capa externa es un recubrimiento de spunbond con una pel\u00edcula laminada de polietileno, el cual proporciona protecci\u00f3n contra l\u00edquidos. Este material no contiene Silicona.<\/p>\n","protected":false},"excerpt":{"rendered":"<p><strong>Traje de Protecci\u00f3n Kleenguard A35 sin bot\u00edn<\/strong><\/p>\n","protected":false},"featured_media":10444,"comment_status":"open","ping_status":"closed","template":"","meta":{"_joinchat":[]},"product_brand":[],"product_cat":[94,28],"product_tag":[],"class_list":{"0":"post-10443","1":"product","2":"type-product","3":"status-publish","4":"has-post-thumbnail","6":"product_cat-proteccion-corporal","7":"product_cat-seguridadindustrial","9":"first","10":"instock","11":"shipping-taxable","12":"product-type-simple"},"ams_default_variation_id":0,"ams_product_points_reward":[],"ams_product_discount_percentage":0,"ams_price_to_display":0,"ams_acf":[],"jetpack_sharing_enabled":true,"_links":{"self":[{"href":"https:\/\/komeklatam.com\/index.php\/wp-json\/wp\/v2\/product\/10443","targetHints":{"allow":["GET"]}}],"collection":[{"href":"https:\/\/komeklatam.com\/index.php\/wp-json\/wp\/v2\/product"}],"about":[{"href":"https:\/\/komeklatam.com\/index.php\/wp-json\/wp\/v2\/types\/product"}],"replies":[{"embeddable":true,"href":"https:\/\/komeklatam.com\/index.php\/wp-json\/wp\/v2\/comments?post=10443"}],"wp:featuredmedia":[{"embeddable":true,"href":"https:\/\/komeklatam.com\/index.php\/wp-json\/wp\/v2\/media\/10444"}],"wp:attachment":[{"href":"https:\/\/komeklatam.com\/index.php\/wp-json\/wp\/v2\/media?parent=10443"}],"wp:term":[{"taxonomy":"product_brand","embeddable":true,"href":"https:\/\/komeklatam.com\/index.php\/wp-json\/wp\/v2\/product_brand?post=10443"},{"taxonomy":"product_cat","embeddable":true,"href":"https:\/\/komeklatam.com\/index.php\/wp-json\/wp\/v2\/product_cat?post=10443"},{"taxonomy":"product_tag","embeddable":true,"href":"https:\/\/komeklatam.com\/index.php\/wp-json\/wp\/v2\/product_tag?post=10443"}],"curies":[{"name":"wp","href":"https:\/\/api.w.org\/{rel}","templated":true}]}}