{"id":10446,"date":"2023-07-26T11:57:43","date_gmt":"2023-07-26T11:57:43","guid":{"rendered":"http:\/\/komeklatam.com\/?post_type=product&#038;p=10446"},"modified":"2023-07-26T11:57:44","modified_gmt":"2023-07-26T11:57:44","slug":"traje-chaqueta-y-pantalon-de-proteccion-kleenguard-a50","status":"publish","type":"product","link":"https:\/\/komeklatam.com\/index.php\/producto\/traje-chaqueta-y-pantalon-de-proteccion-kleenguard-a50\/","title":{"rendered":"Traje, Chaqueta y Pantal\u00f3n de Protecci\u00f3n KLEENGUARD\u00ae A50"},"content":{"rendered":"<h2>Descripci\u00f3n<\/h2>\n<p><strong>Caracter\u00edsticas:\u00a0<\/strong><\/p>\n<p>Los trajes KLEENGUARD\u00ae A50 est\u00e1n elaborados con la tecnolog\u00eda SMS* (Spunbond Melblown Spunbond especialmente dise\u00f1ada para proveer una combinaci\u00f3n de suavidad, fortaleza, durabilidad y protecci\u00f3n.<\/p>\n<p>La capucha fue dise\u00f1ada para ser compatible con protecci\u00f3n respiratoria y brindar libertad de movimientos. El largo completo del cierre permite la f\u00e1cil colocaci\u00f3n y retiro del traje. Cuenta con cumplimiento del est\u00e1ndar EN 1149-1 de antiestaticidad para \u00e1reas cr\u00edticas.<\/p>\n<p>&nbsp;<\/p>\n","protected":false},"excerpt":{"rendered":"<p><strong>Traje, Chaqueta y Pantal\u00f3n de Protecci\u00f3n KLEENGUARD\u00ae A50<\/strong><\/p>\n<p>Son de uso limitado y est\u00e1n dise\u00f1ados para brindar protecci\u00f3n contra part\u00edculas y l\u00edquidos respirables, contra exposiciones a pulverizaciones de aerosol l\u00edquidas y salpicaduras leves, donde el riesgo de exposici\u00f3n qu\u00edmica est\u00e1 definido como Bajo Riesgo.<\/p>\n","protected":false},"featured_media":10447,"comment_status":"open","ping_status":"closed","template":"","meta":{"_joinchat":[]},"product_brand":[],"product_cat":[94,28],"product_tag":[],"class_list":{"0":"post-10446","1":"product","2":"type-product","3":"status-publish","4":"has-post-thumbnail","6":"product_cat-proteccion-corporal","7":"product_cat-seguridadindustrial","9":"first","10":"instock","11":"shipping-taxable","12":"product-type-simple"},"ams_default_variation_id":0,"ams_product_points_reward":[],"ams_product_discount_percentage":0,"ams_price_to_display":0,"ams_acf":[],"jetpack_sharing_enabled":true,"_links":{"self":[{"href":"https:\/\/komeklatam.com\/index.php\/wp-json\/wp\/v2\/product\/10446","targetHints":{"allow":["GET"]}}],"collection":[{"href":"https:\/\/komeklatam.com\/index.php\/wp-json\/wp\/v2\/product"}],"about":[{"href":"https:\/\/komeklatam.com\/index.php\/wp-json\/wp\/v2\/types\/product"}],"replies":[{"embeddable":true,"href":"https:\/\/komeklatam.com\/index.php\/wp-json\/wp\/v2\/comments?post=10446"}],"wp:featuredmedia":[{"embeddable":true,"href":"https:\/\/komeklatam.com\/index.php\/wp-json\/wp\/v2\/media\/10447"}],"wp:attachment":[{"href":"https:\/\/komeklatam.com\/index.php\/wp-json\/wp\/v2\/media?parent=10446"}],"wp:term":[{"taxonomy":"product_brand","embeddable":true,"href":"https:\/\/komeklatam.com\/index.php\/wp-json\/wp\/v2\/product_brand?post=10446"},{"taxonomy":"product_cat","embeddable":true,"href":"https:\/\/komeklatam.com\/index.php\/wp-json\/wp\/v2\/product_cat?post=10446"},{"taxonomy":"product_tag","embeddable":true,"href":"https:\/\/komeklatam.com\/index.php\/wp-json\/wp\/v2\/product_tag?post=10446"}],"curies":[{"name":"wp","href":"https:\/\/api.w.org\/{rel}","templated":true}]}}