{"id":10455,"date":"2023-07-26T12:21:36","date_gmt":"2023-07-26T12:21:36","guid":{"rendered":"http:\/\/komeklatam.com\/?post_type=product&#038;p=10455"},"modified":"2023-07-26T12:21:36","modified_gmt":"2023-07-26T12:21:36","slug":"ancle-portatil-una-argolla-en-reata","status":"publish","type":"product","link":"https:\/\/komeklatam.com\/index.php\/producto\/ancle-portatil-una-argolla-en-reata\/","title":{"rendered":"Ancle Port\u00e1til una Argolla en Reata"},"content":{"rendered":"<h2>Descripci\u00f3n<\/h2>\n<p>CARACTER\u00cdSTICAS<\/p>\n<p>Cinta\u00a0 \u00a0 \u00a0 \u00a0 \u00a0 \u00a0 \u00a0 \u00a0 \u00a0 \u00a0 \u00a0 100% Poli\u00e9ster doble capa de 45 mm de ancho<br \/>\nArgolla\u00a0 \u00a0 \u00a0 \u00a0 \u00a0 \u00a0 \u00a0 \u00a0 \u00a0 Acero forjado, resistencia m\u00ednima 23 kN, 5000 lbs<br \/>\nHilos\u00a0 \u00a0 \u00a0 \u00a0 \u00a0 \u00a0 \u00a0 \u00a0 \u00a0 \u00a0 \u00a0Poliamida de alta resistencia<\/p>\n<p>Costuras\u00a0 \u00a0 \u00a0 \u00a0 \u00a0 \u00a0 \u00a0 Computarizadas. Permiten mayor presici\u00f3n en puntada y mayor resistencia al desgarro.<\/p>\n<p>Capacidad\u00a0 \u00a0 \u00a0 \u00a0 \u00a0 \u00a0 5000lbs<\/p>\n<p>&nbsp;<\/p>\n<p>PRECAUCIONES DE USO<\/p>\n<ul>\n<li>Los trabajos o actividades que requieren el uso de este producto son por naturaleza peligrosos. Antes de utilizar el producto, el usuario debe:<\/li>\n<li>Leer y comprender las instrucciones de uso.<\/li>\n<li>Capacitarse para el uso de este equipo.<\/li>\n<li>Reconocer el producto y aprender sus prestaciones y sus limitaciones.<\/li>\n<li>Entender y aceptar los riesgos derivados de la utilizaci\u00f3n del equipo.<\/li>\n<li>Respetar y cumplir todas las recomendaciones,advertencias y precauciones, no hacerlo puede ser causa de heridas graves o la muerte.<\/li>\n<\/ul>\n<p>RESPONSABILIDAD<\/p>\n<ul>\n<li>El usuario asume todos los riesgos y responsabilidades por da\u00f1os, heridas o muerte que pueda causarse por el mal uso de este producto.<\/li>\n<\/ul>\n<p>EST\u00c1NDARES Y REGULACIONES<\/p>\n<p>La Eslinga est\u00e1 dise\u00f1ada bajo los est\u00e1ndares de la norma:<\/p>\n<p>ANSI 359.1 \u2013 2017<\/p>\n<p>COMPOSICI\u00d3N<br \/>\nPoli\u00e9ster<\/p>\n","protected":false},"excerpt":{"rendered":"<p>Ancle Port\u00e1til una Argolla en Reata<\/p>\n<p>Poli\u00e9ster<br \/>\nRef: 167099 (1 mt)<br \/>\nRef: 167102 (2mt)<\/p>\n<p>Se trata de un punto de Anclaje port\u00e1til parte de un sistema de detenci\u00f3n de ca\u00eddas. Gran resistencia a la abrasi\u00f3n.<\/p>\n","protected":false},"featured_media":10456,"comment_status":"open","ping_status":"closed","template":"","meta":{"_joinchat":[]},"product_brand":[],"product_cat":[95,28],"product_tag":[],"class_list":{"0":"post-10455","1":"product","2":"type-product","3":"status-publish","4":"has-post-thumbnail","6":"product_cat-proteccion-caida","7":"product_cat-seguridadindustrial","9":"first","10":"instock","11":"shipping-taxable","12":"product-type-simple"},"ams_default_variation_id":0,"ams_product_points_reward":[],"ams_product_discount_percentage":0,"ams_price_to_display":0,"ams_acf":[],"jetpack_sharing_enabled":true,"_links":{"self":[{"href":"https:\/\/komeklatam.com\/index.php\/wp-json\/wp\/v2\/product\/10455","targetHints":{"allow":["GET"]}}],"collection":[{"href":"https:\/\/komeklatam.com\/index.php\/wp-json\/wp\/v2\/product"}],"about":[{"href":"https:\/\/komeklatam.com\/index.php\/wp-json\/wp\/v2\/types\/product"}],"replies":[{"embeddable":true,"href":"https:\/\/komeklatam.com\/index.php\/wp-json\/wp\/v2\/comments?post=10455"}],"wp:featuredmedia":[{"embeddable":true,"href":"https:\/\/komeklatam.com\/index.php\/wp-json\/wp\/v2\/media\/10456"}],"wp:attachment":[{"href":"https:\/\/komeklatam.com\/index.php\/wp-json\/wp\/v2\/media?parent=10455"}],"wp:term":[{"taxonomy":"product_brand","embeddable":true,"href":"https:\/\/komeklatam.com\/index.php\/wp-json\/wp\/v2\/product_brand?post=10455"},{"taxonomy":"product_cat","embeddable":true,"href":"https:\/\/komeklatam.com\/index.php\/wp-json\/wp\/v2\/product_cat?post=10455"},{"taxonomy":"product_tag","embeddable":true,"href":"https:\/\/komeklatam.com\/index.php\/wp-json\/wp\/v2\/product_tag?post=10455"}],"curies":[{"name":"wp","href":"https:\/\/api.w.org\/{rel}","templated":true}]}}