{"id":10675,"date":"2023-07-28T15:44:49","date_gmt":"2023-07-28T15:44:49","guid":{"rendered":"http:\/\/komeklatam.com\/?post_type=product&#038;p=10675"},"modified":"2023-07-28T15:52:18","modified_gmt":"2023-07-28T15:52:18","slug":"gafa-master-sencilla-oscura-sosega","status":"publish","type":"product","link":"https:\/\/komeklatam.com\/index.php\/producto\/gafa-master-sencilla-oscura-sosega\/","title":{"rendered":"Gafa Master Sencilla Oscura Sosega"},"content":{"rendered":"<h2>Descripci\u00f3n<\/h2>\n<p>CARACTER\u00cdSTICAS<\/p>\n<ul>\n<li>Cumplen ANSI Z87.1<\/li>\n<li>Cuentan con un dise\u00f1o liviano para mayor comodidad del usuario.<\/li>\n<li>Lentes de policarbonato que brindan excelente protecci\u00f3n a impactos.<\/li>\n<li>Protecci\u00f3n UV y antirayadura.<\/li>\n<li>Sencilla y Antiempa\u00f1ante.<\/li>\n<li>Los lentes no distorsionan la visi\u00f3n del usuario.<\/li>\n<\/ul>\n<p>PRECAUCIONES DE USO<\/p>\n<ul>\n<li>El usuario debe ajustar correctamente las gafas de seguridad a su rostro para una protecci\u00f3n efectiva.<\/li>\n<li>El usuario debe evaluar el nivel de protecci\u00f3n necesaria para la labor. Para riesgo de impactos fuertes debe usarse protecci\u00f3n adicional.<\/li>\n<li>No usar para labores de soldadura, protecci\u00f3n contra agentes qu\u00edmicos, radiaci\u00f3n infrarroja, salpicaduras o l\u00e1ser.<\/li>\n<\/ul>\n<p>INSTRUCCIONES DE CUIDADO<\/p>\n<ul>\n<li>Lente Oscuro: Uso en exteriores. Disminuye la fatiga causada por la luz solar.<\/li>\n<li>Cambie la gafa de seguridad si el lente o el marco se encuentran deteriorado<\/li>\n<\/ul>\n<p>EST\u00c1NDARES Y REGULACIONES<\/p>\n<p>La Gafa Master est\u00e1 dise\u00f1ada bajo los est\u00e1ndares de la norma ANSI Z87.1<\/p>\n<p>COMPOSICI\u00d3N<\/p>\n<p>Policarbonato<\/p>\n<p>&nbsp;<\/p>\n<p>&nbsp;<\/p>\n<p>&nbsp;<\/p>\n","protected":false},"excerpt":{"rendered":"<p>Las Gafas de seguridad Master Clara ofrecen protecci\u00f3n frontal y lateral contra impactos moderados, chispas, part\u00edculas y rayos ultravioleta. Las Gafas Master estan disponibles en versi\u00f3n Sencilla o Antiempa\u00f1ante.<\/p>\n<p>Gafa Master Sencilla Oscura<br \/>\nPolicarbonato<\/p>\n","protected":false},"featured_media":10680,"comment_status":"open","ping_status":"closed","template":"","meta":{"_joinchat":[]},"product_brand":[],"product_cat":[90,28],"product_tag":[],"class_list":{"0":"post-10675","1":"product","2":"type-product","3":"status-publish","4":"has-post-thumbnail","6":"product_cat-proteccion-visual","7":"product_cat-seguridadindustrial","9":"first","10":"instock","11":"shipping-taxable","12":"product-type-simple"},"ams_default_variation_id":0,"ams_product_points_reward":[],"ams_product_discount_percentage":0,"ams_price_to_display":0,"ams_acf":[],"jetpack_sharing_enabled":true,"_links":{"self":[{"href":"https:\/\/komeklatam.com\/index.php\/wp-json\/wp\/v2\/product\/10675","targetHints":{"allow":["GET"]}}],"collection":[{"href":"https:\/\/komeklatam.com\/index.php\/wp-json\/wp\/v2\/product"}],"about":[{"href":"https:\/\/komeklatam.com\/index.php\/wp-json\/wp\/v2\/types\/product"}],"replies":[{"embeddable":true,"href":"https:\/\/komeklatam.com\/index.php\/wp-json\/wp\/v2\/comments?post=10675"}],"wp:featuredmedia":[{"embeddable":true,"href":"https:\/\/komeklatam.com\/index.php\/wp-json\/wp\/v2\/media\/10680"}],"wp:attachment":[{"href":"https:\/\/komeklatam.com\/index.php\/wp-json\/wp\/v2\/media?parent=10675"}],"wp:term":[{"taxonomy":"product_brand","embeddable":true,"href":"https:\/\/komeklatam.com\/index.php\/wp-json\/wp\/v2\/product_brand?post=10675"},{"taxonomy":"product_cat","embeddable":true,"href":"https:\/\/komeklatam.com\/index.php\/wp-json\/wp\/v2\/product_cat?post=10675"},{"taxonomy":"product_tag","embeddable":true,"href":"https:\/\/komeklatam.com\/index.php\/wp-json\/wp\/v2\/product_tag?post=10675"}],"curies":[{"name":"wp","href":"https:\/\/api.w.org\/{rel}","templated":true}]}}