{"id":10697,"date":"2023-07-28T16:23:42","date_gmt":"2023-07-28T16:23:42","guid":{"rendered":"http:\/\/komeklatam.com\/?post_type=product&#038;p=10697"},"modified":"2023-07-30T16:46:20","modified_gmt":"2023-07-30T16:46:20","slug":"mascara-para-soldar-vidrio-movil-sosega","status":"publish","type":"product","link":"https:\/\/komeklatam.com\/index.php\/producto\/mascara-para-soldar-vidrio-movil-sosega\/","title":{"rendered":"M\u00e1scara para soldar vidrio m\u00f3vil Sosega"},"content":{"rendered":"<h2>Descripci\u00f3n<\/h2>\n<p>CARACTER\u00cdSTICAS<\/p>\n<ul>\n<li>Material: Polipropileno termopl\u00e1stico de alta resistencia.<\/li>\n<li>Cierre tipo rachet.<\/li>\n<li>Para usar con vidrios de diferentes filtros<\/li>\n<\/ul>\n<p>USO<\/p>\n<p>Labores de soldadura el\u00e9ctrica<\/p>\n<p>EST\u00c1NDARES Y REGLAMENTACI\u00d3N<\/p>\n<p>ANSI Z87.1 \u2013 2015<\/p>\n","protected":false},"excerpt":{"rendered":"<p>La Careta Soldador, es un elemento que sirve para la protecci\u00f3n del rostro ya que posee un material de pl\u00e1stico resistente a la temperatura, adem\u00e1s contiene un tafilete con rachet, el cual cuenta con una banda anti sudoraci\u00f3n movible para m\u00e1s confort.<\/p>\n<p>Usualmente es utilizada para los trabajos de soldadura el\u00e9ctrica.<\/p>\n","protected":false},"featured_media":10698,"comment_status":"open","ping_status":"closed","template":"","meta":{"_joinchat":[]},"product_brand":[],"product_cat":[90,28],"product_tag":[],"class_list":{"0":"post-10697","1":"product","2":"type-product","3":"status-publish","4":"has-post-thumbnail","6":"product_cat-proteccion-visual","7":"product_cat-seguridadindustrial","9":"first","10":"instock","11":"shipping-taxable","12":"product-type-simple"},"ams_default_variation_id":0,"ams_product_points_reward":[],"ams_product_discount_percentage":0,"ams_price_to_display":0,"ams_acf":[],"jetpack_sharing_enabled":true,"_links":{"self":[{"href":"https:\/\/komeklatam.com\/index.php\/wp-json\/wp\/v2\/product\/10697","targetHints":{"allow":["GET"]}}],"collection":[{"href":"https:\/\/komeklatam.com\/index.php\/wp-json\/wp\/v2\/product"}],"about":[{"href":"https:\/\/komeklatam.com\/index.php\/wp-json\/wp\/v2\/types\/product"}],"replies":[{"embeddable":true,"href":"https:\/\/komeklatam.com\/index.php\/wp-json\/wp\/v2\/comments?post=10697"}],"wp:featuredmedia":[{"embeddable":true,"href":"https:\/\/komeklatam.com\/index.php\/wp-json\/wp\/v2\/media\/10698"}],"wp:attachment":[{"href":"https:\/\/komeklatam.com\/index.php\/wp-json\/wp\/v2\/media?parent=10697"}],"wp:term":[{"taxonomy":"product_brand","embeddable":true,"href":"https:\/\/komeklatam.com\/index.php\/wp-json\/wp\/v2\/product_brand?post=10697"},{"taxonomy":"product_cat","embeddable":true,"href":"https:\/\/komeklatam.com\/index.php\/wp-json\/wp\/v2\/product_cat?post=10697"},{"taxonomy":"product_tag","embeddable":true,"href":"https:\/\/komeklatam.com\/index.php\/wp-json\/wp\/v2\/product_tag?post=10697"}],"curies":[{"name":"wp","href":"https:\/\/api.w.org\/{rel}","templated":true}]}}