{"id":10727,"date":"2023-07-30T16:51:32","date_gmt":"2023-07-30T16:51:32","guid":{"rendered":"http:\/\/komeklatam.com\/?post_type=product&#038;p=10727"},"modified":"2023-07-30T16:51:32","modified_gmt":"2023-07-30T16:51:32","slug":"cartucho-gases-y-vapores-masprot","status":"publish","type":"product","link":"https:\/\/komeklatam.com\/index.php\/producto\/cartucho-gases-y-vapores-masprot\/","title":{"rendered":"Cartucho Gases y Vapores Masprot"},"content":{"rendered":"<h2>Descripci\u00f3n<\/h2>\n<p>CARACTER\u00cdSTICAS<\/p>\n<ul>\n<li>Este cartucho qu\u00edmico retiene gases \u00e1cidos y vapores org\u00e1nicos.<\/li>\n<li>El carb\u00f3n activo es la materia prima que se encarga de retener los contaminantes qu\u00edmicos.<\/li>\n<li>Este cartucho posee una etiqueta de color amarillo y s\u00f3lo debe ser utilizado con respirador Masprot.<\/li>\n<\/ul>\n<p>VIDA \u00daTIL<\/p>\n<ul>\n<li>La vida \u00fatil depende de las condiciones de uso y trabajo, como por ejemplo la concentraci\u00f3n del contaminante, actividad que se realiza, etc.<\/li>\n<li>La manera de detectar el fin de la vida \u00fatil de los cartuchos qu\u00edmicos es percibiendo el olor o sabor del contaminante. En este caso es indispensable el reemplazo de los cartuchos.<\/li>\n<\/ul>\n<p>ALGUNAS LIMITACIONES<\/p>\n<ul>\n<li>No usar en atm\u00f3sferas que contengan menos de 19,5% de ox\u00edgeno.<\/li>\n<li>No usar en \u00e1reas cerradas o escasamente ventiladas.<\/li>\n<li>No usar en atm\u00f3sferas que sean inmediatamente peligrosas para la vida o salud (IDLH).<\/li>\n<li>No usar cuando desconozca el contaminante o concentraci\u00f3n del mismo.<\/li>\n<li>No usar para protecci\u00f3n contra gases y vapores con escasa propiedad de aviso.<\/li>\n<li>No usar para protecci\u00f3n contra particulados.<\/li>\n<\/ul>\n<p>EST\u00c1NDARES Y REGULACIONES<\/p>\n<p>Dise\u00f1ado y certificado bajo los est\u00e1ndares de la norma NIOSH.<\/p>\n<p>COMPOSICI\u00d3N<\/p>\n<p>Pl\u00e1stico.<\/p>\n","protected":false},"excerpt":{"rendered":"<p>Cartucho Gases y Vapores Masprot<\/p>\n<p>Filtro pl\u00e1stico que retiene gases \u00e1cidos y vapores org\u00e1nicos con ajuste en rosca.<\/p>\n","protected":false},"featured_media":10728,"comment_status":"open","ping_status":"closed","template":"","meta":{"_joinchat":[]},"product_brand":[],"product_cat":[91,28],"product_tag":[],"class_list":{"0":"post-10727","1":"product","2":"type-product","3":"status-publish","4":"has-post-thumbnail","6":"product_cat-proteccion-respiratoria","7":"product_cat-seguridadindustrial","9":"first","10":"instock","11":"shipping-taxable","12":"product-type-simple"},"ams_default_variation_id":0,"ams_product_points_reward":[],"ams_product_discount_percentage":0,"ams_price_to_display":0,"ams_acf":[],"jetpack_sharing_enabled":true,"_links":{"self":[{"href":"https:\/\/komeklatam.com\/index.php\/wp-json\/wp\/v2\/product\/10727","targetHints":{"allow":["GET"]}}],"collection":[{"href":"https:\/\/komeklatam.com\/index.php\/wp-json\/wp\/v2\/product"}],"about":[{"href":"https:\/\/komeklatam.com\/index.php\/wp-json\/wp\/v2\/types\/product"}],"replies":[{"embeddable":true,"href":"https:\/\/komeklatam.com\/index.php\/wp-json\/wp\/v2\/comments?post=10727"}],"wp:featuredmedia":[{"embeddable":true,"href":"https:\/\/komeklatam.com\/index.php\/wp-json\/wp\/v2\/media\/10728"}],"wp:attachment":[{"href":"https:\/\/komeklatam.com\/index.php\/wp-json\/wp\/v2\/media?parent=10727"}],"wp:term":[{"taxonomy":"product_brand","embeddable":true,"href":"https:\/\/komeklatam.com\/index.php\/wp-json\/wp\/v2\/product_brand?post=10727"},{"taxonomy":"product_cat","embeddable":true,"href":"https:\/\/komeklatam.com\/index.php\/wp-json\/wp\/v2\/product_cat?post=10727"},{"taxonomy":"product_tag","embeddable":true,"href":"https:\/\/komeklatam.com\/index.php\/wp-json\/wp\/v2\/product_tag?post=10727"}],"curies":[{"name":"wp","href":"https:\/\/api.w.org\/{rel}","templated":true}]}}