{"id":10736,"date":"2023-07-30T16:58:57","date_gmt":"2023-07-30T16:58:57","guid":{"rendered":"http:\/\/komeklatam.com\/?post_type=product&#038;p=10736"},"modified":"2023-07-30T16:58:57","modified_gmt":"2023-07-30T16:58:57","slug":"cartucho-mhe-500-p100-material-particulado","status":"publish","type":"product","link":"https:\/\/komeklatam.com\/index.php\/producto\/cartucho-mhe-500-p100-material-particulado\/","title":{"rendered":"Cartucho MHe-500 P100 Material Particulado"},"content":{"rendered":"<h2>Descripci\u00f3n<\/h2>\n<p>CARACTER\u00cdSTICAS<\/p>\n<ul>\n<li>El filtro protege en actividades tales como trabajos de soldadura, pintura, exposici\u00f3n a polvo, entre otros.<\/li>\n<li>Este filtro retiene todo tipo de part\u00edculas (s\u00f3lidas, acuosas, aceitosas).<\/li>\n<li>Este filtro posee un material filtrante contra part\u00edculas, capaz de retener en un 99,97% el tama\u00f1o de part\u00edcula m\u00e1s penetrante y m\u00e1s da\u00f1ino que existe para el aparato respiratorio que es la part\u00edcula de 0,3 micrones.<\/li>\n<li>De acuerdo a la normativa este es un filtro de la serie P, con un nivel de eficiencia de 99,97% por lo que clasifica como P100.<\/li>\n<li>Dise\u00f1o desplazado que permite una mejor distribuci\u00f3n del peso agregando mayor comodidad al usuario.<\/li>\n<li>Permite una conexi\u00f3n f\u00e1cil y r\u00e1pida al respirador debido su sistema de bayoneta.<\/li>\n<li>Fabricado en c\u00e1psula pl\u00e1stica. Usar contra part\u00edculas s\u00f3lidas como las de procesamiento de minerales, carb\u00f3n mineral, humos met\u00e1licos, mineral de hierro, algod\u00f3n, harina, asbestos, part\u00edculas l\u00edquidas o part\u00edculas en spray con base de aceite que no produzcan vapores.<\/li>\n<li>Este filtro es de color magenta y s\u00f3lo debe ser utilizado con respiradores Masprot M-500, M-800 y M850.<\/li>\n<\/ul>\n<p>APLICACIONES<\/p>\n<ul>\n<li>Construcci\u00f3n<\/li>\n<li>Miner\u00eda<\/li>\n<li>Industria petroqu\u00edmica<\/li>\n<li>Industria agr\u00edcola<\/li>\n<li>Metalmec\u00e1nica<\/li>\n<li>Soldadura<\/li>\n<\/ul>\n<p>ALGUNAS LIMITACIONES<\/p>\n<ul>\n<li>No usar en atm\u00f3sferas que contengan menos de 19,5% de ox\u00edgeno.<\/li>\n<li>No usar en \u00e1reas cerradas o escasamente ventiladas.<\/li>\n<li>No usar en atm\u00f3sferas que sean inmediatamente peligrosas para la vida o salud (IDLH).<\/li>\n<li>No usar cuando desconozca el contaminante o concentraci\u00f3n del mismo.<\/li>\n<li>No usar para protecci\u00f3n contra gases y\/o vapores, incluyendo aquellos presentes en operaciones con pinturas en aerosol, a menos que est\u00e9n combinados con cartuchos qu\u00edmicos aprobados.<\/li>\n<li>No usar en actividades de limpieza con chorro de arena.<\/li>\n<li>Abandone el \u00e1rea contaminada inmediatamente y avise a su supervisor si siente mareo, irritaci\u00f3n o alg\u00fan otro malestar.<\/li>\n<\/ul>\n<p>EST\u00c1NDARES Y REGULACIONES<\/p>\n<p>Dise\u00f1ado y certificado bajo los est\u00e1ndares de la norma: NIOSH.<\/p>\n<p>VIDA \u00daTIL<\/p>\n<ul>\n<li>La vida \u00fatil depende de las condiciones de uso y trabajo, como por ejemplo la concentraci\u00f3n del contaminante, actividad que se realiza, etc.<\/li>\n<li>La manera de detectar el fin de la vida \u00fatil de los filtros contra part\u00edculas, es cuando el usuario nota dificultad para respirar.<\/li>\n<li>Esto indica que el material filtrante se satur\u00f3 y est\u00e1 impidiendo el paso normal de flujo de aire al sistema respiratorio.<\/li>\n<li>En este caso es indispensable el reemplazo de los filtros.<\/li>\n<li>Los filtros se deben reemplazar si \u00e9stos sufren da\u00f1os.<\/li>\n<\/ul>\n<p>COMPOSICI\u00d3N<\/p>\n<p>Pl\u00e1stico<\/p>\n<p>Material filtrante.<\/p>\n","protected":false},"excerpt":{"rendered":"<p>Descripci\u00f3n CARACTER\u00cdSTICAS El filtro protege en actividades tales como trabajos de soldadura, pintura, exposici\u00f3n a polvo, entre otros. Este filtro<\/p>\n","protected":false},"featured_media":10737,"comment_status":"open","ping_status":"closed","template":"","meta":{"_joinchat":[]},"product_brand":[],"product_cat":[91,28],"product_tag":[],"class_list":{"0":"post-10736","1":"product","2":"type-product","3":"status-publish","4":"has-post-thumbnail","6":"product_cat-proteccion-respiratoria","7":"product_cat-seguridadindustrial","9":"first","10":"instock","11":"shipping-taxable","12":"product-type-simple"},"ams_default_variation_id":0,"ams_product_points_reward":[],"ams_product_discount_percentage":0,"ams_price_to_display":0,"ams_acf":[],"jetpack_sharing_enabled":true,"_links":{"self":[{"href":"https:\/\/komeklatam.com\/index.php\/wp-json\/wp\/v2\/product\/10736","targetHints":{"allow":["GET"]}}],"collection":[{"href":"https:\/\/komeklatam.com\/index.php\/wp-json\/wp\/v2\/product"}],"about":[{"href":"https:\/\/komeklatam.com\/index.php\/wp-json\/wp\/v2\/types\/product"}],"replies":[{"embeddable":true,"href":"https:\/\/komeklatam.com\/index.php\/wp-json\/wp\/v2\/comments?post=10736"}],"wp:featuredmedia":[{"embeddable":true,"href":"https:\/\/komeklatam.com\/index.php\/wp-json\/wp\/v2\/media\/10737"}],"wp:attachment":[{"href":"https:\/\/komeklatam.com\/index.php\/wp-json\/wp\/v2\/media?parent=10736"}],"wp:term":[{"taxonomy":"product_brand","embeddable":true,"href":"https:\/\/komeklatam.com\/index.php\/wp-json\/wp\/v2\/product_brand?post=10736"},{"taxonomy":"product_cat","embeddable":true,"href":"https:\/\/komeklatam.com\/index.php\/wp-json\/wp\/v2\/product_cat?post=10736"},{"taxonomy":"product_tag","embeddable":true,"href":"https:\/\/komeklatam.com\/index.php\/wp-json\/wp\/v2\/product_tag?post=10736"}],"curies":[{"name":"wp","href":"https:\/\/api.w.org\/{rel}","templated":true}]}}