{"id":10755,"date":"2023-07-30T17:18:19","date_gmt":"2023-07-30T17:18:19","guid":{"rendered":"http:\/\/komeklatam.com\/?post_type=product&#038;p=10755"},"modified":"2023-07-30T17:18:19","modified_gmt":"2023-07-30T17:18:19","slug":"respirador-contra-particulas-n95","status":"publish","type":"product","link":"https:\/\/komeklatam.com\/index.php\/producto\/respirador-contra-particulas-n95\/","title":{"rendered":"RESPIRADOR CONTRA PART\u00cdCULAS N95"},"content":{"rendered":"<h2>Descripci\u00f3n<\/h2>\n<p>CARACTER\u00cdSTICAS<\/p>\n<ul>\n<li>Spunbond Capa Externa de alto gramaje: resistente a fluidos.<\/li>\n<li>Spunbond Capa Interna: suave con tu piel debido a sus propiedades Skin-Friendly.<\/li>\n<li>Doble capa de filtro Meltblown para mayor eficiencia.<\/li>\n<li>Hot Cotton Air: con filtro antibacterial aporta excelente permeabilidad, y absorbencia que aisla la humedad y repele part\u00edculas.<\/li>\n<li>Cinta el\u00e1stica de alta visibilidad: que aporta comodidad gracias a su \u00f3ptima elongaci\u00f3n y memoria para un ajuste adecuado y confortable.<\/li>\n<li>Memory foam nasal: anat\u00f3micamente adaptable para la fisionom\u00eda de la nariz, gracias a sus propiedades memory foam evita la fatiga e irritaci\u00f3n de la piel.<\/li>\n<li>Clip nasal met\u00e1lico: en aluminio ultraliviano.<\/li>\n<li>Color: blanco con cinta el\u00e1stica naranja o blanca. Adaptable a un amplio rango de tama\u00f1os de cara.<\/li>\n<\/ul>\n<p>APLICACIONES:<\/p>\n<ul>\n<li>M\u00e9dico: \u00fanicamente sin v\u00e1lvula. Ref IN1020<\/li>\n<li>Triturado<\/li>\n<li>Lijado<\/li>\n<li>Aserrado<\/li>\n<li>Carpinter\u00eda<\/li>\n<li>Trabajo rectificado<\/li>\n<li>Empacado<\/li>\n<li>Otros trabajos que producen polvo donde no existen presencia de neblina de aceite.<\/li>\n<li>Protecci\u00f3n contra bacterias<\/li>\n<li>Construcci\u00f3n<\/li>\n<li>Miner\u00eda<\/li>\n<li>Alimenticia<\/li>\n<li>Cementos<\/li>\n<li><\/li>\n<\/ul>\n<p>EST\u00c1NDARES Y REGULACIONES<\/p>\n<ul>\n<li>42CFR84 (NIOSH) N95<\/li>\n<li>EN 149:2001 + A1:2009 FFP2<\/li>\n<li>BFE (Bacterial Filtration Efficiency) 99,9%<\/li>\n<\/ul>\n<p>&nbsp;<\/p>\n<p>ADVERTENCIAS<\/p>\n<ol>\n<li>Para lograr una \u00f3ptima protecci\u00f3n, es necesario seguir las instrucciones de uso, precauciones y limitaciones contenidas en las etiquetas de aprobaci\u00f3n.<\/li>\n<li>No use este respirador bajo ninguna de las siguientes condiciones:<\/li>\n<li>En ambientes que tengan concentraci\u00f3n de ox\u00edgeno menor a 19,5%<\/li>\n<li>Para protecci\u00f3n contra ars\u00e9nico, asbestos o plomo.<\/li>\n<li>Para protegerse contra gases, vapores org\u00e1nicos, o cualquier contaminante desconocido en concentraciones desconocidas.<\/li>\n<li>Mientras se realizan operaciones de limpieza con chorros de arena abrasiva o para combatir incendios.<\/li>\n<li>En espacios confinados privados de ventilaci\u00f3n como tanques, silos, ductos sanitarios o el\u00e9ctricos.<\/li>\n<li>Cuando las condiciones impiden el buen sello del respirador: barba, patilla o bigote; anteojos y otros dispositivos; dentaduras postizas o incompletas; deformidades faciales o cicatrices profundas que impidan un sello adecuado del respirador.<\/li>\n<li>Salga inmediatamente del \u00e1rea contaminada s\u00ed:<\/li>\n<li>Se dificulta la respiraci\u00f3n.<\/li>\n<li>Siente mareos o cefalea.<\/li>\n<li>Siente olor, sabor o irritaci\u00f3n debido a los contaminantes presentes en el \u00e1rea de trabajo.<\/li>\n<li>Se da\u00f1a en respirador.<\/li>\n<li>Cuando se selecciona y ajusta correctamente el respirador descartable, se produce una reducci\u00f3n en el ingreso del aire acondicionado por el sello que evita el ingreso de contaminantes que puedan afectar la salud a coro o largo plazo del usuario.<\/li>\n<\/ol>\n","protected":false},"excerpt":{"rendered":"<div class=\"elementor-element elementor-element-7c477266 elementor-widget elementor-widget-woocommerce-product-short-description\" data-id=\"7c477266\" data-element_type=\"widget\" data-widget_type=\"woocommerce-product-short-description.default\">\n<div class=\"elementor-widget-container\">\n<div class=\"woocommerce-product-details__short-description\">\n<p>RESPIRADOR CONTRA PART\u00cdCULAS N95<\/p>\n<p>IN1020 \/ IN1020V<\/p>\n<p>El respirador contra part\u00edculas N95 (filtro de part\u00edculas 95% nivel de eficiencia), brinda efectiva, confortable e higi\u00e9nica protecci\u00f3n respiratoria contra la gran mayor\u00eda de polvos y part\u00edculas sin presencia de aceite. Respirador con materiales de construcci\u00f3n ligeros que dan mayor comodidad al usuario y promueven mayor tiempo de uso.<\/p>\n<\/div>\n<\/div>\n<\/div>\n","protected":false},"featured_media":10756,"comment_status":"open","ping_status":"closed","template":"","meta":{"_joinchat":[]},"product_brand":[],"product_cat":[91,28],"product_tag":[],"class_list":{"0":"post-10755","1":"product","2":"type-product","3":"status-publish","4":"has-post-thumbnail","6":"product_cat-proteccion-respiratoria","7":"product_cat-seguridadindustrial","9":"first","10":"instock","11":"shipping-taxable","12":"product-type-simple"},"ams_default_variation_id":0,"ams_product_points_reward":[],"ams_product_discount_percentage":0,"ams_price_to_display":0,"ams_acf":[],"jetpack_sharing_enabled":true,"_links":{"self":[{"href":"https:\/\/komeklatam.com\/index.php\/wp-json\/wp\/v2\/product\/10755","targetHints":{"allow":["GET"]}}],"collection":[{"href":"https:\/\/komeklatam.com\/index.php\/wp-json\/wp\/v2\/product"}],"about":[{"href":"https:\/\/komeklatam.com\/index.php\/wp-json\/wp\/v2\/types\/product"}],"replies":[{"embeddable":true,"href":"https:\/\/komeklatam.com\/index.php\/wp-json\/wp\/v2\/comments?post=10755"}],"wp:featuredmedia":[{"embeddable":true,"href":"https:\/\/komeklatam.com\/index.php\/wp-json\/wp\/v2\/media\/10756"}],"wp:attachment":[{"href":"https:\/\/komeklatam.com\/index.php\/wp-json\/wp\/v2\/media?parent=10755"}],"wp:term":[{"taxonomy":"product_brand","embeddable":true,"href":"https:\/\/komeklatam.com\/index.php\/wp-json\/wp\/v2\/product_brand?post=10755"},{"taxonomy":"product_cat","embeddable":true,"href":"https:\/\/komeklatam.com\/index.php\/wp-json\/wp\/v2\/product_cat?post=10755"},{"taxonomy":"product_tag","embeddable":true,"href":"https:\/\/komeklatam.com\/index.php\/wp-json\/wp\/v2\/product_tag?post=10755"}],"curies":[{"name":"wp","href":"https:\/\/api.w.org\/{rel}","templated":true}]}}