{"id":10764,"date":"2023-07-30T17:25:45","date_gmt":"2023-07-30T17:25:45","guid":{"rendered":"http:\/\/komeklatam.com\/?post_type=product&#038;p=10764"},"modified":"2023-07-30T17:25:45","modified_gmt":"2023-07-30T17:25:45","slug":"retenedor-501","status":"publish","type":"product","link":"https:\/\/komeklatam.com\/index.php\/producto\/retenedor-501\/","title":{"rendered":"Retenedor 501"},"content":{"rendered":"<h2>Descripci\u00f3n<\/h2>\n<p><strong>Aplicaciones:\u00a0<\/strong><\/p>\n<p>En conjunto con el filtro 5N11 y los cartuchos de la serie 6000 puede ser utilizado en m\u00faltiples aplicaciones como:<\/p>\n<ul>\n<li>Tinturado<\/li>\n<li>Lijado<\/li>\n<li>Aserrado<\/li>\n<li>Carpinter\u00eda<\/li>\n<li>Empacado<\/li>\n<li>Cementos<\/li>\n<li>Construcci\u00f3n<\/li>\n<li>Miner\u00eda<\/li>\n<li>Alimenticia<\/li>\n<li>Pintura en spray<\/li>\n<\/ul>\n<p>No usar en atm\u00f3sferas que contengan Asbestos o polvo proveniente de lavado con chorro o arena.<\/p>\n<p>&nbsp;<\/p>\n","protected":false},"excerpt":{"rendered":"<p>El retenedor 3M 501 es usado para acoplar y asegurar los filtros 5N11 en la parte superior de los cartuchos 3M de la serie 6000. En conjunto con el filtro 5N11 y los cartuchos de la serie 6000 brinda una efectiva e higi\u00e9nica protecci\u00f3n respiratoria contra polvos y part\u00edculas liquidas sin aceite, gases y vapores.<\/p>\n","protected":false},"featured_media":10765,"comment_status":"open","ping_status":"closed","template":"","meta":{"_joinchat":[]},"product_brand":[],"product_cat":[91,28],"product_tag":[],"class_list":{"0":"post-10764","1":"product","2":"type-product","3":"status-publish","4":"has-post-thumbnail","6":"product_cat-proteccion-respiratoria","7":"product_cat-seguridadindustrial","9":"first","10":"instock","11":"shipping-taxable","12":"product-type-simple"},"ams_default_variation_id":0,"ams_product_points_reward":[],"ams_product_discount_percentage":0,"ams_price_to_display":0,"ams_acf":[],"jetpack_sharing_enabled":true,"_links":{"self":[{"href":"https:\/\/komeklatam.com\/index.php\/wp-json\/wp\/v2\/product\/10764","targetHints":{"allow":["GET"]}}],"collection":[{"href":"https:\/\/komeklatam.com\/index.php\/wp-json\/wp\/v2\/product"}],"about":[{"href":"https:\/\/komeklatam.com\/index.php\/wp-json\/wp\/v2\/types\/product"}],"replies":[{"embeddable":true,"href":"https:\/\/komeklatam.com\/index.php\/wp-json\/wp\/v2\/comments?post=10764"}],"wp:featuredmedia":[{"embeddable":true,"href":"https:\/\/komeklatam.com\/index.php\/wp-json\/wp\/v2\/media\/10765"}],"wp:attachment":[{"href":"https:\/\/komeklatam.com\/index.php\/wp-json\/wp\/v2\/media?parent=10764"}],"wp:term":[{"taxonomy":"product_brand","embeddable":true,"href":"https:\/\/komeklatam.com\/index.php\/wp-json\/wp\/v2\/product_brand?post=10764"},{"taxonomy":"product_cat","embeddable":true,"href":"https:\/\/komeklatam.com\/index.php\/wp-json\/wp\/v2\/product_cat?post=10764"},{"taxonomy":"product_tag","embeddable":true,"href":"https:\/\/komeklatam.com\/index.php\/wp-json\/wp\/v2\/product_tag?post=10764"}],"curies":[{"name":"wp","href":"https:\/\/api.w.org\/{rel}","templated":true}]}}