{"id":10767,"date":"2023-07-30T17:32:21","date_gmt":"2023-07-30T17:32:21","guid":{"rendered":"http:\/\/komeklatam.com\/?post_type=product&#038;p=10767"},"modified":"2023-07-30T17:32:21","modified_gmt":"2023-07-30T17:32:21","slug":"bota-de-seguridad-robusta-patrol","status":"publish","type":"product","link":"https:\/\/komeklatam.com\/index.php\/producto\/bota-de-seguridad-robusta-patrol\/","title":{"rendered":"BOTA DE SEGURIDAD ROBUSTA PATROL"},"content":{"rendered":"<h2>Descripci\u00f3n<\/h2>\n<p>BOTA DE SEGURIDAD ROBUSTA PATROL<\/p>\n<p>TALLAS: 36-45<\/p>\n<p>CARACTER\u00cdSTICAS:<\/p>\n<ul>\n<li>Proceso de fabricaci\u00f3n: strobell, inyeccion directa al corte..<\/li>\n<li>Capellada: micropiel. Calibre 18-20. Color negro.<\/li>\n<li>Cuello: sint\u00e9tico a base textil de alta resistencia a condiciones.<\/li>\n<li>Suplente: sint\u00e9tico a base textil de alta resistencia a condiciones h\u00famedas tipo fuelle.<\/li>\n<li>Suela bidensidad: PU expanso (dureza 48 +-shores A) \u2013 PU compacto (dureza 60 +- shore A). Bicolor, resistencia a la flexi\u00f3n de 30.000 ciclos y en la abrasi\u00f3n 130\u00a0 mm3.<\/li>\n<li>Puntera seguridad: material composite. Certificada en norma EN 12568.\u00a0 Resistencia al impacto 200+-4J y resistencia a la compresi\u00f3n 15+-0,5 kn<\/li>\n<li>Plantilla Interna: forro textil acolchado.<\/li>\n<li>Sistema de sujeci\u00f3n: cordones tejidos trenzados, bicolor. Hilo prete\u00f1ido 100% poli\u00e9ster. Ojaletes pl\u00e1sticos que evita la conductividad el\u00e9ctrica.<\/li>\n<\/ul>\n<p>NORMATIVIDAD T\u00c9CNICA<\/p>\n<ul>\n<li>Resistencia al choque el\u00e9ctrico. Noma ASTM F2412 y 2413<\/li>\n<li>Resistencia mec\u00e1nica de puntera certificada en norma: EN 12568<\/li>\n<li>Abrasi\u00f3n de suela: Norma NTC ISO 20345<\/li>\n<li>Flexi\u00f3n de suela: Norma NTC ISO 20345.<\/li>\n<\/ul>\n","protected":false},"excerpt":{"rendered":"<p>Bota de seguridad fabricada en micropiel de alta resistencia, con dise\u00f1o funcional, suela bidensidad\u00a0 PU-PU que absorbe impactos . Alta resistencia a la abrasi\u00f3n y antideslizantes.<\/p>\n<p>Cuentacon puntera en composite certificada en Norma EN12568 aislante al choque el\u00e9ctrico seg\u00fan norma ASTM 2413.<\/p>\n","protected":false},"featured_media":10768,"comment_status":"open","ping_status":"closed","template":"","meta":{"_joinchat":[]},"product_brand":[],"product_cat":[92,28],"product_tag":[],"class_list":{"0":"post-10767","1":"product","2":"type-product","3":"status-publish","4":"has-post-thumbnail","6":"product_cat-proteccion-pies","7":"product_cat-seguridadindustrial","9":"first","10":"instock","11":"shipping-taxable","12":"product-type-simple"},"ams_default_variation_id":0,"ams_product_points_reward":[],"ams_product_discount_percentage":0,"ams_price_to_display":0,"ams_acf":[],"jetpack_sharing_enabled":true,"_links":{"self":[{"href":"https:\/\/komeklatam.com\/index.php\/wp-json\/wp\/v2\/product\/10767","targetHints":{"allow":["GET"]}}],"collection":[{"href":"https:\/\/komeklatam.com\/index.php\/wp-json\/wp\/v2\/product"}],"about":[{"href":"https:\/\/komeklatam.com\/index.php\/wp-json\/wp\/v2\/types\/product"}],"replies":[{"embeddable":true,"href":"https:\/\/komeklatam.com\/index.php\/wp-json\/wp\/v2\/comments?post=10767"}],"wp:featuredmedia":[{"embeddable":true,"href":"https:\/\/komeklatam.com\/index.php\/wp-json\/wp\/v2\/media\/10768"}],"wp:attachment":[{"href":"https:\/\/komeklatam.com\/index.php\/wp-json\/wp\/v2\/media?parent=10767"}],"wp:term":[{"taxonomy":"product_brand","embeddable":true,"href":"https:\/\/komeklatam.com\/index.php\/wp-json\/wp\/v2\/product_brand?post=10767"},{"taxonomy":"product_cat","embeddable":true,"href":"https:\/\/komeklatam.com\/index.php\/wp-json\/wp\/v2\/product_cat?post=10767"},{"taxonomy":"product_tag","embeddable":true,"href":"https:\/\/komeklatam.com\/index.php\/wp-json\/wp\/v2\/product_tag?post=10767"}],"curies":[{"name":"wp","href":"https:\/\/api.w.org\/{rel}","templated":true}]}}