{"id":10787,"date":"2023-07-30T18:32:19","date_gmt":"2023-07-30T18:32:19","guid":{"rendered":"http:\/\/komeklatam.com\/?post_type=product&#038;p=10787"},"modified":"2023-07-30T18:32:19","modified_gmt":"2023-07-30T18:32:19","slug":"bota-robusta-guerrera","status":"publish","type":"product","link":"https:\/\/komeklatam.com\/index.php\/producto\/bota-robusta-guerrera\/","title":{"rendered":"BOTA ROBUSTA GUERRERA"},"content":{"rendered":"<h2>Descripci\u00f3n<\/h2>\n<p>CARACTER\u00cdSTICAS<\/p>\n<ul>\n<li>Proceso de fabricaci\u00f3n: full inyectado (doble inyecci\u00f3n).<\/li>\n<li>Boca: di\u00e1metro de 42,3 cm que facilita el calce y el descalce y el ingreso de los uniformes.<\/li>\n<li>Estr\u00edas: facilitan el alcance y el descalce de la bota, ahorrando tiempo y esfuerzo.<\/li>\n<li>Suela: dise\u00f1o de suela de labrado profundo auto limpiante con bajo \u00edndice de abrasi\u00f3n mejorando el antideslizante, flexibles y ergon\u00f3micas, dureza de 60+- 3 Shore A. Suela Adherente<\/li>\n<li>Forro interno: poli\u00e9ster que permite disfrutar de gran frescura, suavidad e higiene.<\/li>\n<li>Refuerzo: mayor calibre para mejorar protecci\u00f3n en el tal\u00f3n y tobillo.<\/li>\n<li>Puntera: puntera de seguridad en acero Norma Europea EN 12568. Resistencia al impacto 200+- 4J resistencia a la compresi\u00f3n 15+- 0,15 kn.<\/li>\n<li>Ca\u00f1a: fabricada en PVC de gran resistencia y flexibilidad ofrece una mayor libertad al movimiento de la pierna. Dureza 55+- 3 shore A. 100% impermeable.<\/li>\n<\/ul>\n<p>EST\u00c1NDARES Y REGULACIONES<\/p>\n<ul>\n<li>Resistencia al choque el\u00e9ctrico: ASTM F 2412 y 2413<\/li>\n<li>Resistencia mec\u00e1nica de puntera: EN 12568<\/li>\n<li>Abrasi\u00f3n de suela: NTC ISO 20345<\/li>\n<li>Flexi\u00f3n de suela: NTC ISO 20345<\/li>\n<\/ul>\n","protected":false},"excerpt":{"rendered":"<p>BOTA ROBUSTA GUERRERA<\/p>\n<p>\u00c1cidos grasos<\/p>\n<p>Color: Blanco unicolor<\/p>\n<p>Tallas 38-42<\/p>\n<p>Botas de PVC con RH, 100% impermeables, de seguridad de alta resistencia a \u00e1cidos grasos, sangre, grasas animales, vegetales y detergentes, resistente a cambios de temperaturas, inhibe la proliferaci\u00f3n de hongos y bacterias, con puntera de protecci\u00f3n certificada en norma EN12568, dise\u00f1o de suela de labrado profundo auto limpiante y resistente al deslizamiento ofreciendo seguridad, higiene y salud a los trabajadores. Suela con tecnolog\u00eda Shock Absorber eficiente sistema de absorci\u00f3n de impacto al caminar \u00a0 y que por lo tanto tiene un mayor amortiguamiento.<\/p>\n<p>USOS<\/p>\n<ul>\n<li>Aseo<\/li>\n<li>Alimentos<\/li>\n<\/ul>\n","protected":false},"featured_media":10788,"comment_status":"open","ping_status":"closed","template":"","meta":{"_joinchat":[]},"product_brand":[],"product_cat":[92,28],"product_tag":[],"class_list":{"0":"post-10787","1":"product","2":"type-product","3":"status-publish","4":"has-post-thumbnail","6":"product_cat-proteccion-pies","7":"product_cat-seguridadindustrial","9":"first","10":"instock","11":"shipping-taxable","12":"product-type-simple"},"ams_default_variation_id":0,"ams_product_points_reward":[],"ams_product_discount_percentage":0,"ams_price_to_display":0,"ams_acf":[],"jetpack_sharing_enabled":true,"_links":{"self":[{"href":"https:\/\/komeklatam.com\/index.php\/wp-json\/wp\/v2\/product\/10787","targetHints":{"allow":["GET"]}}],"collection":[{"href":"https:\/\/komeklatam.com\/index.php\/wp-json\/wp\/v2\/product"}],"about":[{"href":"https:\/\/komeklatam.com\/index.php\/wp-json\/wp\/v2\/types\/product"}],"replies":[{"embeddable":true,"href":"https:\/\/komeklatam.com\/index.php\/wp-json\/wp\/v2\/comments?post=10787"}],"wp:featuredmedia":[{"embeddable":true,"href":"https:\/\/komeklatam.com\/index.php\/wp-json\/wp\/v2\/media\/10788"}],"wp:attachment":[{"href":"https:\/\/komeklatam.com\/index.php\/wp-json\/wp\/v2\/media?parent=10787"}],"wp:term":[{"taxonomy":"product_brand","embeddable":true,"href":"https:\/\/komeklatam.com\/index.php\/wp-json\/wp\/v2\/product_brand?post=10787"},{"taxonomy":"product_cat","embeddable":true,"href":"https:\/\/komeklatam.com\/index.php\/wp-json\/wp\/v2\/product_cat?post=10787"},{"taxonomy":"product_tag","embeddable":true,"href":"https:\/\/komeklatam.com\/index.php\/wp-json\/wp\/v2\/product_tag?post=10787"}],"curies":[{"name":"wp","href":"https:\/\/api.w.org\/{rel}","templated":true}]}}