{"id":10790,"date":"2023-07-30T18:33:55","date_gmt":"2023-07-30T18:33:55","guid":{"rendered":"http:\/\/komeklatam.com\/?post_type=product&#038;p=10790"},"modified":"2023-07-30T18:33:55","modified_gmt":"2023-07-30T18:33:55","slug":"bota-robusta-guerrera-acorazada","status":"publish","type":"product","link":"https:\/\/komeklatam.com\/index.php\/producto\/bota-robusta-guerrera-acorazada\/","title":{"rendered":"BOTA ROBUSTA GUERRERA ACORAZADA"},"content":{"rendered":"<h2>Descripci\u00f3n<\/h2>\n<p>CARACTER\u00cdSTICAS<\/p>\n<ul>\n<li>Proceso: Bota inyectada en PVC bicolor.<\/li>\n<li>Forro: media que permite disfrutar de gran frescura, suavidad, higiene y limpieza.<\/li>\n<li>Plantilla en PU: elaborada en poliuretano altamente flexible, favorece las articulaciones, reduce la fatiga.<\/li>\n<li>Ca\u00f1a: fabricada en PVC de gran resistencia y flexibilidad. Ofrece una mayor libertad al movimiento de la pierna.<\/li>\n<li>Cinta superior: cinta superior brillante que evita el desgarre.<\/li>\n<li>Estr\u00edas: las estr\u00edas superiores facilitan el calce ahorrando tiempo y esfuerzo, las estr\u00edas inferiores facilitan el descalce.<\/li>\n<li>Contrafuerte: reforzada para proteger el tal\u00f3n.<\/li>\n<li>Suela: suela autolimpiante y antideslizante con dise\u00f1o ergon\u00f3mico y con protecci\u00f3n anti-impacto en el tal\u00f3n.<\/li>\n<li>Resistencia: derivados del petr\u00f3leo y \u00e1cidos grasos.<\/li>\n<li>Impermeabilidad: 100%<\/li>\n<li>Altura: Alta 36 cm.<\/li>\n<\/ul>\n<p>USOS<\/p>\n<p>Gasolineras, petroleras, frigor\u00edfico, industrias alimenticias, industrias l\u00e1cteas, agr\u00edcola y ganadera.<\/p>\n<p>EST\u00c1NDARES Y REGULACIONES<\/p>\n<ul>\n<li>Puntera: Puntera acerada Norma EN 12568-S<\/li>\n<li>Entresuela: plantilla acerrada Norma EN 12568-S<\/li>\n<\/ul>\n<p>&nbsp;<\/p>\n","protected":false},"excerpt":{"rendered":"<p>BOTA ROBUSTA GUERRERA ACORAZADA<\/p>\n<p>Color: Negro, Blanco y Amarillo. Bicolor.<\/p>\n<p>Talla: 38-42<\/p>\n<ul>\n<li>Antideslizante<\/li>\n<li>Puntera de acero<\/li>\n<li>Anti perforaci\u00f3n suela de acero<\/li>\n<li>Resistente a \u00c1cidos grasos e hidrocarburos<\/li>\n<li>Tac\u00f3n que absorbe energ\u00eda.<\/li>\n<\/ul>\n","protected":false},"featured_media":10791,"comment_status":"open","ping_status":"closed","template":"","meta":{"_joinchat":[]},"product_brand":[],"product_cat":[92,28],"product_tag":[],"class_list":{"0":"post-10790","1":"product","2":"type-product","3":"status-publish","4":"has-post-thumbnail","6":"product_cat-proteccion-pies","7":"product_cat-seguridadindustrial","9":"first","10":"instock","11":"shipping-taxable","12":"product-type-simple"},"ams_default_variation_id":0,"ams_product_points_reward":[],"ams_product_discount_percentage":0,"ams_price_to_display":0,"ams_acf":[],"jetpack_sharing_enabled":true,"_links":{"self":[{"href":"https:\/\/komeklatam.com\/index.php\/wp-json\/wp\/v2\/product\/10790","targetHints":{"allow":["GET"]}}],"collection":[{"href":"https:\/\/komeklatam.com\/index.php\/wp-json\/wp\/v2\/product"}],"about":[{"href":"https:\/\/komeklatam.com\/index.php\/wp-json\/wp\/v2\/types\/product"}],"replies":[{"embeddable":true,"href":"https:\/\/komeklatam.com\/index.php\/wp-json\/wp\/v2\/comments?post=10790"}],"wp:featuredmedia":[{"embeddable":true,"href":"https:\/\/komeklatam.com\/index.php\/wp-json\/wp\/v2\/media\/10791"}],"wp:attachment":[{"href":"https:\/\/komeklatam.com\/index.php\/wp-json\/wp\/v2\/media?parent=10790"}],"wp:term":[{"taxonomy":"product_brand","embeddable":true,"href":"https:\/\/komeklatam.com\/index.php\/wp-json\/wp\/v2\/product_brand?post=10790"},{"taxonomy":"product_cat","embeddable":true,"href":"https:\/\/komeklatam.com\/index.php\/wp-json\/wp\/v2\/product_cat?post=10790"},{"taxonomy":"product_tag","embeddable":true,"href":"https:\/\/komeklatam.com\/index.php\/wp-json\/wp\/v2\/product_tag?post=10790"}],"curies":[{"name":"wp","href":"https:\/\/api.w.org\/{rel}","templated":true}]}}