{"id":10821,"date":"2023-07-30T19:31:44","date_gmt":"2023-07-30T19:31:44","guid":{"rendered":"http:\/\/komeklatam.com\/?post_type=product&#038;p=10821"},"modified":"2023-07-30T19:31:45","modified_gmt":"2023-07-30T19:31:45","slug":"robusta-guerrera-proteccion-agua","status":"publish","type":"product","link":"https:\/\/komeklatam.com\/index.php\/producto\/robusta-guerrera-proteccion-agua\/","title":{"rendered":"ROBUSTA GUERRERA PROTECCI\u00d3N AGUA"},"content":{"rendered":"<h2>Descripci\u00f3n<\/h2>\n<p>CARACTER\u00cdSTICAS<\/p>\n<ul>\n<li>Proceso: Bota inyectada en PVC bicolor.<\/li>\n<li>Forro: media que permite disfrutar de gran frescura, suavidad, higiene, y limpieza.<\/li>\n<li>Plantilla: Acolchada, elaborada con suaves fibras que permiten una excelente ventilaci\u00f3n.<\/li>\n<li>Ca\u00f1a: fabricada en PVC de gran resistencia y flexibilidad ofrece una mayor libertad al movimiento de la pierna.<\/li>\n<li>Cinta superior: cinta superior brillante que evita el desgarre.<\/li>\n<li>Estr\u00edas: las estr\u00edas superiores facilitan el calce ahorrando tiempo y esfuerzo. Las estr\u00edas interiores facilitan el descalce.<\/li>\n<li>Puntera: puntera dise\u00f1ada con un relieve que permite una protecci\u00f3n a los dedos de los pies.<\/li>\n<li>Contrafuerte: reforzado para proteger el tal\u00f3n.<\/li>\n<li>Suela: suela autolimpiante y antideslizante con dise\u00f1o ergon\u00f3mico y con protecci\u00f3n anti-impacto en el tal\u00f3n.<\/li>\n<li>Impermeabilidad: 100%<\/li>\n<li>Altura: alta 36 cm.<\/li>\n<\/ul>\n<p>USOS<\/p>\n<ul>\n<li>Construcci\u00f3n.<\/li>\n<li>Agr\u00edcola<\/li>\n<li>Ganader\u00eda<\/li>\n<li>Floricultura<\/li>\n<li>Miner\u00eda<\/li>\n<\/ul>\n","protected":false},"excerpt":{"rendered":"<p>ROBUSTA GUERRERA PROTECCI\u00d3N AGUA<\/p>\n<p>Color: Negro, Blanco y Amarillo.<\/p>\n<p>Tallas: 38-42<\/p>\n<ul>\n<li>Antideslizante<\/li>\n<li>Resistente a \u00c1cidos Grados e hidrocarburos.<\/li>\n<li>Tac\u00f3n que absorbe energ\u00eda.<\/li>\n<li>Material textil y sint\u00e9tico.<\/li>\n<\/ul>\n","protected":false},"featured_media":10822,"comment_status":"open","ping_status":"closed","template":"","meta":{"_joinchat":[]},"product_brand":[],"product_cat":[92,28],"product_tag":[],"class_list":{"0":"post-10821","1":"product","2":"type-product","3":"status-publish","4":"has-post-thumbnail","6":"product_cat-proteccion-pies","7":"product_cat-seguridadindustrial","9":"first","10":"instock","11":"shipping-taxable","12":"product-type-simple"},"ams_default_variation_id":0,"ams_product_points_reward":[],"ams_product_discount_percentage":0,"ams_price_to_display":0,"ams_acf":[],"jetpack_sharing_enabled":true,"_links":{"self":[{"href":"https:\/\/komeklatam.com\/index.php\/wp-json\/wp\/v2\/product\/10821","targetHints":{"allow":["GET"]}}],"collection":[{"href":"https:\/\/komeklatam.com\/index.php\/wp-json\/wp\/v2\/product"}],"about":[{"href":"https:\/\/komeklatam.com\/index.php\/wp-json\/wp\/v2\/types\/product"}],"replies":[{"embeddable":true,"href":"https:\/\/komeklatam.com\/index.php\/wp-json\/wp\/v2\/comments?post=10821"}],"wp:featuredmedia":[{"embeddable":true,"href":"https:\/\/komeklatam.com\/index.php\/wp-json\/wp\/v2\/media\/10822"}],"wp:attachment":[{"href":"https:\/\/komeklatam.com\/index.php\/wp-json\/wp\/v2\/media?parent=10821"}],"wp:term":[{"taxonomy":"product_brand","embeddable":true,"href":"https:\/\/komeklatam.com\/index.php\/wp-json\/wp\/v2\/product_brand?post=10821"},{"taxonomy":"product_cat","embeddable":true,"href":"https:\/\/komeklatam.com\/index.php\/wp-json\/wp\/v2\/product_cat?post=10821"},{"taxonomy":"product_tag","embeddable":true,"href":"https:\/\/komeklatam.com\/index.php\/wp-json\/wp\/v2\/product_tag?post=10821"}],"curies":[{"name":"wp","href":"https:\/\/api.w.org\/{rel}","templated":true}]}}