{"id":10832,"date":"2023-07-30T19:54:04","date_gmt":"2023-07-30T19:54:04","guid":{"rendered":"http:\/\/komeklatam.com\/?post_type=product&#038;p=10832"},"modified":"2023-07-30T19:54:04","modified_gmt":"2023-07-30T19:54:04","slug":"zueco-de-dotacion","status":"publish","type":"product","link":"https:\/\/komeklatam.com\/index.php\/producto\/zueco-de-dotacion\/","title":{"rendered":"ZUECO DE DOTACI\u00d3N"},"content":{"rendered":"<h2>Descripci\u00f3n<\/h2>\n<p>ZUECO DOTACI\u00d3N REF 080<\/p>\n<p>CARACTER\u00cdSTICAS<\/p>\n<ul>\n<li>Evita el resbalamiento: es resistente al resbalamiento, gracias al dise\u00f1o de su suela en Nitrilo<\/li>\n<li>Liviano: Est\u00e1 hecho de un material ultraliviano y antibacterial llamado EVA, tambi\u00e9n evita la proliferaci\u00f3n de microorganismos y malos olores.<\/li>\n<li>Comodidad: son ideales para ser utilizados en el puesto de trabajo.<\/li>\n<li>Lavado: es de f\u00e1cil lavado y secado r\u00e1pido.<\/li>\n<\/ul>\n<p>RECOMENDACIONES<\/p>\n<ul>\n<li>Se recomienda usar el zapato con media de algod\u00f3n.<\/li>\n<li>No exponer directamente el zapato a los rayos del sol durante largas jornadas.<\/li>\n<li>No lavar con agua caliente.<\/li>\n<\/ul>\n","protected":false},"excerpt":{"rendered":"<p>Zueco de dotaci\u00f3n<\/p>\n<p>Referencia: 080<\/p>\n<p>Tallaje: 34-45<\/p>\n<p>Descripci\u00f3n: con suela resitente al resbalamiento es ideal para labores que requieren de constante movimiento en pisos resbalosos.<\/p>\n","protected":false},"featured_media":10833,"comment_status":"open","ping_status":"closed","template":"","meta":{"_joinchat":[]},"product_brand":[],"product_cat":[92,28],"product_tag":[],"class_list":{"0":"post-10832","1":"product","2":"type-product","3":"status-publish","4":"has-post-thumbnail","6":"product_cat-proteccion-pies","7":"product_cat-seguridadindustrial","9":"first","10":"instock","11":"shipping-taxable","12":"product-type-simple"},"ams_default_variation_id":0,"ams_product_points_reward":[],"ams_product_discount_percentage":0,"ams_price_to_display":0,"ams_acf":[],"jetpack_sharing_enabled":true,"_links":{"self":[{"href":"https:\/\/komeklatam.com\/index.php\/wp-json\/wp\/v2\/product\/10832","targetHints":{"allow":["GET"]}}],"collection":[{"href":"https:\/\/komeklatam.com\/index.php\/wp-json\/wp\/v2\/product"}],"about":[{"href":"https:\/\/komeklatam.com\/index.php\/wp-json\/wp\/v2\/types\/product"}],"replies":[{"embeddable":true,"href":"https:\/\/komeklatam.com\/index.php\/wp-json\/wp\/v2\/comments?post=10832"}],"wp:featuredmedia":[{"embeddable":true,"href":"https:\/\/komeklatam.com\/index.php\/wp-json\/wp\/v2\/media\/10833"}],"wp:attachment":[{"href":"https:\/\/komeklatam.com\/index.php\/wp-json\/wp\/v2\/media?parent=10832"}],"wp:term":[{"taxonomy":"product_brand","embeddable":true,"href":"https:\/\/komeklatam.com\/index.php\/wp-json\/wp\/v2\/product_brand?post=10832"},{"taxonomy":"product_cat","embeddable":true,"href":"https:\/\/komeklatam.com\/index.php\/wp-json\/wp\/v2\/product_cat?post=10832"},{"taxonomy":"product_tag","embeddable":true,"href":"https:\/\/komeklatam.com\/index.php\/wp-json\/wp\/v2\/product_tag?post=10832"}],"curies":[{"name":"wp","href":"https:\/\/api.w.org\/{rel}","templated":true}]}}