{"id":10904,"date":"2023-08-01T13:52:54","date_gmt":"2023-08-01T13:52:54","guid":{"rendered":"http:\/\/komeklatam.com\/?post_type=product&#038;p=10904"},"modified":"2023-08-01T14:10:13","modified_gmt":"2023-08-01T14:10:13","slug":"zueco-de-dotacion-diseno-alto","status":"publish","type":"product","link":"https:\/\/komeklatam.com\/index.php\/producto\/zueco-de-dotacion-diseno-alto\/","title":{"rendered":"ZUECO DE DOTACI\u00d3N DISE\u00d1O ALTO"},"content":{"rendered":"<h2>Descripci\u00f3n<\/h2>\n<p>ZUECO DE DOTACI\u00d3N DISE\u00d1O ALTO<\/p>\n<p>CARACTER\u00cdSTICAS<\/p>\n<ul>\n<li>Resistente al resbalamiento, gracias al dise\u00f1o de la suela en Nitrilo.<\/li>\n<li>Livianos: el zapato est\u00e1 hecho de material EVA, ultraliviano, antibacterial. Evita la proliferaci\u00f3n de microorganismos y malos olores.<\/li>\n<li>Comodidad: son ideales para ser utilizados en el puesto de trabajo.<\/li>\n<\/ul>\n<p>RECOMENDACIONES:<\/p>\n<ul>\n<li>Se recomienda usar el zapato con media de algod\u00f3n.<\/li>\n<li>No exponer directamente el zapato a los rayos del sol durante largas jornadas.<\/li>\n<li>No lavar con agua caliente.<\/li>\n<\/ul>\n","protected":false},"excerpt":{"rendered":"<p>ZUECOS DE DOTACION DISE\u00d1O ALTO<\/p>\n<p>TALLAS: 38-45<\/p>\n<p>DESCRIPCI\u00d3N: ideal para trabajos de esfuerzo. Para m\u00e1xima comodidad y seguridad de los pies.<\/p>\n","protected":false},"featured_media":10905,"comment_status":"open","ping_status":"closed","template":"","meta":{"_joinchat":[]},"product_brand":[],"product_cat":[92,28],"product_tag":[],"class_list":{"0":"post-10904","1":"product","2":"type-product","3":"status-publish","4":"has-post-thumbnail","6":"product_cat-proteccion-pies","7":"product_cat-seguridadindustrial","9":"first","10":"instock","11":"shipping-taxable","12":"product-type-simple"},"ams_default_variation_id":0,"ams_product_points_reward":[],"ams_product_discount_percentage":0,"ams_price_to_display":0,"ams_acf":[],"jetpack_sharing_enabled":true,"_links":{"self":[{"href":"https:\/\/komeklatam.com\/index.php\/wp-json\/wp\/v2\/product\/10904","targetHints":{"allow":["GET"]}}],"collection":[{"href":"https:\/\/komeklatam.com\/index.php\/wp-json\/wp\/v2\/product"}],"about":[{"href":"https:\/\/komeklatam.com\/index.php\/wp-json\/wp\/v2\/types\/product"}],"replies":[{"embeddable":true,"href":"https:\/\/komeklatam.com\/index.php\/wp-json\/wp\/v2\/comments?post=10904"}],"wp:featuredmedia":[{"embeddable":true,"href":"https:\/\/komeklatam.com\/index.php\/wp-json\/wp\/v2\/media\/10905"}],"wp:attachment":[{"href":"https:\/\/komeklatam.com\/index.php\/wp-json\/wp\/v2\/media?parent=10904"}],"wp:term":[{"taxonomy":"product_brand","embeddable":true,"href":"https:\/\/komeklatam.com\/index.php\/wp-json\/wp\/v2\/product_brand?post=10904"},{"taxonomy":"product_cat","embeddable":true,"href":"https:\/\/komeklatam.com\/index.php\/wp-json\/wp\/v2\/product_cat?post=10904"},{"taxonomy":"product_tag","embeddable":true,"href":"https:\/\/komeklatam.com\/index.php\/wp-json\/wp\/v2\/product_tag?post=10904"}],"curies":[{"name":"wp","href":"https:\/\/api.w.org\/{rel}","templated":true}]}}