{"id":10910,"date":"2023-08-01T14:08:07","date_gmt":"2023-08-01T14:08:07","guid":{"rendered":"http:\/\/komeklatam.com\/?post_type=product&#038;p=10910"},"modified":"2023-08-01T14:09:11","modified_gmt":"2023-08-01T14:09:11","slug":"zuecos-de-dotacion-para-industria-alimentos","status":"publish","type":"product","link":"https:\/\/komeklatam.com\/index.php\/producto\/zuecos-de-dotacion-para-industria-alimentos\/","title":{"rendered":"ZUECOS DE DOTACI\u00d3N PARA INDUSTRIA ALIMENTOS"},"content":{"rendered":"<h2>Descripci\u00f3n<\/h2>\n<p>ZUECOS DE DOTACION PARA INDUSTRIA ALIMENTOS<\/p>\n<p>CARACTER\u00cdSTICAS:<\/p>\n<ul>\n<li>Cuenta con suela en la parte del tal\u00f3n de 3,3 cm la cual brinda comodidad y bienestar al usuario, en t\u00e9rminos de postura y amortiguaci\u00f3n.<\/li>\n<li>Suela en pvc antideslizante, resistente al resbalamiento que aparta la mayor seguridad en la jornada de trabajo.<\/li>\n<li>Plantilla en material EVA\/ textil,\u00a0 con dise\u00f1o ergon\u00f3mico para soportar largas jornadas de uso.<\/li>\n<li>Refuerzo en la puntera.<\/li>\n<li>Capellada\u00a0 en material EVA que protege toda la longitud de empeine y en la parte trasera tiene la altura necesaria para cubrir el tend\u00f3n de aquiles.<\/li>\n<\/ul>\n<p>RECOMENDACIONES<\/p>\n<ul>\n<li>Se recomienda usar el zapato con media de algod\u00f3n.<\/li>\n<li>No exponer directamente el zapato a los rayos del sol durante largas jornadas.<\/li>\n<li>No lavar con agua caliente.<\/li>\n<\/ul>\n","protected":false},"excerpt":{"rendered":"<p>ZUECOS DE DOTACION PARA INDUSTRIA ALIMENTOS<\/p>\n<p>TALLAS: 35-43<\/p>\n<p>DESCRIPCION: dise\u00f1ado para desarrollar trabajo de forma segura y c\u00f3moda, gracias a su suela resistente al resbalamiento.<\/p>\n","protected":false},"featured_media":10911,"comment_status":"open","ping_status":"closed","template":"","meta":{"_joinchat":[]},"product_brand":[],"product_cat":[92,28],"product_tag":[],"class_list":{"0":"post-10910","1":"product","2":"type-product","3":"status-publish","4":"has-post-thumbnail","6":"product_cat-proteccion-pies","7":"product_cat-seguridadindustrial","9":"first","10":"instock","11":"shipping-taxable","12":"product-type-simple"},"ams_default_variation_id":0,"ams_product_points_reward":[],"ams_product_discount_percentage":0,"ams_price_to_display":0,"ams_acf":[],"jetpack_sharing_enabled":true,"_links":{"self":[{"href":"https:\/\/komeklatam.com\/index.php\/wp-json\/wp\/v2\/product\/10910","targetHints":{"allow":["GET"]}}],"collection":[{"href":"https:\/\/komeklatam.com\/index.php\/wp-json\/wp\/v2\/product"}],"about":[{"href":"https:\/\/komeklatam.com\/index.php\/wp-json\/wp\/v2\/types\/product"}],"replies":[{"embeddable":true,"href":"https:\/\/komeklatam.com\/index.php\/wp-json\/wp\/v2\/comments?post=10910"}],"wp:featuredmedia":[{"embeddable":true,"href":"https:\/\/komeklatam.com\/index.php\/wp-json\/wp\/v2\/media\/10911"}],"wp:attachment":[{"href":"https:\/\/komeklatam.com\/index.php\/wp-json\/wp\/v2\/media?parent=10910"}],"wp:term":[{"taxonomy":"product_brand","embeddable":true,"href":"https:\/\/komeklatam.com\/index.php\/wp-json\/wp\/v2\/product_brand?post=10910"},{"taxonomy":"product_cat","embeddable":true,"href":"https:\/\/komeklatam.com\/index.php\/wp-json\/wp\/v2\/product_cat?post=10910"},{"taxonomy":"product_tag","embeddable":true,"href":"https:\/\/komeklatam.com\/index.php\/wp-json\/wp\/v2\/product_tag?post=10910"}],"curies":[{"name":"wp","href":"https:\/\/api.w.org\/{rel}","templated":true}]}}