{"id":10929,"date":"2023-08-02T01:34:04","date_gmt":"2023-08-02T01:34:04","guid":{"rendered":"http:\/\/komeklatam.com\/?post_type=product&#038;p=10929"},"modified":"2023-08-02T20:32:19","modified_gmt":"2023-08-02T20:32:19","slug":"freno-para-cuerda-yoke","status":"publish","type":"product","link":"https:\/\/komeklatam.com\/index.php\/producto\/freno-para-cuerda-yoke\/","title":{"rendered":"Freno Para Cuerda Yoke"},"content":{"rendered":"<h2>Descripci\u00f3n<\/h2>\n<p>Material: Acero Inoxidable<br \/>\nPara cuerda: (Hasta 16mm)<br \/>\nCarga m\u00ednima de rotura:\u00a0 16kN (3600 LBS)<br \/>\nPeso Neto: 20.2 oz. \/ 588 g.<br \/>\nEnchapado: Pulido<\/p>\n<p>&nbsp;<\/p>\n<p>EST\u00c1NDARES Y REGULACIONES<\/p>\n<p>El freno en acero para cuerda est\u00e1 dise\u00f1ado bajo los est\u00e1ndares de la norma: ANSI Z359.1 CSA Z259.2.1 \u2013 EN 353 \u2013 2<\/p>\n<p>&nbsp;<\/p>\n<p>COMPOSICI\u00d3N<\/p>\n<p>Acero Inoxidable<\/p>\n","protected":false},"excerpt":{"rendered":"<p>Arrestador v\u00eda libre antip\u00e1nico para cuerdas.<\/p>\n","protected":false},"featured_media":10930,"comment_status":"open","ping_status":"closed","template":"","meta":{"_joinchat":[]},"product_brand":[],"product_cat":[95,28],"product_tag":[],"class_list":{"0":"post-10929","1":"product","2":"type-product","3":"status-publish","4":"has-post-thumbnail","6":"product_cat-proteccion-caida","7":"product_cat-seguridadindustrial","9":"first","10":"instock","11":"shipping-taxable","12":"product-type-simple"},"ams_default_variation_id":0,"ams_product_points_reward":[],"ams_product_discount_percentage":0,"ams_price_to_display":0,"ams_acf":[],"jetpack_sharing_enabled":true,"_links":{"self":[{"href":"https:\/\/komeklatam.com\/index.php\/wp-json\/wp\/v2\/product\/10929","targetHints":{"allow":["GET"]}}],"collection":[{"href":"https:\/\/komeklatam.com\/index.php\/wp-json\/wp\/v2\/product"}],"about":[{"href":"https:\/\/komeklatam.com\/index.php\/wp-json\/wp\/v2\/types\/product"}],"replies":[{"embeddable":true,"href":"https:\/\/komeklatam.com\/index.php\/wp-json\/wp\/v2\/comments?post=10929"}],"wp:featuredmedia":[{"embeddable":true,"href":"https:\/\/komeklatam.com\/index.php\/wp-json\/wp\/v2\/media\/10930"}],"wp:attachment":[{"href":"https:\/\/komeklatam.com\/index.php\/wp-json\/wp\/v2\/media?parent=10929"}],"wp:term":[{"taxonomy":"product_brand","embeddable":true,"href":"https:\/\/komeklatam.com\/index.php\/wp-json\/wp\/v2\/product_brand?post=10929"},{"taxonomy":"product_cat","embeddable":true,"href":"https:\/\/komeklatam.com\/index.php\/wp-json\/wp\/v2\/product_cat?post=10929"},{"taxonomy":"product_tag","embeddable":true,"href":"https:\/\/komeklatam.com\/index.php\/wp-json\/wp\/v2\/product_tag?post=10929"}],"curies":[{"name":"wp","href":"https:\/\/api.w.org\/{rel}","templated":true}]}}