{"id":10932,"date":"2023-08-02T01:35:49","date_gmt":"2023-08-02T01:35:49","guid":{"rendered":"http:\/\/komeklatam.com\/?post_type=product&#038;p=10932"},"modified":"2023-08-02T01:35:49","modified_gmt":"2023-08-02T01:35:49","slug":"mosqueton-big-acero-yoke","status":"publish","type":"product","link":"https:\/\/komeklatam.com\/index.php\/producto\/mosqueton-big-acero-yoke\/","title":{"rendered":"Mosquet\u00f3n Big Acero Yoke"},"content":{"rendered":"<h2>Descripci\u00f3n<\/h2>\n<p>CARACTER\u00cdSTICAS<\/p>\n<p>Material: Aleaci\u00f3n de Acero<\/p>\n<p>Min. Carga de rotura: 50kN (11000 LBS)<\/p>\n<p>Tratamiento t\u00e9rmico:\u00a0 35 \u2013 42 HRC<\/p>\n<p>Min. Carga de puerta: 3600 LBS<\/p>\n<p>&nbsp;<\/p>\n<p>Prueba de carga 100%\u00a0 16kN (3600 LBS)<\/p>\n<p>Prueba de resistencia corrosi\u00f3n: 48 Hrs<\/p>\n<p>Enchapado:\u00a0 Zinc Amarillo<\/p>\n<p>Min. Carga lateral: 3600 LBS<\/p>\n<p>EST\u00c1NDARES Y REGULACIONES<\/p>\n<p>El Mosquet\u00f3n en Acero Big est\u00e1 dise\u00f1ado bajo los est\u00e1ndares de las pruebas seg\u00fan: ANSI Z 359.12, CSA Z 259.12, CE EN 362<\/p>\n<p>&nbsp;<\/p>\n<p>COMPOSICI\u00d3N<\/p>\n<p>Acero<\/p>\n","protected":false},"excerpt":{"rendered":"<p>Mosquet\u00f3n Big Acero Yoke<\/p>\n<p>N-248-G<br \/>\nSSC 2 \u2013 2\u00a0 \u00a0 \u00a0 \u00a0 \u00a0 \u00a0 \u00a0 \u00a0 \u00a0 \u00a0 \u00a0 \u00a0 \u00a0 \u00a0 \u00a0 \u00a0 \u00a0 \u00a0 \u00a0 \u00a0 \u00a0 \u00a0 \u00a0 \u00a0 \u00a0 \u00a0 \u00a0 \u00a0 \u00a0 \u00a0 \u00a0 \u00a0 \u00a0 \u00a0 \u00a0 \u00a0 \u00a0 \u00a0 \u00a0 \u00a0 \u00a0 \u00a0 \u00a0 \u00a0 \u00a0 \u00a0 \u00a0 \u00a0 \u00a0 \u00a0 \u00a0 \u00a0 \u00a0 \u00a0 \u00a0 \u00a0 \u00a0 \u00a0 \u00a0 \u00a0 \u00a0 \u00a0 \u00a0 \u00a0 \u00a0 \u00a0 \u00a0 \u00a0 \u00a0 \u00a0 \u00a0 \u00a0 \u00a0 \u00a0 \u00a0 \u00a0 \u00a0 \u00a0 \u00a0 \u00a0 \u00a0 \u00a0 \u00a0 \u00a0 \u00a0 \u00a0 \u00a0 \u00a0 \u00a0\u00a0DESCRIPCI\u00d3N<\/p>\n<p>Los mosquetones de cierre autom\u00e1tico reducen la posibilidad de que el usuario olvide cerrar el dispositivo, facilitando as\u00ed el uso del mismo y brindando mayor seguridad. Ideales como sistema de uni\u00f3n o conexi\u00f3n entre diferentes elementos de un sistema de seguridad antica\u00eddas.<\/p>\n","protected":false},"featured_media":10933,"comment_status":"open","ping_status":"closed","template":"","meta":{"_joinchat":[]},"product_brand":[],"product_cat":[95,28],"product_tag":[],"class_list":{"0":"post-10932","1":"product","2":"type-product","3":"status-publish","4":"has-post-thumbnail","6":"product_cat-proteccion-caida","7":"product_cat-seguridadindustrial","9":"first","10":"instock","11":"shipping-taxable","12":"product-type-simple"},"ams_default_variation_id":0,"ams_product_points_reward":[],"ams_product_discount_percentage":0,"ams_price_to_display":0,"ams_acf":[],"jetpack_sharing_enabled":true,"_links":{"self":[{"href":"https:\/\/komeklatam.com\/index.php\/wp-json\/wp\/v2\/product\/10932","targetHints":{"allow":["GET"]}}],"collection":[{"href":"https:\/\/komeklatam.com\/index.php\/wp-json\/wp\/v2\/product"}],"about":[{"href":"https:\/\/komeklatam.com\/index.php\/wp-json\/wp\/v2\/types\/product"}],"replies":[{"embeddable":true,"href":"https:\/\/komeklatam.com\/index.php\/wp-json\/wp\/v2\/comments?post=10932"}],"wp:featuredmedia":[{"embeddable":true,"href":"https:\/\/komeklatam.com\/index.php\/wp-json\/wp\/v2\/media\/10933"}],"wp:attachment":[{"href":"https:\/\/komeklatam.com\/index.php\/wp-json\/wp\/v2\/media?parent=10932"}],"wp:term":[{"taxonomy":"product_brand","embeddable":true,"href":"https:\/\/komeklatam.com\/index.php\/wp-json\/wp\/v2\/product_brand?post=10932"},{"taxonomy":"product_cat","embeddable":true,"href":"https:\/\/komeklatam.com\/index.php\/wp-json\/wp\/v2\/product_cat?post=10932"},{"taxonomy":"product_tag","embeddable":true,"href":"https:\/\/komeklatam.com\/index.php\/wp-json\/wp\/v2\/product_tag?post=10932"}],"curies":[{"name":"wp","href":"https:\/\/api.w.org\/{rel}","templated":true}]}}