{"id":10938,"date":"2023-08-02T02:50:37","date_gmt":"2023-08-02T02:50:37","guid":{"rendered":"http:\/\/komeklatam.com\/?post_type=product&#038;p=10938"},"modified":"2023-08-02T02:51:26","modified_gmt":"2023-08-02T02:51:26","slug":"mosqueton-blue-aluminio-sac-2-1","status":"publish","type":"product","link":"https:\/\/komeklatam.com\/index.php\/producto\/mosqueton-blue-aluminio-sac-2-1\/","title":{"rendered":"Mosquet\u00f3n Blue Aluminio SAC 2 -1"},"content":{"rendered":"<h2>Descripci\u00f3n<\/h2>\n<p>CARACTER\u00cdSTICAS<\/p>\n<ul>\n<li>Material: Aluminio A7075<\/li>\n<li>Cierre de Puerta: Cierre autom\u00e1tico<\/li>\n<li>Bloqueo de Puerta: Bloqueo Autom\u00e1tico<\/li>\n<li>Min. Apertura de la puerta: 22 mm<\/li>\n<li>Min. Fuerza Est\u00e1tica horizontal:25 kN<\/li>\n<li>Min. Fuerza Est\u00e1tica vertical: 10 kN<\/li>\n<\/ul>\n<p>EST\u00c1NDARES Y REGULACIONES<\/p>\n<p>El Mosquet\u00f3n en Aluminio Blue est\u00e1 dise\u00f1ado bajo los est\u00e1ndares de la normas: CSN EN 12275: 2013 (Id\u00e9ntica a EN 12275: 2013) CSN EN 362: 2005 (Id\u00e9ntica a EN 362: 2004) CSN EN 365: 2005 (Id\u00e9ntica a EN 365: 2004)<\/p>\n<p>&nbsp;<\/p>\n<p>COMPOSICI\u00d3N<\/p>\n<p>Aluminio<\/p>\n","protected":false},"excerpt":{"rendered":"<p>Los mosquetones de cierre autom\u00e1tico reducen la posibilidad de que el usuario olvide cerrar el dispositivo, facilitando as\u00ed el uso del mismo y brindando mayor seguridad. Ideales como sistema de uni\u00f3n o conexi\u00f3n entre diferentes elementos de un sistema de seguridad antica\u00eddas.<\/p>\n","protected":false},"featured_media":10939,"comment_status":"open","ping_status":"closed","template":"","meta":{"_joinchat":[]},"product_brand":[],"product_cat":[95,28],"product_tag":[],"class_list":{"0":"post-10938","1":"product","2":"type-product","3":"status-publish","4":"has-post-thumbnail","6":"product_cat-proteccion-caida","7":"product_cat-seguridadindustrial","9":"first","10":"instock","11":"shipping-taxable","12":"product-type-simple"},"ams_default_variation_id":0,"ams_product_points_reward":[],"ams_product_discount_percentage":0,"ams_price_to_display":0,"ams_acf":[],"jetpack_sharing_enabled":true,"_links":{"self":[{"href":"https:\/\/komeklatam.com\/index.php\/wp-json\/wp\/v2\/product\/10938","targetHints":{"allow":["GET"]}}],"collection":[{"href":"https:\/\/komeklatam.com\/index.php\/wp-json\/wp\/v2\/product"}],"about":[{"href":"https:\/\/komeklatam.com\/index.php\/wp-json\/wp\/v2\/types\/product"}],"replies":[{"embeddable":true,"href":"https:\/\/komeklatam.com\/index.php\/wp-json\/wp\/v2\/comments?post=10938"}],"wp:featuredmedia":[{"embeddable":true,"href":"https:\/\/komeklatam.com\/index.php\/wp-json\/wp\/v2\/media\/10939"}],"wp:attachment":[{"href":"https:\/\/komeklatam.com\/index.php\/wp-json\/wp\/v2\/media?parent=10938"}],"wp:term":[{"taxonomy":"product_brand","embeddable":true,"href":"https:\/\/komeklatam.com\/index.php\/wp-json\/wp\/v2\/product_brand?post=10938"},{"taxonomy":"product_cat","embeddable":true,"href":"https:\/\/komeklatam.com\/index.php\/wp-json\/wp\/v2\/product_cat?post=10938"},{"taxonomy":"product_tag","embeddable":true,"href":"https:\/\/komeklatam.com\/index.php\/wp-json\/wp\/v2\/product_tag?post=10938"}],"curies":[{"name":"wp","href":"https:\/\/api.w.org\/{rel}","templated":true}]}}