{"id":10947,"date":"2023-08-02T02:59:48","date_gmt":"2023-08-02T02:59:48","guid":{"rendered":"http:\/\/komeklatam.com\/?post_type=product&#038;p=10947"},"modified":"2023-08-02T20:31:38","modified_gmt":"2023-08-02T20:31:38","slug":"mosqueton-green-b-aluminio-sac-2-3","status":"publish","type":"product","link":"https:\/\/komeklatam.com\/index.php\/producto\/mosqueton-green-b-aluminio-sac-2-3\/","title":{"rendered":"Mosquet\u00f3n Green B Aluminio SAC 2 -3"},"content":{"rendered":"<h2>Descripci\u00f3n<\/h2>\n<p>CARACTER\u00cdSTICAS<\/p>\n<ul>\n<li>Material: Aluminio A7075<\/li>\n<li>Cierre de Puerta: Cierre autom\u00e1tico<\/li>\n<li>Min. Apertura de la puerta: 19, 9 mm<\/li>\n<li>Min. Fuerza Est\u00e1tica horizontal: 25 kN<\/li>\n<li>Min. Fuerza Est\u00e1tica vertical: 7 kN<\/li>\n<li>Bloqueo: Dos Movimientos<\/li>\n<\/ul>\n<p>&nbsp;<\/p>\n<p>EST\u00c1NDARES Y REGULACIONES<\/p>\n<p>El Mosquet\u00f3n en Aluminio Green B est\u00e1 dise\u00f1ado bajo los est\u00e1ndares de la norma: EN 12275: 1999<\/p>\n<p>&nbsp;<\/p>\n<p>COMPOSICI\u00d3N<\/p>\n<p>Aluminio<\/p>\n<p>&nbsp;<\/p>\n","protected":false},"excerpt":{"rendered":"<p>Los mosquetones de cierre autom\u00e1tico reducen la posibilidad de que el usuario olvide cerrar el dispositivo, facilitando as\u00ed el uso del mismo y brindando mayor seguridad. Ideales como sistema de uni\u00f3n o conexi\u00f3n entre diferentes elementos de un sistema de seguridad antica\u00eddas.<\/p>\n","protected":false},"featured_media":10948,"comment_status":"open","ping_status":"closed","template":"","meta":{"_joinchat":[]},"product_brand":[],"product_cat":[95,28],"product_tag":[],"class_list":{"0":"post-10947","1":"product","2":"type-product","3":"status-publish","4":"has-post-thumbnail","6":"product_cat-proteccion-caida","7":"product_cat-seguridadindustrial","9":"first","10":"instock","11":"shipping-taxable","12":"product-type-simple"},"ams_default_variation_id":0,"ams_product_points_reward":[],"ams_product_discount_percentage":0,"ams_price_to_display":0,"ams_acf":[],"jetpack_sharing_enabled":true,"_links":{"self":[{"href":"https:\/\/komeklatam.com\/index.php\/wp-json\/wp\/v2\/product\/10947","targetHints":{"allow":["GET"]}}],"collection":[{"href":"https:\/\/komeklatam.com\/index.php\/wp-json\/wp\/v2\/product"}],"about":[{"href":"https:\/\/komeklatam.com\/index.php\/wp-json\/wp\/v2\/types\/product"}],"replies":[{"embeddable":true,"href":"https:\/\/komeklatam.com\/index.php\/wp-json\/wp\/v2\/comments?post=10947"}],"wp:featuredmedia":[{"embeddable":true,"href":"https:\/\/komeklatam.com\/index.php\/wp-json\/wp\/v2\/media\/10948"}],"wp:attachment":[{"href":"https:\/\/komeklatam.com\/index.php\/wp-json\/wp\/v2\/media?parent=10947"}],"wp:term":[{"taxonomy":"product_brand","embeddable":true,"href":"https:\/\/komeklatam.com\/index.php\/wp-json\/wp\/v2\/product_brand?post=10947"},{"taxonomy":"product_cat","embeddable":true,"href":"https:\/\/komeklatam.com\/index.php\/wp-json\/wp\/v2\/product_cat?post=10947"},{"taxonomy":"product_tag","embeddable":true,"href":"https:\/\/komeklatam.com\/index.php\/wp-json\/wp\/v2\/product_tag?post=10947"}],"curies":[{"name":"wp","href":"https:\/\/api.w.org\/{rel}","templated":true}]}}