{"id":10968,"date":"2023-08-02T03:32:55","date_gmt":"2023-08-02T03:32:55","guid":{"rendered":"http:\/\/komeklatam.com\/?post_type=product&#038;p=10968"},"modified":"2023-08-02T03:32:56","modified_gmt":"2023-08-02T03:32:56","slug":"polea-pequena-aluminio-sp-421","status":"publish","type":"product","link":"https:\/\/komeklatam.com\/index.php\/producto\/polea-pequena-aluminio-sp-421\/","title":{"rendered":"Polea Peque\u00f1a Aluminio SP \u2013 421"},"content":{"rendered":"<h2>Descripci\u00f3n<\/h2>\n<p>INSTRUCCIONES DE CUIDADO<\/p>\n<ul>\n<li>La polea s\u00f3lo est\u00e1 dise\u00f1ada y producida para usar en monta\u00f1ismo y rescate.<\/li>\n<li>El equipo debe ser utilizado s\u00f3lo por una persona capacitada y competente o por un usuario bajo la supervisi\u00f3n directa de una persona capacitada y competente.<\/li>\n<li>Es responsabilidad del usuario en todo momento asegurarse de que entiende el uso correcto de cualquier equipo suministrado por el fabricante, que lo usa s\u00f3lo para el prop\u00f3sito para el cual est\u00e1 dise\u00f1ado y que practica todos los procedimientos de seguridad apropiados.<\/li>\n<li>El fabricante o proveedor no aceptar\u00e1 ninguna responsabilidad por da\u00f1os, lesiones o muertes por uso indebido.<\/li>\n<\/ul>\n<p>ALMACENAMIENTO<\/p>\n<ul>\n<li>La humedad y las temperaturas fr\u00edas pueden alterar el rendimiento din\u00e1mico del producto, pero no influyen en su resistencia.<\/li>\n<li>Mantenga el equipo de escalada alejado de fuentes calientes, humedad alta, bordes afilados y productos qu\u00edmicos y gu\u00e1rdelo en un lugar fresco y seco.<\/li>\n<li>Carga de ruptura: 26kN<\/li>\n<li>Use con cuerda de di\u00e1metro: max de \u00d816mm<\/li>\n<li>Peso: 88<\/li>\n<\/ul>\n<p>INSPECCI\u00d3N<\/p>\n<ul>\n<li>El usuario debe realizar una inspecci\u00f3n visual del equipo inmediatamente antes de usarlo para asegurarse de que est\u00e1 en condiciones de servicio y funciona correctamente.<\/li>\n<li>Compruebe la rotaci\u00f3n de las poleas antes de su uso, adicional a la pre-inspecci\u00f3n, durante y despu\u00e9s de cada uso, este producto debe ser inspeccionado por una persona competente de nuevo para asegurarse de que el producto pueda ser utilizado o no.<\/li>\n<\/ul>\n<p>LIMPIEZA Y LUBRICACI\u00d3N<\/p>\n<ul>\n<li>Lavar en agua tibia y secar naturalmente lejos del calor directo, aplique una peque\u00f1a cantidad de lubricante en el mecanismo de la bisagra \/ puerta y limpie el exceso de lubricante, si la polea no gira libremente despu\u00e9s de la limpieza, lubrique el eje de la polea, si el defecto todav\u00eda existe despu\u00e9s de engrasar, no utilice esta polea otra vez.<\/li>\n<\/ul>\n<p>USOS<\/p>\n<ul>\n<li>La polea es un dispositivo para reducir la fricci\u00f3n de un cable cargado de modo que las cargas pesadas pueden ser m\u00e1s f\u00e1cilmente levantadas o bajadas<\/li>\n<li>La polea debe ser utilizada solamente seg\u00fan las instrucciones y ninguna alteraci\u00f3n se debe hacer a ella. Se puede utilizar junto con cualquier art\u00edculo adecuado de especificaci\u00f3n adecuada y de acuerdo con las normas EN y teniendo en cuenta las limitaciones de cada equipo individual. La polea tiene que ser fijada a un anclaje seguro. La cuerda debe correr en la ranura de las poleas. (ver foto 3,4,5) Tambi\u00e9n se recomienda usar guantes mientras se utilizan poleas<\/li>\n<\/ul>\n<p>EST\u00c1NDARES Y REGULACIONES<\/p>\n<p>La polea est\u00e1 dise\u00f1ado bajo los<br \/>\nest\u00e1ndares de las normas\u00a0 EN 12278<\/p>\n<p>COMPOSICI\u00d3N<\/p>\n<p>Aluminio<\/p>\n","protected":false},"excerpt":{"rendered":"<p>Polea de Aluminio con bridas fijas, con rodamientos de bolas. Para cuerdas hasta 12 mm.<\/p>\n","protected":false},"featured_media":10969,"comment_status":"open","ping_status":"closed","template":"","meta":{"_joinchat":[]},"product_brand":[],"product_cat":[95,28],"product_tag":[],"class_list":{"0":"post-10968","1":"product","2":"type-product","3":"status-publish","4":"has-post-thumbnail","6":"product_cat-proteccion-caida","7":"product_cat-seguridadindustrial","9":"first","10":"instock","11":"shipping-taxable","12":"product-type-simple"},"ams_default_variation_id":0,"ams_product_points_reward":[],"ams_product_discount_percentage":0,"ams_price_to_display":0,"ams_acf":[],"jetpack_sharing_enabled":true,"_links":{"self":[{"href":"https:\/\/komeklatam.com\/index.php\/wp-json\/wp\/v2\/product\/10968","targetHints":{"allow":["GET"]}}],"collection":[{"href":"https:\/\/komeklatam.com\/index.php\/wp-json\/wp\/v2\/product"}],"about":[{"href":"https:\/\/komeklatam.com\/index.php\/wp-json\/wp\/v2\/types\/product"}],"replies":[{"embeddable":true,"href":"https:\/\/komeklatam.com\/index.php\/wp-json\/wp\/v2\/comments?post=10968"}],"wp:featuredmedia":[{"embeddable":true,"href":"https:\/\/komeklatam.com\/index.php\/wp-json\/wp\/v2\/media\/10969"}],"wp:attachment":[{"href":"https:\/\/komeklatam.com\/index.php\/wp-json\/wp\/v2\/media?parent=10968"}],"wp:term":[{"taxonomy":"product_brand","embeddable":true,"href":"https:\/\/komeklatam.com\/index.php\/wp-json\/wp\/v2\/product_brand?post=10968"},{"taxonomy":"product_cat","embeddable":true,"href":"https:\/\/komeklatam.com\/index.php\/wp-json\/wp\/v2\/product_cat?post=10968"},{"taxonomy":"product_tag","embeddable":true,"href":"https:\/\/komeklatam.com\/index.php\/wp-json\/wp\/v2\/product_tag?post=10968"}],"curies":[{"name":"wp","href":"https:\/\/api.w.org\/{rel}","templated":true}]}}