{"id":10974,"date":"2023-08-02T03:37:09","date_gmt":"2023-08-02T03:37:09","guid":{"rendered":"http:\/\/komeklatam.com\/?post_type=product&#038;p=10974"},"modified":"2023-08-02T03:37:09","modified_gmt":"2023-08-02T03:37:09","slug":"retractil-de-seguridad","status":"publish","type":"product","link":"https:\/\/komeklatam.com\/index.php\/producto\/retractil-de-seguridad\/","title":{"rendered":"Retr\u00e1ctil de seguridad"},"content":{"rendered":"<h2>Descripci\u00f3n<\/h2>\n<p>Retr\u00e1ctil de seguridad<br \/>\nSR-701<br \/>\nRef: 163070<\/p>\n<p>CARACTER\u00cdSTICAS<img loading=\"lazy\" decoding=\"async\" class=\"size-medium wp-image-340 aligncenter\" src=\"https:\/\/estradayasociadosglobalservices.com\/wp-content\/uploads\/2022\/03\/Captura2-240x300.jpg\" sizes=\"auto, (max-width: 240px) 100vw, 240px\" srcset=\"https:\/\/estradayasociadosglobalservices.com\/wp-content\/uploads\/2022\/03\/Captura2-240x300.jpg 240w, https:\/\/estradayasociadosglobalservices.com\/wp-content\/uploads\/2022\/03\/Captura2.jpg 312w\" alt=\"Retr\u00e1ctil de seguridad\" width=\"240\" height=\"300\" \/><\/p>\n<p>&nbsp;<\/p>\n<p>EST\u00c1NDARES Y REGULACIONES<\/p>\n<p>&nbsp;<\/p>\n<p>El retr\u00e1ctil est\u00e1 dise\u00f1ado bajo los est\u00e1ndares de las normas:EN 360 ANSI Z359.12-2009 Y ANSI A10.14-1993<\/p>\n","protected":false},"excerpt":{"rendered":"<p>Descripci\u00f3n Retr\u00e1ctil de seguridad SR-701 Ref: 163070 CARACTER\u00cdSTICAS &nbsp; EST\u00c1NDARES Y REGULACIONES &nbsp; El retr\u00e1ctil est\u00e1 dise\u00f1ado bajo los est\u00e1ndares<\/p>\n","protected":false},"featured_media":10975,"comment_status":"open","ping_status":"closed","template":"","meta":{"_joinchat":[]},"product_brand":[],"product_cat":[95,28],"product_tag":[],"class_list":{"0":"post-10974","1":"product","2":"type-product","3":"status-publish","4":"has-post-thumbnail","6":"product_cat-proteccion-caida","7":"product_cat-seguridadindustrial","9":"first","10":"instock","11":"shipping-taxable","12":"product-type-simple"},"ams_default_variation_id":0,"ams_product_points_reward":[],"ams_product_discount_percentage":0,"ams_price_to_display":0,"ams_acf":[],"jetpack_sharing_enabled":true,"_links":{"self":[{"href":"https:\/\/komeklatam.com\/index.php\/wp-json\/wp\/v2\/product\/10974","targetHints":{"allow":["GET"]}}],"collection":[{"href":"https:\/\/komeklatam.com\/index.php\/wp-json\/wp\/v2\/product"}],"about":[{"href":"https:\/\/komeklatam.com\/index.php\/wp-json\/wp\/v2\/types\/product"}],"replies":[{"embeddable":true,"href":"https:\/\/komeklatam.com\/index.php\/wp-json\/wp\/v2\/comments?post=10974"}],"wp:featuredmedia":[{"embeddable":true,"href":"https:\/\/komeklatam.com\/index.php\/wp-json\/wp\/v2\/media\/10975"}],"wp:attachment":[{"href":"https:\/\/komeklatam.com\/index.php\/wp-json\/wp\/v2\/media?parent=10974"}],"wp:term":[{"taxonomy":"product_brand","embeddable":true,"href":"https:\/\/komeklatam.com\/index.php\/wp-json\/wp\/v2\/product_brand?post=10974"},{"taxonomy":"product_cat","embeddable":true,"href":"https:\/\/komeklatam.com\/index.php\/wp-json\/wp\/v2\/product_cat?post=10974"},{"taxonomy":"product_tag","embeddable":true,"href":"https:\/\/komeklatam.com\/index.php\/wp-json\/wp\/v2\/product_tag?post=10974"}],"curies":[{"name":"wp","href":"https:\/\/api.w.org\/{rel}","templated":true}]}}