{"id":10977,"date":"2023-08-02T03:39:38","date_gmt":"2023-08-02T03:39:38","guid":{"rendered":"http:\/\/komeklatam.com\/?post_type=product&#038;p=10977"},"modified":"2023-08-02T03:39:38","modified_gmt":"2023-08-02T03:39:38","slug":"retractil-trust-en-cable","status":"publish","type":"product","link":"https:\/\/komeklatam.com\/index.php\/producto\/retractil-trust-en-cable\/","title":{"rendered":"Retr\u00e1ctil Trust en cable"},"content":{"rendered":"<h2>Descripci\u00f3n<\/h2>\n<p>Retr\u00e1ctil Trust en cable<br \/>\nSR-703<br \/>\nRef: 163085 (10 mts)<\/p>\n<p>CARACTER\u00cdSTICAS<\/p>\n<p><img loading=\"lazy\" decoding=\"async\" class=\"size-medium wp-image-330 aligncenter\" src=\"https:\/\/estradayasociadosglobalservices.com\/wp-content\/uploads\/2022\/03\/Captura-244x300.jpg\" sizes=\"auto, (max-width: 244px) 100vw, 244px\" srcset=\"https:\/\/estradayasociadosglobalservices.com\/wp-content\/uploads\/2022\/03\/Captura-244x300.jpg 244w, https:\/\/estradayasociadosglobalservices.com\/wp-content\/uploads\/2022\/03\/Captura.jpg 320w\" alt=\"Retr\u00e1ctil Trust en cable\" width=\"244\" height=\"300\" \/><\/p>\n<p>&nbsp;<\/p>\n<p>EST\u00c1NDARES Y REGULACIONES<\/p>\n<p>El retr\u00e1ctil est\u00e1 dise\u00f1ado bajo los est\u00e1ndares de las normas: EN 360 ANSI Z359.12-2009 Y ANSI A10.14-1993<\/p>\n","protected":false},"excerpt":{"rendered":"<p>Retr\u00e1ctil Trust en cable\u00a0 (10 mts)<\/p>\n<p>Retr\u00e1ctil de seguridad.Longitud del cable 10 mts. El cable se extiende y se retrae autom\u00e1ticamente ante fuertes movimientos del usuario. La fuerza m\u00e1xima en caso de ca\u00edda es de &lt;6 kN (carga interna sistema de absorci\u00f3n de impactos). El retr\u00e1ctil de seguridad es certificado para uso vertical (norma EN 360) y aplicaciones horizontales.<\/p>\n","protected":false},"featured_media":10978,"comment_status":"open","ping_status":"closed","template":"","meta":{"_joinchat":[]},"product_brand":[],"product_cat":[95,28],"product_tag":[],"class_list":{"0":"post-10977","1":"product","2":"type-product","3":"status-publish","4":"has-post-thumbnail","6":"product_cat-proteccion-caida","7":"product_cat-seguridadindustrial","9":"first","10":"instock","11":"shipping-taxable","12":"product-type-simple"},"ams_default_variation_id":0,"ams_product_points_reward":[],"ams_product_discount_percentage":0,"ams_price_to_display":0,"ams_acf":[],"jetpack_sharing_enabled":true,"_links":{"self":[{"href":"https:\/\/komeklatam.com\/index.php\/wp-json\/wp\/v2\/product\/10977","targetHints":{"allow":["GET"]}}],"collection":[{"href":"https:\/\/komeklatam.com\/index.php\/wp-json\/wp\/v2\/product"}],"about":[{"href":"https:\/\/komeklatam.com\/index.php\/wp-json\/wp\/v2\/types\/product"}],"replies":[{"embeddable":true,"href":"https:\/\/komeklatam.com\/index.php\/wp-json\/wp\/v2\/comments?post=10977"}],"wp:featuredmedia":[{"embeddable":true,"href":"https:\/\/komeklatam.com\/index.php\/wp-json\/wp\/v2\/media\/10978"}],"wp:attachment":[{"href":"https:\/\/komeklatam.com\/index.php\/wp-json\/wp\/v2\/media?parent=10977"}],"wp:term":[{"taxonomy":"product_brand","embeddable":true,"href":"https:\/\/komeklatam.com\/index.php\/wp-json\/wp\/v2\/product_brand?post=10977"},{"taxonomy":"product_cat","embeddable":true,"href":"https:\/\/komeklatam.com\/index.php\/wp-json\/wp\/v2\/product_cat?post=10977"},{"taxonomy":"product_tag","embeddable":true,"href":"https:\/\/komeklatam.com\/index.php\/wp-json\/wp\/v2\/product_tag?post=10977"}],"curies":[{"name":"wp","href":"https:\/\/api.w.org\/{rel}","templated":true}]}}